{"id":8869,"date":"2023-07-14T18:31:09","date_gmt":"2023-07-14T15:31:09","guid":{"rendered":"https:\/\/izeltas.com.tr\/?page_id=8869"},"modified":"2023-08-10T13:48:26","modified_gmt":"2023-08-10T10:48:26","slug":"cerez-aydinlatma-metni","status":"publish","type":"page","link":"https:\/\/izeltas.com.tr\/en\/cerez-aydinlatma-metni\/","title":{"rendered":"\u00c7erez Ayd\u0131nlatma Metni"},"content":{"rendered":"<p class=\"qtranxs-available-languages-message qtranxs-available-languages-message-en\">Sorry, this entry is only available in <a href=\"https:\/\/izeltas.com.tr\/tr\/wp-json\/wp\/v2\/pages\/8869\" class=\"qtranxs-available-language-link qtranxs-available-language-link-tr\" title=\"TR\">TR<\/a>.<\/p><p><strong>\u00a0 \u00c7EREZ AYDINLATMA METN\u0130<\/strong><\/p>\n<p>\u0130\u015f bu Ayd\u0131nlatma Metni, 6698 say\u0131l\u0131 Ki\u015fisel Verilerin Korunmas\u0131 Kanunu\u2019nun (\u201cKVKK\u201d veya<br \/>\n\u201cKanun\u201d) 10\u2019uncu maddesi ile Ayd\u0131nlatma Y\u00fck\u00fcml\u00fcl\u00fc\u011f\u00fcn\u00fcn Yerine Getirilmesinde Uyulacak Usul<br \/>\nve Esaslar Hakk\u0131nda Tebli\u011f kapsam\u0131nda veri sorumlusu s\u0131fat\u0131yla \u0130zelta\u015f \u0130zmir El Aletleri Sanayi ve<br \/>\nTicaret Anonim \u015eirketi (\u201c\u0130zelta\u015f\u201d veya \u201c\u015eirket\u201d) taraf\u0131ndan haz\u0131rlanm\u0131\u015ft\u0131r.<br \/>\nBu \u00c7erez Ayd\u0131nlatma Metni\u2019nin amac\u0131, internet sitemizde kullan\u0131lan \u00e7erezlerin cihaz\u0131n\u0131za<br \/>\nyerle\u015ftirilmesi arac\u0131l\u0131\u011f\u0131yla otomatik yolla elde edilen ki\u015fisel verilerin i\u015flenmesine ili\u015fkin olarak,<br \/>\nhangi ama\u00e7larla hangi t\u00fcr \u00e7erezleri kulland\u0131\u011f\u0131m\u0131z, hukuki sebebi ve haklar\u0131n\u0131z hakk\u0131nda sizlere<br \/>\nbilgi vermektir.<br \/>\n\u0130nternet sitemizde yaln\u0131zca hizmetin sa\u011flanmas\u0131 i\u00e7in kesinlikle gerekli olarak birinci taraf<br \/>\noturum ve kal\u0131c\u0131 \u00e7erezler kullan\u0131lmaktad\u0131r.<\/p>\n<p><strong>1-) \u00c7EREZ \u00c7E\u015e\u0130TLER\u0130<\/strong><br \/>\nKullan\u0131m s\u00fcresine g\u00f6re \u00e7erez \u00e7e\u015fitleri: Oturum \u00e7erezi, oturumun s\u00fcreklili\u011finin sa\u011flanmas\u0131<br \/>\namac\u0131yla kullan\u0131lmakta olup kullan\u0131c\u0131 taray\u0131c\u0131s\u0131n\u0131 kapatt\u0131\u011f\u0131nda bu \u00e7erezler de silinmektedir. Kal\u0131c\u0131<br \/>\n\u00e7erez ise internet taray\u0131c\u0131s\u0131 kapat\u0131ld\u0131\u011f\u0131 zaman silinmemekte ve belirli bir tarihte veya belirli bir<br \/>\ns\u00fcre sonra kendili\u011finden silinmektedir. Bu \u00e7er\u00e7evede, internet sitemizde kullan\u0131m s\u00fcrelerine g\u00f6re<br \/>\noturum ve kal\u0131c\u0131 \u00e7erezler kullan\u0131lmaktad\u0131r.<br \/>\nBirinci taraf ve \u00fc\u00e7\u00fcnc\u00fc taraf \u00e7erezler: Birinci taraf \u00e7erezler, do\u011frudan kullan\u0131c\u0131n\u0131n ziyaret etti\u011fi<br \/>\ninternet sitesi yani taray\u0131c\u0131n\u0131n adres \u00e7ubu\u011funda g\u00f6sterilen adres taraf\u0131ndan yerle\u015ftirilmektedir.<br \/>\n\u00dc\u00e7\u00fcnc\u00fc taraf \u00e7erezlerse, kullan\u0131c\u0131n\u0131n ziyaret etti\u011fi adres d\u0131\u015f\u0131nda farkl\u0131 bir etki alan\u0131 taraf\u0131ndan<br \/>\nyerle\u015ftirilmektedir. Bu \u00e7er\u00e7evede, internet sitemizde yaln\u0131zca birinci taraf \u00e7erez kullan\u0131lmaktad\u0131r.<br \/>\nKullan\u0131m ama\u00e7lar\u0131na g\u00f6re \u00e7erez \u00e7e\u015fitleri: \u00c7erezler kullan\u0131m ama\u00e7lar\u0131na g\u00f6re kesinlikle<br \/>\ngerekli, i\u015flevsel veya reklam\/pazarlama gibi ama\u00e7larla kullan\u0131labilmektedir. Bu<br \/>\n\u00e7er\u00e7evede, internet sitemizde a\u00e7\u0131k\u00e7a talep etmi\u015f oldu\u011funuz bilgi toplum hizmetlerinin<br \/>\nsunulabilmesi i\u00e7in kesinlikle gerekli \u00e7erezler kullan\u0131lmaktad\u0131r. Bu kapsamda,<br \/>\nA) \u0130nternet sayfas\u0131nda internet sayfas\u0131na, sonradan gelen isteklerin g\u00fcvenilir olup<br \/>\nolmad\u0131\u011f\u0131n\u0131 anlamak amac\u0131yla cookiesession1 isimli birinci taraf kal\u0131c\u0131 \u00e7erezini (bir y\u0131l<br \/>\nsaklanmaktad\u0131r),<br \/>\nB) Ziyaret\u00e7ilerin web sayfas\u0131n\u0131 hangi dilde g\u00f6r\u00fcnt\u00fcledi\u011fi tespit edebilmek amac\u0131yla<br \/>\nASP.NET_SessionId isimli birinci taraf oturum \u00e7erezini,<br \/>\nC) \u00c7erez ayd\u0131nlatma metninin okundu\u011funun teyidi amac\u0131yla cookiepolicy_status isimli<br \/>\nbirinci taraf kal\u0131c\u0131 \u00e7erezini (bir y\u0131l saklanmaktad\u0131r.)<br \/>\nIP bilgilerinizle ili\u015fkilendirmek suretiyle ki\u015fisel verileriniz i\u015flenmektedir. \u0130\u015fbu<br \/>\nAyd\u0131nlatma Metni\u2019nde yer alan ki\u015fisel verileriniz sadece yukar\u0131da belirtilen \u0130\u015ftirak\/Ba\u011fl\u0131<br \/>\nOrtakl\u0131klara aktar\u0131lmakta olup bunun d\u0131\u015f\u0131nda ba\u015fka bir yere aktar\u0131lmamaktad\u0131r.<br \/>\nS\u00f6z konusu \u00e7erezler yoluyla ki\u015fisel verilerin i\u015flenmesinde 6698 say\u0131l\u0131 Ki\u015fisel Verilerin Korunmas\u0131<br \/>\nKanunu\u2019nun 5\u2019inci maddesinin ikinci f\u0131kras\u0131n\u0131n (f) bendi uyar\u0131nca \u201c\u0130lgili ki\u015finin temel hak ve<br \/>\n2<br \/>\n\u00f6zg\u00fcrl\u00fcklerine zarar vermemek kayd\u0131yla veri sorumlusunun me\u015fru menfaatleri i\u00e7in veri<br \/>\ni\u015flenmesinin zorunlu olmas\u0131\u201d i\u015fleme \u015fart\u0131na dayan\u0131lmaktad\u0131r.<br \/>\n6698 say\u0131l\u0131 Kanun\u2019un \u201cilgili ki\u015finin haklar\u0131n\u0131 d\u00fczenleyen\u201d 11\u2019inci maddesi kapsam\u0131ndaki<br \/>\ntaleplerinizi, www.izeltas.com.tr web sitesinde yer alan ba\u015fvuru formu \u00fczerinden Veri<br \/>\nSorumlusuna Ba\u015fvuru Usul ve Esaslar\u0131 Hakk\u0131nda Tebli\u011f\u2019e g\u00f6re \u0130zelta\u015f \u0130zmir El Aletleri Sanayi ve<br \/>\nTicaret Anonim \u015eirketi\u2019ne iletebilirsiniz.<br \/>\n\u015e\u0130RKET \u0130LET\u0130\u015e\u0130M B\u0130LG\u0130LER\u0130: \u0130zelta\u015f \u0130zmir El Aletleri Sanayi ve Ticaret Anonim \u015eirketi<br \/>\nAdres: Kemalpa\u015fa Caddesi No:303 I\u015f\u0131kkent Bornova\/\u0130zmir<br \/>\nMersis No: 0483003878500039 | Vergi Dairesi\/No: Hasan Tahsin Vergi Dairesi \/ 4830038785<br \/>\nTelefon: +90 232 472 13 75 | E-posta: kvkk@izeltas.com.tr<br \/>\nPTT KEP: izeltas@hs01.kep.tr<\/p>","protected":false},"excerpt":{"rendered":"<p>Sorry, this entry is only available in TR.\u00a0 \u00c7EREZ AYDINLATMA METN\u0130 \u0130\u015f bu Ayd\u0131nlatma Metni, 6698 say\u0131l\u0131 Ki\u015fisel Verilerin Korunmas\u0131 Kanunu\u2019nun (\u201cKVKK\u201d veya \u201cKanun\u201d) 10\u2019uncu maddesi ile Ayd\u0131nlatma Y\u00fck\u00fcml\u00fcl\u00fc\u011f\u00fcn\u00fcn Yerine Getirilmesinde Uyulacak Usul ve Esaslar Hakk\u0131nda Tebli\u011f kapsam\u0131nda veri sorumlusu s\u0131fat\u0131yla \u0130zelta\u015f \u0130zmir El Aletleri Sanayi ve Ticaret Anonim \u015eirketi (\u201c\u0130zelta\u015f\u201d veya \u201c\u015eirket\u201d) taraf\u0131ndan haz\u0131rlanm\u0131\u015ft\u0131r. [&hellip;]<\/p>\n","protected":false},"author":5,"featured_media":0,"parent":0,"menu_order":0,"comment_status":"closed","ping_status":"closed","template":"","meta":{"_acf_changed":false,"footnotes":""},"class_list":["post-8869","page","type-page","status-publish","hentry"],"acf":[],"yoast_head":"<!-- This site is optimized with the Yoast SEO plugin v25.3 - https:\/\/yoast.com\/wordpress\/plugins\/seo\/ -->\n<title><\/title>\n<meta name=\"robots\" content=\"index, follow, max-snippet:-1, max-image-preview:large, max-video-preview:-1\" \/>\n<link rel=\"canonical\" href=\"https:\/\/izeltas.com.tr\/cerez-aydinlatma-metni\/\" \/>\n<meta property=\"og:locale\" content=\"en_US\" \/>\n<meta property=\"og:type\" content=\"article\" \/>\n<meta property=\"og:title\" content=\"[:tr]\u00c7erez Ayd\u0131nlatma Metni[:] - \u0130ZELTA\u015e\" \/>\n<meta property=\"og:description\" content=\"Sorry, this entry is only available in TR.\u00a0 \u00c7EREZ AYDINLATMA METN\u0130 \u0130\u015f bu Ayd\u0131nlatma Metni, 6698 say\u0131l\u0131 Ki\u015fisel Verilerin Korunmas\u0131 Kanunu\u2019nun (\u201cKVKK\u201d veya \u201cKanun\u201d) 10\u2019uncu maddesi ile Ayd\u0131nlatma Y\u00fck\u00fcml\u00fcl\u00fc\u011f\u00fcn\u00fcn Yerine Getirilmesinde Uyulacak Usul ve Esaslar Hakk\u0131nda Tebli\u011f kapsam\u0131nda veri sorumlusu s\u0131fat\u0131yla \u0130zelta\u015f \u0130zmir El Aletleri Sanayi ve Ticaret Anonim \u015eirketi (\u201c\u0130zelta\u015f\u201d veya \u201c\u015eirket\u201d) taraf\u0131ndan haz\u0131rlanm\u0131\u015ft\u0131r. [&hellip;]\" \/>\n<meta property=\"og:url\" content=\"https:\/\/izeltas.com.tr\/cerez-aydinlatma-metni\/\" \/>\n<meta property=\"og:site_name\" content=\"\u0130ZELTA\u015e\" \/>\n<meta property=\"article:modified_time\" content=\"2023-08-10T10:48:26+00:00\" \/>\n<meta name=\"twitter:card\" content=\"summary_large_image\" \/>\n<meta name=\"twitter:label1\" content=\"Est. reading time\" \/>\n\t<meta name=\"twitter:data1\" content=\"3 minutes\" \/>\n<script type=\"application\/ld+json\" class=\"yoast-schema-graph\">{\"@context\":\"https:\/\/schema.org\",\"@graph\":[{\"@type\":\"WebPage\",\"@id\":\"https:\/\/izeltas.com.tr\/cerez-aydinlatma-metni\/\",\"url\":\"https:\/\/izeltas.com.tr\/cerez-aydinlatma-metni\/\",\"name\":\"[:tr]\u00c7erez Ayd\u0131nlatma Metni[:] - \u0130ZELTA\u015e\",\"isPartOf\":{\"@id\":\"https:\/\/izeltas.com.tr\/#website\"},\"datePublished\":\"2023-07-14T15:31:09+00:00\",\"dateModified\":\"2023-08-10T10:48:26+00:00\",\"breadcrumb\":{\"@id\":\"https:\/\/izeltas.com.tr\/cerez-aydinlatma-metni\/#breadcrumb\"},\"inLanguage\":\"en-US\",\"potentialAction\":[{\"@type\":\"ReadAction\",\"target\":[\"https:\/\/izeltas.com.tr\/cerez-aydinlatma-metni\/\"]}]},{\"@type\":\"BreadcrumbList\",\"@id\":\"https:\/\/izeltas.com.tr\/cerez-aydinlatma-metni\/#breadcrumb\",\"itemListElement\":[{\"@type\":\"ListItem\",\"position\":1,\"name\":\"Anasayfa\",\"item\":\"https:\/\/izeltas.com.tr\/\"},{\"@type\":\"ListItem\",\"position\":2,\"name\":\"\u00c7erez Ayd\u0131nlatma Metni\"}]},{\"@type\":\"WebSite\",\"@id\":\"https:\/\/izeltas.com.tr\/#website\",\"url\":\"https:\/\/izeltas.com.tr\/\",\"name\":\"\u0130ZELTA\u015e\",\"description\":\"\u0130ZM\u0130R EL ALETLER\u0130 SANAY\u0130 VE T\u0130CARET A\u015e\",\"publisher\":{\"@id\":\"https:\/\/izeltas.com.tr\/#organization\"},\"potentialAction\":[{\"@type\":\"SearchAction\",\"target\":{\"@type\":\"EntryPoint\",\"urlTemplate\":\"https:\/\/izeltas.com.tr\/?s={search_term_string}\"},\"query-input\":{\"@type\":\"PropertyValueSpecification\",\"valueRequired\":true,\"valueName\":\"search_term_string\"}}],\"inLanguage\":\"en-US\"},{\"@type\":\"Organization\",\"@id\":\"https:\/\/izeltas.com.tr\/#organization\",\"name\":\"\u0130ZELTA\u015e\",\"url\":\"https:\/\/izeltas.com.tr\/\",\"logo\":{\"@type\":\"ImageObject\",\"inLanguage\":\"en-US\",\"@id\":\"https:\/\/izeltas.com.tr\/#\/schema\/logo\/image\/\",\"url\":\"https:\/\/izeltas.com.tr\/wp-content\/uploads\/2020\/12\/izeltas-logo.svg\",\"contentUrl\":\"https:\/\/izeltas.com.tr\/wp-content\/uploads\/2020\/12\/izeltas-logo.svg\",\"width\":1,\"height\":1,\"caption\":\"\u0130ZELTA\u015e\"},\"image\":{\"@id\":\"https:\/\/izeltas.com.tr\/#\/schema\/logo\/image\/\"}}]}<\/script>\n<!-- \/ Yoast SEO plugin. -->","yoast_head_json":{"title":"[:tr]\u00c7erez Ayd\u0131nlatma Metni[:] - \u0130ZELTA\u015e","robots":{"index":"index","follow":"follow","max-snippet":"max-snippet:-1","max-image-preview":"max-image-preview:large","max-video-preview":"max-video-preview:-1"},"canonical":"https:\/\/izeltas.com.tr\/cerez-aydinlatma-metni\/","og_locale":"en_US","og_type":"article","og_title":"[:tr]\u00c7erez Ayd\u0131nlatma Metni[:] - \u0130ZELTA\u015e","og_description":"Sorry, this entry is only available in TR.\u00a0 \u00c7EREZ AYDINLATMA METN\u0130 \u0130\u015f bu Ayd\u0131nlatma Metni, 6698 say\u0131l\u0131 Ki\u015fisel Verilerin Korunmas\u0131 Kanunu\u2019nun (\u201cKVKK\u201d veya \u201cKanun\u201d) 10\u2019uncu maddesi ile Ayd\u0131nlatma Y\u00fck\u00fcml\u00fcl\u00fc\u011f\u00fcn\u00fcn Yerine Getirilmesinde Uyulacak Usul ve Esaslar Hakk\u0131nda Tebli\u011f kapsam\u0131nda veri sorumlusu s\u0131fat\u0131yla \u0130zelta\u015f \u0130zmir El Aletleri Sanayi ve Ticaret Anonim \u015eirketi (\u201c\u0130zelta\u015f\u201d veya \u201c\u015eirket\u201d) taraf\u0131ndan haz\u0131rlanm\u0131\u015ft\u0131r. [&hellip;]","og_url":"https:\/\/izeltas.com.tr\/cerez-aydinlatma-metni\/","og_site_name":"\u0130ZELTA\u015e","article_modified_time":"2023-08-10T10:48:26+00:00","twitter_card":"summary_large_image","twitter_misc":{"Est. reading time":"3 minutes"},"schema":{"@context":"https:\/\/schema.org","@graph":[{"@type":"WebPage","@id":"https:\/\/izeltas.com.tr\/cerez-aydinlatma-metni\/","url":"https:\/\/izeltas.com.tr\/cerez-aydinlatma-metni\/","name":"[:tr]\u00c7erez Ayd\u0131nlatma Metni[:] - \u0130ZELTA\u015e","isPartOf":{"@id":"https:\/\/izeltas.com.tr\/#website"},"datePublished":"2023-07-14T15:31:09+00:00","dateModified":"2023-08-10T10:48:26+00:00","breadcrumb":{"@id":"https:\/\/izeltas.com.tr\/cerez-aydinlatma-metni\/#breadcrumb"},"inLanguage":"en-US","potentialAction":[{"@type":"ReadAction","target":["https:\/\/izeltas.com.tr\/cerez-aydinlatma-metni\/"]}]},{"@type":"BreadcrumbList","@id":"https:\/\/izeltas.com.tr\/cerez-aydinlatma-metni\/#breadcrumb","itemListElement":[{"@type":"ListItem","position":1,"name":"Anasayfa","item":"https:\/\/izeltas.com.tr\/"},{"@type":"ListItem","position":2,"name":"\u00c7erez Ayd\u0131nlatma Metni"}]},{"@type":"WebSite","@id":"https:\/\/izeltas.com.tr\/#website","url":"https:\/\/izeltas.com.tr\/","name":"\u0130ZELTA\u015e","description":"\u0130ZM\u0130R EL ALETLER\u0130 SANAY\u0130 VE T\u0130CARET A\u015e","publisher":{"@id":"https:\/\/izeltas.com.tr\/#organization"},"potentialAction":[{"@type":"SearchAction","target":{"@type":"EntryPoint","urlTemplate":"https:\/\/izeltas.com.tr\/?s={search_term_string}"},"query-input":{"@type":"PropertyValueSpecification","valueRequired":true,"valueName":"search_term_string"}}],"inLanguage":"en-US"},{"@type":"Organization","@id":"https:\/\/izeltas.com.tr\/#organization","name":"\u0130ZELTA\u015e","url":"https:\/\/izeltas.com.tr\/","logo":{"@type":"ImageObject","inLanguage":"en-US","@id":"https:\/\/izeltas.com.tr\/#\/schema\/logo\/image\/","url":"https:\/\/izeltas.com.tr\/wp-content\/uploads\/2020\/12\/izeltas-logo.svg","contentUrl":"https:\/\/izeltas.com.tr\/wp-content\/uploads\/2020\/12\/izeltas-logo.svg","width":1,"height":1,"caption":"\u0130ZELTA\u015e"},"image":{"@id":"https:\/\/izeltas.com.tr\/#\/schema\/logo\/image\/"}}]}},"_links":{"self":[{"href":"https:\/\/izeltas.com.tr\/en\/wp-json\/wp\/v2\/pages\/8869","targetHints":{"allow":["GET"]}}],"collection":[{"href":"https:\/\/izeltas.com.tr\/en\/wp-json\/wp\/v2\/pages"}],"about":[{"href":"https:\/\/izeltas.com.tr\/en\/wp-json\/wp\/v2\/types\/page"}],"author":[{"embeddable":true,"href":"https:\/\/izeltas.com.tr\/en\/wp-json\/wp\/v2\/users\/5"}],"replies":[{"embeddable":true,"href":"https:\/\/izeltas.com.tr\/en\/wp-json\/wp\/v2\/comments?post=8869"}],"version-history":[{"count":0,"href":"https:\/\/izeltas.com.tr\/en\/wp-json\/wp\/v2\/pages\/8869\/revisions"}],"wp:attachment":[{"href":"https:\/\/izeltas.com.tr\/en\/wp-json\/wp\/v2\/media?parent=8869"}],"curies":[{"name":"wp","href":"https:\/\/api.w.org\/{rel}","templated":true}]}}