{"id":7775,"date":"2023-03-29T15:23:07","date_gmt":"2023-03-29T12:23:07","guid":{"rendered":"https:\/\/izeltas.com.tr\/?page_id=7775"},"modified":"2023-03-29T17:21:46","modified_gmt":"2023-03-29T14:21:46","slug":"kadir-has-universitesi-yep-teknohub-2","status":"publish","type":"page","link":"https:\/\/izeltas.com.tr\/en\/kadir-has-universitesi-yep-teknohub-2\/","title":{"rendered":"Kadir Has Un\u0131versity YEP TeknoHub"},"content":{"rendered":"<p><\/p>\n<p id=\"tw-target-text\" class=\"tw-data-text tw-text-large tw-ta\" dir=\"ltr\" data-placeholder=\"\u00c7eviri\"><span class=\"Y2IQFc\" lang=\"en\">We have been supporting the YEP for 2 years, which reveals and develops the creativity potential of university students and directs them to the relevant social, scientific, cultural and economic networks for creative ideas they want to bring to life.<\/span><\/p>\n<p><img decoding=\"async\" class=\"wp-image-7780 aligncenter\" src=\"https:\/\/izeltas.com.tr\/wp-content\/uploads\/2023\/03\/Ekran-Resmi-2023-03-29-15.21.09-1.png\" alt=\"\" width=\"699\" height=\"210\" srcset=\"https:\/\/izeltas.com.tr\/wp-content\/uploads\/2023\/03\/Ekran-Resmi-2023-03-29-15.21.09-1.png 906w, https:\/\/izeltas.com.tr\/wp-content\/uploads\/2023\/03\/Ekran-Resmi-2023-03-29-15.21.09-1-768x231.png 768w\" sizes=\"(max-width: 699px) 100vw, 699px\" \/><\/p>","protected":false},"excerpt":{"rendered":"<p>We have been supporting the YEP for 2 years, which reveals and develops the creativity potential of university students and directs them to the relevant social, scientific, cultural and economic networks for creative ideas they want to bring to life.<\/p>\n","protected":false},"author":5,"featured_media":0,"parent":0,"menu_order":0,"comment_status":"closed","ping_status":"closed","template":"","meta":{"_acf_changed":false,"footnotes":""},"class_list":["post-7775","page","type-page","status-publish","hentry"],"acf":[],"yoast_head":"<!-- This site is optimized with the Yoast SEO plugin v25.3 - https:\/\/yoast.com\/wordpress\/plugins\/seo\/ -->\n<title>Kadir Has Un\u0131versity YEP TeknoHub - \u0130ZELTA\u015e<\/title>\n<meta name=\"robots\" content=\"index, follow, max-snippet:-1, max-image-preview:large, max-video-preview:-1\" \/>\n<link rel=\"canonical\" href=\"https:\/\/izeltas.com.tr\/kadir-has-universitesi-yep-teknohub-2\/\" \/>\n<meta property=\"og:locale\" content=\"en_US\" \/>\n<meta property=\"og:type\" content=\"article\" \/>\n<meta property=\"og:title\" content=\"[:tr]Kadir Has \u00dcniversitesi YEP TeknoHub[:en]Kadir Has Un\u0131versity YEP TeknoHub[:] - \u0130ZELTA\u015e\" \/>\n<meta property=\"og:description\" content=\"We have been supporting the YEP for 2 years, which reveals and develops the creativity potential of university students and directs them to the relevant social, scientific, cultural and economic networks for creative ideas they want to bring to life.\" \/>\n<meta property=\"og:url\" content=\"https:\/\/izeltas.com.tr\/kadir-has-universitesi-yep-teknohub-2\/\" \/>\n<meta property=\"og:site_name\" content=\"\u0130ZELTA\u015e\" \/>\n<meta property=\"article:modified_time\" content=\"2023-03-29T14:21:46+00:00\" \/>\n<meta property=\"og:image\" content=\"https:\/\/izeltas.com.tr\/wp-content\/uploads\/2023\/03\/Ekran-Resmi-2023-03-29-15.21.09-1.png\" \/>\n<meta name=\"twitter:card\" content=\"summary_large_image\" \/>\n<script type=\"application\/ld+json\" class=\"yoast-schema-graph\">{\"@context\":\"https:\/\/schema.org\",\"@graph\":[{\"@type\":\"WebPage\",\"@id\":\"https:\/\/izeltas.com.tr\/kadir-has-universitesi-yep-teknohub-2\/\",\"url\":\"https:\/\/izeltas.com.tr\/kadir-has-universitesi-yep-teknohub-2\/\",\"name\":\"[:tr]Kadir Has \u00dcniversitesi YEP TeknoHub[:en]Kadir Has Un\u0131versity YEP TeknoHub[:] - \u0130ZELTA\u015e\",\"isPartOf\":{\"@id\":\"https:\/\/izeltas.com.tr\/#website\"},\"primaryImageOfPage\":{\"@id\":\"https:\/\/izeltas.com.tr\/kadir-has-universitesi-yep-teknohub-2\/#primaryimage\"},\"image\":{\"@id\":\"https:\/\/izeltas.com.tr\/kadir-has-universitesi-yep-teknohub-2\/#primaryimage\"},\"thumbnailUrl\":\"https:\/\/izeltas.com.tr\/wp-content\/uploads\/2023\/03\/Ekran-Resmi-2023-03-29-15.21.09-1.png\",\"datePublished\":\"2023-03-29T12:23:07+00:00\",\"dateModified\":\"2023-03-29T14:21:46+00:00\",\"breadcrumb\":{\"@id\":\"https:\/\/izeltas.com.tr\/kadir-has-universitesi-yep-teknohub-2\/#breadcrumb\"},\"inLanguage\":\"en-US\",\"potentialAction\":[{\"@type\":\"ReadAction\",\"target\":[\"https:\/\/izeltas.com.tr\/kadir-has-universitesi-yep-teknohub-2\/\"]}]},{\"@type\":\"ImageObject\",\"inLanguage\":\"en-US\",\"@id\":\"https:\/\/izeltas.com.tr\/kadir-has-universitesi-yep-teknohub-2\/#primaryimage\",\"url\":\"https:\/\/izeltas.com.tr\/wp-content\/uploads\/2023\/03\/Ekran-Resmi-2023-03-29-15.21.09-1.png\",\"contentUrl\":\"https:\/\/izeltas.com.tr\/wp-content\/uploads\/2023\/03\/Ekran-Resmi-2023-03-29-15.21.09-1.png\"},{\"@type\":\"BreadcrumbList\",\"@id\":\"https:\/\/izeltas.com.tr\/kadir-has-universitesi-yep-teknohub-2\/#breadcrumb\",\"itemListElement\":[{\"@type\":\"ListItem\",\"position\":1,\"name\":\"Anasayfa\",\"item\":\"https:\/\/izeltas.com.tr\/\"},{\"@type\":\"ListItem\",\"position\":2,\"name\":\"Kadir Has \u00dcniversitesi YEP TeknoHub\"}]},{\"@type\":\"WebSite\",\"@id\":\"https:\/\/izeltas.com.tr\/#website\",\"url\":\"https:\/\/izeltas.com.tr\/\",\"name\":\"\u0130ZELTA\u015e\",\"description\":\"\u0130ZM\u0130R EL ALETLER\u0130 SANAY\u0130 VE T\u0130CARET A\u015e\",\"publisher\":{\"@id\":\"https:\/\/izeltas.com.tr\/#organization\"},\"potentialAction\":[{\"@type\":\"SearchAction\",\"target\":{\"@type\":\"EntryPoint\",\"urlTemplate\":\"https:\/\/izeltas.com.tr\/?s={search_term_string}\"},\"query-input\":{\"@type\":\"PropertyValueSpecification\",\"valueRequired\":true,\"valueName\":\"search_term_string\"}}],\"inLanguage\":\"en-US\"},{\"@type\":\"Organization\",\"@id\":\"https:\/\/izeltas.com.tr\/#organization\",\"name\":\"\u0130ZELTA\u015e\",\"url\":\"https:\/\/izeltas.com.tr\/\",\"logo\":{\"@type\":\"ImageObject\",\"inLanguage\":\"en-US\",\"@id\":\"https:\/\/izeltas.com.tr\/#\/schema\/logo\/image\/\",\"url\":\"https:\/\/izeltas.com.tr\/wp-content\/uploads\/2020\/12\/izeltas-logo.svg\",\"contentUrl\":\"https:\/\/izeltas.com.tr\/wp-content\/uploads\/2020\/12\/izeltas-logo.svg\",\"width\":1,\"height\":1,\"caption\":\"\u0130ZELTA\u015e\"},\"image\":{\"@id\":\"https:\/\/izeltas.com.tr\/#\/schema\/logo\/image\/\"}}]}<\/script>\n<!-- \/ Yoast SEO plugin. -->","yoast_head_json":{"title":"[:tr]Kadir Has \u00dcniversitesi YEP TeknoHub[:en]Kadir Has Un\u0131versity YEP TeknoHub[:] - \u0130ZELTA\u015e","robots":{"index":"index","follow":"follow","max-snippet":"max-snippet:-1","max-image-preview":"max-image-preview:large","max-video-preview":"max-video-preview:-1"},"canonical":"https:\/\/izeltas.com.tr\/kadir-has-universitesi-yep-teknohub-2\/","og_locale":"en_US","og_type":"article","og_title":"[:tr]Kadir Has \u00dcniversitesi YEP TeknoHub[:en]Kadir Has Un\u0131versity YEP TeknoHub[:] - \u0130ZELTA\u015e","og_description":"We have been supporting the YEP for 2 years, which reveals and develops the creativity potential of university students and directs them to the relevant social, scientific, cultural and economic networks for creative ideas they want to bring to life.","og_url":"https:\/\/izeltas.com.tr\/kadir-has-universitesi-yep-teknohub-2\/","og_site_name":"\u0130ZELTA\u015e","article_modified_time":"2023-03-29T14:21:46+00:00","og_image":[{"url":"https:\/\/izeltas.com.tr\/wp-content\/uploads\/2023\/03\/Ekran-Resmi-2023-03-29-15.21.09-1.png","type":"","width":"","height":""}],"twitter_card":"summary_large_image","schema":{"@context":"https:\/\/schema.org","@graph":[{"@type":"WebPage","@id":"https:\/\/izeltas.com.tr\/kadir-has-universitesi-yep-teknohub-2\/","url":"https:\/\/izeltas.com.tr\/kadir-has-universitesi-yep-teknohub-2\/","name":"[:tr]Kadir Has \u00dcniversitesi YEP TeknoHub[:en]Kadir Has Un\u0131versity YEP TeknoHub[:] - \u0130ZELTA\u015e","isPartOf":{"@id":"https:\/\/izeltas.com.tr\/#website"},"primaryImageOfPage":{"@id":"https:\/\/izeltas.com.tr\/kadir-has-universitesi-yep-teknohub-2\/#primaryimage"},"image":{"@id":"https:\/\/izeltas.com.tr\/kadir-has-universitesi-yep-teknohub-2\/#primaryimage"},"thumbnailUrl":"https:\/\/izeltas.com.tr\/wp-content\/uploads\/2023\/03\/Ekran-Resmi-2023-03-29-15.21.09-1.png","datePublished":"2023-03-29T12:23:07+00:00","dateModified":"2023-03-29T14:21:46+00:00","breadcrumb":{"@id":"https:\/\/izeltas.com.tr\/kadir-has-universitesi-yep-teknohub-2\/#breadcrumb"},"inLanguage":"en-US","potentialAction":[{"@type":"ReadAction","target":["https:\/\/izeltas.com.tr\/kadir-has-universitesi-yep-teknohub-2\/"]}]},{"@type":"ImageObject","inLanguage":"en-US","@id":"https:\/\/izeltas.com.tr\/kadir-has-universitesi-yep-teknohub-2\/#primaryimage","url":"https:\/\/izeltas.com.tr\/wp-content\/uploads\/2023\/03\/Ekran-Resmi-2023-03-29-15.21.09-1.png","contentUrl":"https:\/\/izeltas.com.tr\/wp-content\/uploads\/2023\/03\/Ekran-Resmi-2023-03-29-15.21.09-1.png"},{"@type":"BreadcrumbList","@id":"https:\/\/izeltas.com.tr\/kadir-has-universitesi-yep-teknohub-2\/#breadcrumb","itemListElement":[{"@type":"ListItem","position":1,"name":"Anasayfa","item":"https:\/\/izeltas.com.tr\/"},{"@type":"ListItem","position":2,"name":"Kadir Has \u00dcniversitesi YEP TeknoHub"}]},{"@type":"WebSite","@id":"https:\/\/izeltas.com.tr\/#website","url":"https:\/\/izeltas.com.tr\/","name":"\u0130ZELTA\u015e","description":"\u0130ZM\u0130R EL ALETLER\u0130 SANAY\u0130 VE T\u0130CARET A\u015e","publisher":{"@id":"https:\/\/izeltas.com.tr\/#organization"},"potentialAction":[{"@type":"SearchAction","target":{"@type":"EntryPoint","urlTemplate":"https:\/\/izeltas.com.tr\/?s={search_term_string}"},"query-input":{"@type":"PropertyValueSpecification","valueRequired":true,"valueName":"search_term_string"}}],"inLanguage":"en-US"},{"@type":"Organization","@id":"https:\/\/izeltas.com.tr\/#organization","name":"\u0130ZELTA\u015e","url":"https:\/\/izeltas.com.tr\/","logo":{"@type":"ImageObject","inLanguage":"en-US","@id":"https:\/\/izeltas.com.tr\/#\/schema\/logo\/image\/","url":"https:\/\/izeltas.com.tr\/wp-content\/uploads\/2020\/12\/izeltas-logo.svg","contentUrl":"https:\/\/izeltas.com.tr\/wp-content\/uploads\/2020\/12\/izeltas-logo.svg","width":1,"height":1,"caption":"\u0130ZELTA\u015e"},"image":{"@id":"https:\/\/izeltas.com.tr\/#\/schema\/logo\/image\/"}}]}},"_links":{"self":[{"href":"https:\/\/izeltas.com.tr\/en\/wp-json\/wp\/v2\/pages\/7775","targetHints":{"allow":["GET"]}}],"collection":[{"href":"https:\/\/izeltas.com.tr\/en\/wp-json\/wp\/v2\/pages"}],"about":[{"href":"https:\/\/izeltas.com.tr\/en\/wp-json\/wp\/v2\/types\/page"}],"author":[{"embeddable":true,"href":"https:\/\/izeltas.com.tr\/en\/wp-json\/wp\/v2\/users\/5"}],"replies":[{"embeddable":true,"href":"https:\/\/izeltas.com.tr\/en\/wp-json\/wp\/v2\/comments?post=7775"}],"version-history":[{"count":0,"href":"https:\/\/izeltas.com.tr\/en\/wp-json\/wp\/v2\/pages\/7775\/revisions"}],"wp:attachment":[{"href":"https:\/\/izeltas.com.tr\/en\/wp-json\/wp\/v2\/media?parent=7775"}],"curies":[{"name":"wp","href":"https:\/\/api.w.org\/{rel}","templated":true}]}}