{"id":7772,"date":"2023-03-29T15:17:42","date_gmt":"2023-03-29T12:17:42","guid":{"rendered":"https:\/\/izeltas.com.tr\/?page_id=7772"},"modified":"2023-03-29T17:20:30","modified_gmt":"2023-03-29T14:20:30","slug":"izmir-ekonomi-universitesi-fsae-formula-student-society-of-automative-engineers-2","status":"publish","type":"page","link":"https:\/\/izeltas.com.tr\/en\/izmir-ekonomi-universitesi-fsae-formula-student-society-of-automative-engineers-2\/","title":{"rendered":"\u0130zmir Ekonomi Un\u0131versity FSAE ( Formula Student Society of Automative Engineers)"},"content":{"rendered":"<p><\/p>\n<p id=\"tw-target-text\" class=\"tw-data-text tw-text-large tw-ta\" dir=\"ltr\" data-placeholder=\"\u00c7eviri\"><span class=\"Y2IQFc\" lang=\"en\">Based on the leadership of the FSAE team established this year by Izmir University of Economics, one of the best quality schools in Izmir, we will be proud to be with you until the days when it will achieve great success.<\/span><\/p>\n<p><img decoding=\"async\" class=\"wp-image-7773 aligncenter\" src=\"https:\/\/izeltas.com.tr\/wp-content\/uploads\/2023\/03\/WhatsApp-Image-2023-03-29-at-14.41.32-1.jpeg\" alt=\"\" width=\"324\" height=\"322\" \/><\/p>","protected":false},"excerpt":{"rendered":"<p>Based on the leadership of the FSAE team established this year by Izmir University of Economics, one of the best quality schools in Izmir, we will be proud to be with you until the days when it will achieve great success.<\/p>\n","protected":false},"author":5,"featured_media":0,"parent":0,"menu_order":0,"comment_status":"closed","ping_status":"closed","template":"","meta":{"_acf_changed":false,"footnotes":""},"class_list":["post-7772","page","type-page","status-publish","hentry"],"acf":[],"yoast_head":"<!-- This site is optimized with the Yoast SEO plugin v25.3 - https:\/\/yoast.com\/wordpress\/plugins\/seo\/ -->\n<title>\u0130zmir Ekonomi Un\u0131versity FSAE ( Formula Student Society of Automative Engineers) - \u0130ZELTA\u015e<\/title>\n<meta name=\"robots\" content=\"index, follow, max-snippet:-1, max-image-preview:large, max-video-preview:-1\" \/>\n<link rel=\"canonical\" href=\"https:\/\/izeltas.com.tr\/izmir-ekonomi-universitesi-fsae-formula-student-society-of-automative-engineers-2\/\" \/>\n<meta property=\"og:locale\" content=\"en_US\" \/>\n<meta property=\"og:type\" content=\"article\" \/>\n<meta property=\"og:title\" content=\"[:tr]\u0130zmir Ekonomi \u00dcniversitesi FSAE ( Formula Student Society of Automative Engineers)[:en]\u0130zmir Ekonomi Un\u0131versity FSAE ( Formula Student Society of Automative Engineers)[:] - \u0130ZELTA\u015e\" \/>\n<meta property=\"og:description\" content=\"Based on the leadership of the FSAE team established this year by Izmir University of Economics, one of the best quality schools in Izmir, we will be proud to be with you until the days when it will achieve great success.\" \/>\n<meta property=\"og:url\" content=\"https:\/\/izeltas.com.tr\/izmir-ekonomi-universitesi-fsae-formula-student-society-of-automative-engineers-2\/\" \/>\n<meta property=\"og:site_name\" content=\"\u0130ZELTA\u015e\" \/>\n<meta property=\"article:modified_time\" content=\"2023-03-29T14:20:30+00:00\" \/>\n<meta property=\"og:image\" content=\"https:\/\/izeltas.com.tr\/wp-content\/uploads\/2023\/03\/WhatsApp-Image-2023-03-29-at-14.41.32-1.jpeg\" \/>\n<meta name=\"twitter:card\" content=\"summary_large_image\" \/>\n<script type=\"application\/ld+json\" class=\"yoast-schema-graph\">{\"@context\":\"https:\/\/schema.org\",\"@graph\":[{\"@type\":\"WebPage\",\"@id\":\"https:\/\/izeltas.com.tr\/izmir-ekonomi-universitesi-fsae-formula-student-society-of-automative-engineers-2\/\",\"url\":\"https:\/\/izeltas.com.tr\/izmir-ekonomi-universitesi-fsae-formula-student-society-of-automative-engineers-2\/\",\"name\":\"[:tr]\u0130zmir Ekonomi \u00dcniversitesi FSAE ( Formula Student Society of Automative Engineers)[:en]\u0130zmir Ekonomi Un\u0131versity FSAE ( Formula Student Society of Automative Engineers)[:] - \u0130ZELTA\u015e\",\"isPartOf\":{\"@id\":\"https:\/\/izeltas.com.tr\/#website\"},\"primaryImageOfPage\":{\"@id\":\"https:\/\/izeltas.com.tr\/izmir-ekonomi-universitesi-fsae-formula-student-society-of-automative-engineers-2\/#primaryimage\"},\"image\":{\"@id\":\"https:\/\/izeltas.com.tr\/izmir-ekonomi-universitesi-fsae-formula-student-society-of-automative-engineers-2\/#primaryimage\"},\"thumbnailUrl\":\"https:\/\/izeltas.com.tr\/wp-content\/uploads\/2023\/03\/WhatsApp-Image-2023-03-29-at-14.41.32-1.jpeg\",\"datePublished\":\"2023-03-29T12:17:42+00:00\",\"dateModified\":\"2023-03-29T14:20:30+00:00\",\"breadcrumb\":{\"@id\":\"https:\/\/izeltas.com.tr\/izmir-ekonomi-universitesi-fsae-formula-student-society-of-automative-engineers-2\/#breadcrumb\"},\"inLanguage\":\"en-US\",\"potentialAction\":[{\"@type\":\"ReadAction\",\"target\":[\"https:\/\/izeltas.com.tr\/izmir-ekonomi-universitesi-fsae-formula-student-society-of-automative-engineers-2\/\"]}]},{\"@type\":\"ImageObject\",\"inLanguage\":\"en-US\",\"@id\":\"https:\/\/izeltas.com.tr\/izmir-ekonomi-universitesi-fsae-formula-student-society-of-automative-engineers-2\/#primaryimage\",\"url\":\"https:\/\/izeltas.com.tr\/wp-content\/uploads\/2023\/03\/WhatsApp-Image-2023-03-29-at-14.41.32-1.jpeg\",\"contentUrl\":\"https:\/\/izeltas.com.tr\/wp-content\/uploads\/2023\/03\/WhatsApp-Image-2023-03-29-at-14.41.32-1.jpeg\"},{\"@type\":\"BreadcrumbList\",\"@id\":\"https:\/\/izeltas.com.tr\/izmir-ekonomi-universitesi-fsae-formula-student-society-of-automative-engineers-2\/#breadcrumb\",\"itemListElement\":[{\"@type\":\"ListItem\",\"position\":1,\"name\":\"Anasayfa\",\"item\":\"https:\/\/izeltas.com.tr\/\"},{\"@type\":\"ListItem\",\"position\":2,\"name\":\"\u0130zmir Ekonomi \u00dcniversitesi FSAE ( Formula Student Society of Automative Engineers)\"}]},{\"@type\":\"WebSite\",\"@id\":\"https:\/\/izeltas.com.tr\/#website\",\"url\":\"https:\/\/izeltas.com.tr\/\",\"name\":\"\u0130ZELTA\u015e\",\"description\":\"\u0130ZM\u0130R EL ALETLER\u0130 SANAY\u0130 VE T\u0130CARET A\u015e\",\"publisher\":{\"@id\":\"https:\/\/izeltas.com.tr\/#organization\"},\"potentialAction\":[{\"@type\":\"SearchAction\",\"target\":{\"@type\":\"EntryPoint\",\"urlTemplate\":\"https:\/\/izeltas.com.tr\/?s={search_term_string}\"},\"query-input\":{\"@type\":\"PropertyValueSpecification\",\"valueRequired\":true,\"valueName\":\"search_term_string\"}}],\"inLanguage\":\"en-US\"},{\"@type\":\"Organization\",\"@id\":\"https:\/\/izeltas.com.tr\/#organization\",\"name\":\"\u0130ZELTA\u015e\",\"url\":\"https:\/\/izeltas.com.tr\/\",\"logo\":{\"@type\":\"ImageObject\",\"inLanguage\":\"en-US\",\"@id\":\"https:\/\/izeltas.com.tr\/#\/schema\/logo\/image\/\",\"url\":\"https:\/\/izeltas.com.tr\/wp-content\/uploads\/2020\/12\/izeltas-logo.svg\",\"contentUrl\":\"https:\/\/izeltas.com.tr\/wp-content\/uploads\/2020\/12\/izeltas-logo.svg\",\"width\":1,\"height\":1,\"caption\":\"\u0130ZELTA\u015e\"},\"image\":{\"@id\":\"https:\/\/izeltas.com.tr\/#\/schema\/logo\/image\/\"}}]}<\/script>\n<!-- \/ Yoast SEO plugin. -->","yoast_head_json":{"title":"[:tr]\u0130zmir Ekonomi \u00dcniversitesi FSAE ( Formula Student Society of Automative Engineers)[:en]\u0130zmir Ekonomi Un\u0131versity FSAE ( Formula Student Society of Automative Engineers)[:] - \u0130ZELTA\u015e","robots":{"index":"index","follow":"follow","max-snippet":"max-snippet:-1","max-image-preview":"max-image-preview:large","max-video-preview":"max-video-preview:-1"},"canonical":"https:\/\/izeltas.com.tr\/izmir-ekonomi-universitesi-fsae-formula-student-society-of-automative-engineers-2\/","og_locale":"en_US","og_type":"article","og_title":"[:tr]\u0130zmir Ekonomi \u00dcniversitesi FSAE ( Formula Student Society of Automative Engineers)[:en]\u0130zmir Ekonomi Un\u0131versity FSAE ( Formula Student Society of Automative Engineers)[:] - \u0130ZELTA\u015e","og_description":"Based on the leadership of the FSAE team established this year by Izmir University of Economics, one of the best quality schools in Izmir, we will be proud to be with you until the days when it will achieve great success.","og_url":"https:\/\/izeltas.com.tr\/izmir-ekonomi-universitesi-fsae-formula-student-society-of-automative-engineers-2\/","og_site_name":"\u0130ZELTA\u015e","article_modified_time":"2023-03-29T14:20:30+00:00","og_image":[{"url":"https:\/\/izeltas.com.tr\/wp-content\/uploads\/2023\/03\/WhatsApp-Image-2023-03-29-at-14.41.32-1.jpeg","type":"","width":"","height":""}],"twitter_card":"summary_large_image","schema":{"@context":"https:\/\/schema.org","@graph":[{"@type":"WebPage","@id":"https:\/\/izeltas.com.tr\/izmir-ekonomi-universitesi-fsae-formula-student-society-of-automative-engineers-2\/","url":"https:\/\/izeltas.com.tr\/izmir-ekonomi-universitesi-fsae-formula-student-society-of-automative-engineers-2\/","name":"[:tr]\u0130zmir Ekonomi \u00dcniversitesi FSAE ( Formula Student Society of Automative Engineers)[:en]\u0130zmir Ekonomi Un\u0131versity FSAE ( Formula Student Society of Automative Engineers)[:] - \u0130ZELTA\u015e","isPartOf":{"@id":"https:\/\/izeltas.com.tr\/#website"},"primaryImageOfPage":{"@id":"https:\/\/izeltas.com.tr\/izmir-ekonomi-universitesi-fsae-formula-student-society-of-automative-engineers-2\/#primaryimage"},"image":{"@id":"https:\/\/izeltas.com.tr\/izmir-ekonomi-universitesi-fsae-formula-student-society-of-automative-engineers-2\/#primaryimage"},"thumbnailUrl":"https:\/\/izeltas.com.tr\/wp-content\/uploads\/2023\/03\/WhatsApp-Image-2023-03-29-at-14.41.32-1.jpeg","datePublished":"2023-03-29T12:17:42+00:00","dateModified":"2023-03-29T14:20:30+00:00","breadcrumb":{"@id":"https:\/\/izeltas.com.tr\/izmir-ekonomi-universitesi-fsae-formula-student-society-of-automative-engineers-2\/#breadcrumb"},"inLanguage":"en-US","potentialAction":[{"@type":"ReadAction","target":["https:\/\/izeltas.com.tr\/izmir-ekonomi-universitesi-fsae-formula-student-society-of-automative-engineers-2\/"]}]},{"@type":"ImageObject","inLanguage":"en-US","@id":"https:\/\/izeltas.com.tr\/izmir-ekonomi-universitesi-fsae-formula-student-society-of-automative-engineers-2\/#primaryimage","url":"https:\/\/izeltas.com.tr\/wp-content\/uploads\/2023\/03\/WhatsApp-Image-2023-03-29-at-14.41.32-1.jpeg","contentUrl":"https:\/\/izeltas.com.tr\/wp-content\/uploads\/2023\/03\/WhatsApp-Image-2023-03-29-at-14.41.32-1.jpeg"},{"@type":"BreadcrumbList","@id":"https:\/\/izeltas.com.tr\/izmir-ekonomi-universitesi-fsae-formula-student-society-of-automative-engineers-2\/#breadcrumb","itemListElement":[{"@type":"ListItem","position":1,"name":"Anasayfa","item":"https:\/\/izeltas.com.tr\/"},{"@type":"ListItem","position":2,"name":"\u0130zmir Ekonomi \u00dcniversitesi FSAE ( Formula Student Society of Automative Engineers)"}]},{"@type":"WebSite","@id":"https:\/\/izeltas.com.tr\/#website","url":"https:\/\/izeltas.com.tr\/","name":"\u0130ZELTA\u015e","description":"\u0130ZM\u0130R EL ALETLER\u0130 SANAY\u0130 VE T\u0130CARET A\u015e","publisher":{"@id":"https:\/\/izeltas.com.tr\/#organization"},"potentialAction":[{"@type":"SearchAction","target":{"@type":"EntryPoint","urlTemplate":"https:\/\/izeltas.com.tr\/?s={search_term_string}"},"query-input":{"@type":"PropertyValueSpecification","valueRequired":true,"valueName":"search_term_string"}}],"inLanguage":"en-US"},{"@type":"Organization","@id":"https:\/\/izeltas.com.tr\/#organization","name":"\u0130ZELTA\u015e","url":"https:\/\/izeltas.com.tr\/","logo":{"@type":"ImageObject","inLanguage":"en-US","@id":"https:\/\/izeltas.com.tr\/#\/schema\/logo\/image\/","url":"https:\/\/izeltas.com.tr\/wp-content\/uploads\/2020\/12\/izeltas-logo.svg","contentUrl":"https:\/\/izeltas.com.tr\/wp-content\/uploads\/2020\/12\/izeltas-logo.svg","width":1,"height":1,"caption":"\u0130ZELTA\u015e"},"image":{"@id":"https:\/\/izeltas.com.tr\/#\/schema\/logo\/image\/"}}]}},"_links":{"self":[{"href":"https:\/\/izeltas.com.tr\/en\/wp-json\/wp\/v2\/pages\/7772","targetHints":{"allow":["GET"]}}],"collection":[{"href":"https:\/\/izeltas.com.tr\/en\/wp-json\/wp\/v2\/pages"}],"about":[{"href":"https:\/\/izeltas.com.tr\/en\/wp-json\/wp\/v2\/types\/page"}],"author":[{"embeddable":true,"href":"https:\/\/izeltas.com.tr\/en\/wp-json\/wp\/v2\/users\/5"}],"replies":[{"embeddable":true,"href":"https:\/\/izeltas.com.tr\/en\/wp-json\/wp\/v2\/comments?post=7772"}],"version-history":[{"count":0,"href":"https:\/\/izeltas.com.tr\/en\/wp-json\/wp\/v2\/pages\/7772\/revisions"}],"wp:attachment":[{"href":"https:\/\/izeltas.com.tr\/en\/wp-json\/wp\/v2\/media?parent=7772"}],"curies":[{"name":"wp","href":"https:\/\/api.w.org\/{rel}","templated":true}]}}