{"id":7670,"date":"2023-03-24T14:53:34","date_gmt":"2023-03-24T11:53:34","guid":{"rendered":"https:\/\/izeltas.com.tr\/?page_id=7670"},"modified":"2026-02-12T09:57:42","modified_gmt":"2026-02-12T06:57:42","slug":"takim-isi","status":"publish","type":"page","link":"https:\/\/izeltas.com.tr\/en\/takim-isi\/","title":{"rendered":"TEAM WORK"},"content":{"rendered":"<p><\/p>\n<p id=\"tw-target-text\" class=\"tw-data-text tw-text-large tw-ta\" dir=\"ltr\" data-placeholder=\"\u00c7eviri\"><span class=\"Y2IQFc\" lang=\"en\">Sponsorship is a team job. Being a team requires harmony, energy, communication, synergy and mastery. We have all of these. That&#8217;s why the work we do is not just a sponsorship job as it is called, it is a team job. We are walking shoulder to shoulder with the teams and athletes we sponsor towards the same goal. <\/span><\/p>\n<p class=\"tw-data-text tw-text-large tw-ta\" dir=\"ltr\" data-placeholder=\"\u00c7eviri\"><span class=\"Y2IQFc\" lang=\"en\">As Turkey&#8217;s Izelta\u015f, we support the best quality teams and athletes of the highest quality schools in our country. We are proud to support those who contribute to the advancement of our country in terms of technology and sports, and to be a part of this team work.<\/span><\/p>\n<p id=\"tw-target-text\" class=\"tw-data-text tw-text-large tw-ta\" dir=\"ltr\" data-placeholder=\"\u00c7eviri\" data-ved=\"2ahUKEwi01cb3hPiCAxXmS_EDHTLkBrgQ3ewLegQIBRAQ\"><a href=\"https:\/\/izeltas.com.tr\/takim-isi-sponsorluk-basvuru-formu\/\"><strong><span class=\"Y2IQFc\" lang=\"en\">Click for 2024 Sponsorship Applications.<\/span><\/strong><\/a><\/p>\n<p id=\"tw-target-text\" class=\"tw-data-text tw-text-large tw-ta\" dir=\"ltr\" data-placeholder=\"\u00c7eviri\"><strong><span class=\"Y2IQFc\" lang=\"en\">UNIVERSITIES 2023<\/span><\/strong><\/p>\n<ul>\n<li><a href=\"https:\/\/izeltas.com.tr\/istanbul-teknik-universitesi\/\"><strong>Istanbul Teknik University<\/strong><\/a><\/li>\n<li><a href=\"https:\/\/izeltas.com.tr\/izmir-ekonomi-universitesi-fsae-formula-student-society-of-automative-engineers-2\/\"><strong>Izmir Ekonomi University<\/strong><\/a><\/li>\n<li><a href=\"https:\/\/izeltas.com.tr\/kadir-has-universitesi-yep-teknohub-2\/\"><strong>Kadir Has University<\/strong><\/a><\/li>\n<li><a href=\"https:\/\/izeltas.com.tr\/dokuz-eylul-universitesi-pels-formula-racing-team\/\"><strong>Dokuz Eyl\u00fcl University<\/strong><\/a><\/li>\n<li><a href=\"https:\/\/izeltas.com.tr\/kocaeli-universitesi-kou-formula\/\"><strong>Kocaeli University<\/strong><\/a><\/li>\n<\/ul>\n<p><strong><span class=\"Y2IQFc\" lang=\"en\">UNIVERSITIES <\/span> 2024<\/strong><\/p>\n<ul>\n<li><a href=\"https:\/\/izeltas.com.tr\/itu-elektrikli-arac-takimi\/\"> \u0130stanbul Teknik Un\u0131versity \/ \u0130T\u00dc Elektrikli Ara\u00e7 Tak\u0131m\u0131\u00a0 <\/a><\/li>\n<li><a href=\"https:\/\/izeltas.com.tr\/direko-robotik-ve-yapay-zeka-teknolojileri-toplulugu\/\">\u0130zmir Katip \u00c7elebi <\/a><a href=\"https:\/\/izeltas.com.tr\/itu-elektrikli-arac-takimi\/\">Un\u0131versity<\/a><a href=\"https:\/\/izeltas.com.tr\/direko-robotik-ve-yapay-zeka-teknolojileri-toplulugu\/\"> \/ D\u0130REKO (Robotik ve Yapay Zeka Teknolojileri Toplulu\u011fu)<\/a><\/li>\n<li><a href=\"https:\/\/izeltas.com.tr\/roket9\/\"> Dokuz Eyl\u00fcl <\/a><a href=\"https:\/\/izeltas.com.tr\/itu-elektrikli-arac-takimi\/\">Un\u0131versity<\/a><a href=\"https:\/\/izeltas.com.tr\/roket9\/\"> \/ Roket9<\/a><\/li>\n<li><a href=\"https:\/\/izeltas.com.tr\/estu-solar-team\/\">Eski\u015fehir Teknik <\/a><a href=\"https:\/\/izeltas.com.tr\/itu-elektrikli-arac-takimi\/\">Un\u0131versity<\/a><a href=\"https:\/\/izeltas.com.tr\/estu-solar-team\/\"> \/ ESTU SOLAR TEAM<\/a><\/li>\n<li><a href=\"https:\/\/izeltas.com.tr\/erciyes-otonom-takimi\/\">Erciyes <\/a><a href=\"https:\/\/izeltas.com.tr\/itu-elektrikli-arac-takimi\/\">Un\u0131versity<\/a><a href=\"https:\/\/izeltas.com.tr\/erciyes-otonom-takimi\/\"> \/ Erciyes Otonom Tak\u0131m\u0131<\/a><\/li>\n<li><a href=\"https:\/\/izeltas.com.tr\/magnetar-takimi\/\">Marmara <\/a><a href=\"https:\/\/izeltas.com.tr\/itu-elektrikli-arac-takimi\/\">Un\u0131versity<\/a><a href=\"https:\/\/izeltas.com.tr\/magnetar-takimi\/\"> \/ Magnetar Tak\u0131m\u0131<\/a><\/li>\n<li><a href=\"https:\/\/izeltas.com.tr\/ufk-teknoloji-takimi\/\">Kadir Has <\/a><a href=\"https:\/\/izeltas.com.tr\/itu-elektrikli-arac-takimi\/\">Un\u0131versity<\/a><a href=\"https:\/\/izeltas.com.tr\/ufk-teknoloji-takimi\/\"> \/ UFK Teknoloji Tak\u0131m\u0131<\/a><\/li>\n<li><a href=\"https:\/\/izeltas.com.tr\/sakarya-universitesi\/\">Sakarya <\/a><a href=\"https:\/\/izeltas.com.tr\/itu-elektrikli-arac-takimi\/\">Un\u0131versity<\/a><a href=\"https:\/\/izeltas.com.tr\/sakarya-universitesi\/\">\/ <\/a><a href=\"https:\/\/izeltas.com.tr\/sakarya-universitesi\/\">SAU Formula\u00a0<\/a><\/li>\n<li><a href=\"https:\/\/izeltas.com.tr\/duscart-alternatif-araclar-takimi\/\">Dumlup\u0131nar <\/a><a href=\"https:\/\/izeltas.com.tr\/itu-elektrikli-arac-takimi\/\">Un\u0131versity<\/a><a href=\"https:\/\/izeltas.com.tr\/duscart-alternatif-araclar-takimi\/\"> \/ DUSCART Alternatif Ara\u00e7lar Tak\u0131m\u0131<\/a><\/li>\n<li><a href=\"https:\/\/izeltas.com.tr\/bursa-teknik-universitesi\/\">Bursa Teknik <\/a><a href=\"https:\/\/izeltas.com.tr\/itu-elektrikli-arac-takimi\/\">Un\u0131versity<\/a><a href=\"https:\/\/izeltas.com.tr\/bursa-teknik-universitesi\/\"> \/ <\/a><a href=\"https:\/\/izeltas.com.tr\/bursa-teknik-universitesi\/\">Uzay Havac\u0131l\u0131k ve Savunma Sanayi Toplulu\u011fu\u00a0<\/a><\/li>\n<li><a href=\"https:\/\/izeltas.com.tr\/celikkanat-rs-hyperloop-gelistirme-takimi\/\">Gazi <\/a><a href=\"https:\/\/izeltas.com.tr\/itu-elektrikli-arac-takimi\/\">Un\u0131versity<\/a><a href=\"https:\/\/izeltas.com.tr\/celikkanat-rs-hyperloop-gelistirme-takimi\/\"> \/ \u00c7elikkanat RS Hyperloop Geli\u015ftirme Tak\u0131m\u0131<\/a><\/li>\n<li><a href=\"https:\/\/izeltas.com.tr\/tgu-racing\/\">T\u00fcrk Alman <\/a><a href=\"https:\/\/izeltas.com.tr\/itu-elektrikli-arac-takimi\/\">Un\u0131versity<\/a><a href=\"https:\/\/izeltas.com.tr\/tgu-racing\/\"> \/ TGU-RACING<\/a><\/li>\n<li><a href=\"https:\/\/izeltas.com.tr\/diha-dinamik-havacilik-takimi\/\">Erzurum Teknik <\/a><a href=\"https:\/\/izeltas.com.tr\/itu-elektrikli-arac-takimi\/\">Un\u0131versity<\/a><a href=\"https:\/\/izeltas.com.tr\/diha-dinamik-havacilik-takimi\/\"> \/ D\u0130HA (Dinamik Havac\u0131l\u0131k Tak\u0131m\u0131)<\/a><\/li>\n<li><a href=\"https:\/\/izeltas.com.tr\/teotech-elektrikli-arac-yarislari-takimi\/\">Gazi <\/a><a href=\"https:\/\/izeltas.com.tr\/itu-elektrikli-arac-takimi\/\">Un\u0131versity<\/a><a href=\"https:\/\/izeltas.com.tr\/teotech-elektrikli-arac-yarislari-takimi\/\">\/ TeoTech (Elektrikli Ara\u00e7 Yar\u0131\u015flar\u0131 Tak\u0131m\u0131)<\/a><\/li>\n<li><a href=\"https:\/\/izeltas.com.tr\/oret-otomobil-robot-ve-enerji-toplulugu\/\">Gaziantep <\/a><a href=\"https:\/\/izeltas.com.tr\/itu-elektrikli-arac-takimi\/\">Un\u0131versity<\/a><a href=\"https:\/\/izeltas.com.tr\/oret-otomobil-robot-ve-enerji-toplulugu\/\"> \/ ORET (Otomobil Robot ve Enerji Toplulu\u011fu )<\/a><\/li>\n<\/ul>\n<p>&nbsp;<\/p>","protected":false},"excerpt":{"rendered":"<p>Sponsorship is a team job. Being a team requires harmony, energy, communication, synergy and mastery. We have all of these. That&#8217;s why the work we do is not just a sponsorship job as it is called, it is a team job. We are walking shoulder to shoulder with the teams and athletes we sponsor towards [&hellip;]<\/p>\n","protected":false},"author":5,"featured_media":0,"parent":0,"menu_order":0,"comment_status":"closed","ping_status":"closed","template":"","meta":{"_acf_changed":false,"footnotes":""},"class_list":["post-7670","page","type-page","status-publish","hentry"],"acf":[],"yoast_head":"<!-- This site is optimized with the Yoast SEO plugin v25.3 - https:\/\/yoast.com\/wordpress\/plugins\/seo\/ -->\n<title>TEAM WORK - \u0130ZELTA\u015e<\/title>\n<meta name=\"robots\" content=\"index, follow, max-snippet:-1, max-image-preview:large, max-video-preview:-1\" \/>\n<link rel=\"canonical\" href=\"https:\/\/izeltas.com.tr\/takim-isi\/\" \/>\n<meta property=\"og:locale\" content=\"en_US\" \/>\n<meta property=\"og:type\" content=\"article\" \/>\n<meta property=\"og:title\" content=\"[:tr]TAKIM \u0130\u015e\u0130[:en]TEAM WORK[:] - \u0130ZELTA\u015e\" \/>\n<meta property=\"og:description\" content=\"Sponsorship is a team job. Being a team requires harmony, energy, communication, synergy and mastery. We have all of these. That&#8217;s why the work we do is not just a sponsorship job as it is called, it is a team job. We are walking shoulder to shoulder with the teams and athletes we sponsor towards [&hellip;]\" \/>\n<meta property=\"og:url\" content=\"https:\/\/izeltas.com.tr\/takim-isi\/\" \/>\n<meta property=\"og:site_name\" content=\"\u0130ZELTA\u015e\" \/>\n<meta property=\"article:modified_time\" content=\"2026-02-12T06:57:42+00:00\" \/>\n<meta property=\"og:image\" content=\"https:\/\/izeltas.com.tr\/wp-content\/uploads\/2026\/02\/Takim-Isi-Kazananlar.jpg\" \/>\n\t<meta property=\"og:image:width\" content=\"890\" \/>\n\t<meta property=\"og:image:height\" content=\"1080\" \/>\n\t<meta property=\"og:image:type\" content=\"image\/jpeg\" \/>\n<meta name=\"twitter:card\" content=\"summary_large_image\" \/>\n<meta name=\"twitter:label1\" content=\"Est. reading time\" \/>\n\t<meta name=\"twitter:data1\" content=\"1 minute\" \/>\n<script type=\"application\/ld+json\" class=\"yoast-schema-graph\">{\"@context\":\"https:\/\/schema.org\",\"@graph\":[{\"@type\":\"WebPage\",\"@id\":\"https:\/\/izeltas.com.tr\/takim-isi\/\",\"url\":\"https:\/\/izeltas.com.tr\/takim-isi\/\",\"name\":\"[:tr]TAKIM \u0130\u015e\u0130[:en]TEAM WORK[:] - \u0130ZELTA\u015e\",\"isPartOf\":{\"@id\":\"https:\/\/izeltas.com.tr\/#website\"},\"primaryImageOfPage\":{\"@id\":\"https:\/\/izeltas.com.tr\/takim-isi\/#primaryimage\"},\"image\":{\"@id\":\"https:\/\/izeltas.com.tr\/takim-isi\/#primaryimage\"},\"thumbnailUrl\":\"https:\/\/izeltas.com.tr\/wp-content\/uploads\/2026\/02\/Takim-Isi-Kazananlar-791x960.jpg\",\"datePublished\":\"2023-03-24T11:53:34+00:00\",\"dateModified\":\"2026-02-12T06:57:42+00:00\",\"breadcrumb\":{\"@id\":\"https:\/\/izeltas.com.tr\/takim-isi\/#breadcrumb\"},\"inLanguage\":\"en-US\",\"potentialAction\":[{\"@type\":\"ReadAction\",\"target\":[\"https:\/\/izeltas.com.tr\/takim-isi\/\"]}]},{\"@type\":\"ImageObject\",\"inLanguage\":\"en-US\",\"@id\":\"https:\/\/izeltas.com.tr\/takim-isi\/#primaryimage\",\"url\":\"https:\/\/izeltas.com.tr\/wp-content\/uploads\/2026\/02\/Takim-Isi-Kazananlar-791x960.jpg\",\"contentUrl\":\"https:\/\/izeltas.com.tr\/wp-content\/uploads\/2026\/02\/Takim-Isi-Kazananlar-791x960.jpg\"},{\"@type\":\"BreadcrumbList\",\"@id\":\"https:\/\/izeltas.com.tr\/takim-isi\/#breadcrumb\",\"itemListElement\":[{\"@type\":\"ListItem\",\"position\":1,\"name\":\"Anasayfa\",\"item\":\"https:\/\/izeltas.com.tr\/\"},{\"@type\":\"ListItem\",\"position\":2,\"name\":\"TAKIM \u0130\u015e\u0130\"}]},{\"@type\":\"WebSite\",\"@id\":\"https:\/\/izeltas.com.tr\/#website\",\"url\":\"https:\/\/izeltas.com.tr\/\",\"name\":\"\u0130ZELTA\u015e\",\"description\":\"\u0130ZM\u0130R EL ALETLER\u0130 SANAY\u0130 VE T\u0130CARET A\u015e\",\"publisher\":{\"@id\":\"https:\/\/izeltas.com.tr\/#organization\"},\"potentialAction\":[{\"@type\":\"SearchAction\",\"target\":{\"@type\":\"EntryPoint\",\"urlTemplate\":\"https:\/\/izeltas.com.tr\/?s={search_term_string}\"},\"query-input\":{\"@type\":\"PropertyValueSpecification\",\"valueRequired\":true,\"valueName\":\"search_term_string\"}}],\"inLanguage\":\"en-US\"},{\"@type\":\"Organization\",\"@id\":\"https:\/\/izeltas.com.tr\/#organization\",\"name\":\"\u0130ZELTA\u015e\",\"url\":\"https:\/\/izeltas.com.tr\/\",\"logo\":{\"@type\":\"ImageObject\",\"inLanguage\":\"en-US\",\"@id\":\"https:\/\/izeltas.com.tr\/#\/schema\/logo\/image\/\",\"url\":\"https:\/\/izeltas.com.tr\/wp-content\/uploads\/2020\/12\/izeltas-logo.svg\",\"contentUrl\":\"https:\/\/izeltas.com.tr\/wp-content\/uploads\/2020\/12\/izeltas-logo.svg\",\"width\":1,\"height\":1,\"caption\":\"\u0130ZELTA\u015e\"},\"image\":{\"@id\":\"https:\/\/izeltas.com.tr\/#\/schema\/logo\/image\/\"}}]}<\/script>\n<!-- \/ Yoast SEO plugin. -->","yoast_head_json":{"title":"[:tr]TAKIM \u0130\u015e\u0130[:en]TEAM WORK[:] - \u0130ZELTA\u015e","robots":{"index":"index","follow":"follow","max-snippet":"max-snippet:-1","max-image-preview":"max-image-preview:large","max-video-preview":"max-video-preview:-1"},"canonical":"https:\/\/izeltas.com.tr\/takim-isi\/","og_locale":"en_US","og_type":"article","og_title":"[:tr]TAKIM \u0130\u015e\u0130[:en]TEAM WORK[:] - \u0130ZELTA\u015e","og_description":"Sponsorship is a team job. Being a team requires harmony, energy, communication, synergy and mastery. We have all of these. That&#8217;s why the work we do is not just a sponsorship job as it is called, it is a team job. We are walking shoulder to shoulder with the teams and athletes we sponsor towards [&hellip;]","og_url":"https:\/\/izeltas.com.tr\/takim-isi\/","og_site_name":"\u0130ZELTA\u015e","article_modified_time":"2026-02-12T06:57:42+00:00","og_image":[{"width":890,"height":1080,"url":"https:\/\/izeltas.com.tr\/wp-content\/uploads\/2026\/02\/Takim-Isi-Kazananlar.jpg","type":"image\/jpeg"}],"twitter_card":"summary_large_image","twitter_misc":{"Est. reading time":"1 minute"},"schema":{"@context":"https:\/\/schema.org","@graph":[{"@type":"WebPage","@id":"https:\/\/izeltas.com.tr\/takim-isi\/","url":"https:\/\/izeltas.com.tr\/takim-isi\/","name":"[:tr]TAKIM \u0130\u015e\u0130[:en]TEAM WORK[:] - \u0130ZELTA\u015e","isPartOf":{"@id":"https:\/\/izeltas.com.tr\/#website"},"primaryImageOfPage":{"@id":"https:\/\/izeltas.com.tr\/takim-isi\/#primaryimage"},"image":{"@id":"https:\/\/izeltas.com.tr\/takim-isi\/#primaryimage"},"thumbnailUrl":"https:\/\/izeltas.com.tr\/wp-content\/uploads\/2026\/02\/Takim-Isi-Kazananlar-791x960.jpg","datePublished":"2023-03-24T11:53:34+00:00","dateModified":"2026-02-12T06:57:42+00:00","breadcrumb":{"@id":"https:\/\/izeltas.com.tr\/takim-isi\/#breadcrumb"},"inLanguage":"en-US","potentialAction":[{"@type":"ReadAction","target":["https:\/\/izeltas.com.tr\/takim-isi\/"]}]},{"@type":"ImageObject","inLanguage":"en-US","@id":"https:\/\/izeltas.com.tr\/takim-isi\/#primaryimage","url":"https:\/\/izeltas.com.tr\/wp-content\/uploads\/2026\/02\/Takim-Isi-Kazananlar-791x960.jpg","contentUrl":"https:\/\/izeltas.com.tr\/wp-content\/uploads\/2026\/02\/Takim-Isi-Kazananlar-791x960.jpg"},{"@type":"BreadcrumbList","@id":"https:\/\/izeltas.com.tr\/takim-isi\/#breadcrumb","itemListElement":[{"@type":"ListItem","position":1,"name":"Anasayfa","item":"https:\/\/izeltas.com.tr\/"},{"@type":"ListItem","position":2,"name":"TAKIM \u0130\u015e\u0130"}]},{"@type":"WebSite","@id":"https:\/\/izeltas.com.tr\/#website","url":"https:\/\/izeltas.com.tr\/","name":"\u0130ZELTA\u015e","description":"\u0130ZM\u0130R EL ALETLER\u0130 SANAY\u0130 VE T\u0130CARET A\u015e","publisher":{"@id":"https:\/\/izeltas.com.tr\/#organization"},"potentialAction":[{"@type":"SearchAction","target":{"@type":"EntryPoint","urlTemplate":"https:\/\/izeltas.com.tr\/?s={search_term_string}"},"query-input":{"@type":"PropertyValueSpecification","valueRequired":true,"valueName":"search_term_string"}}],"inLanguage":"en-US"},{"@type":"Organization","@id":"https:\/\/izeltas.com.tr\/#organization","name":"\u0130ZELTA\u015e","url":"https:\/\/izeltas.com.tr\/","logo":{"@type":"ImageObject","inLanguage":"en-US","@id":"https:\/\/izeltas.com.tr\/#\/schema\/logo\/image\/","url":"https:\/\/izeltas.com.tr\/wp-content\/uploads\/2020\/12\/izeltas-logo.svg","contentUrl":"https:\/\/izeltas.com.tr\/wp-content\/uploads\/2020\/12\/izeltas-logo.svg","width":1,"height":1,"caption":"\u0130ZELTA\u015e"},"image":{"@id":"https:\/\/izeltas.com.tr\/#\/schema\/logo\/image\/"}}]}},"_links":{"self":[{"href":"https:\/\/izeltas.com.tr\/en\/wp-json\/wp\/v2\/pages\/7670","targetHints":{"allow":["GET"]}}],"collection":[{"href":"https:\/\/izeltas.com.tr\/en\/wp-json\/wp\/v2\/pages"}],"about":[{"href":"https:\/\/izeltas.com.tr\/en\/wp-json\/wp\/v2\/types\/page"}],"author":[{"embeddable":true,"href":"https:\/\/izeltas.com.tr\/en\/wp-json\/wp\/v2\/users\/5"}],"replies":[{"embeddable":true,"href":"https:\/\/izeltas.com.tr\/en\/wp-json\/wp\/v2\/comments?post=7670"}],"version-history":[{"count":9,"href":"https:\/\/izeltas.com.tr\/en\/wp-json\/wp\/v2\/pages\/7670\/revisions"}],"predecessor-version":[{"id":13030,"href":"https:\/\/izeltas.com.tr\/en\/wp-json\/wp\/v2\/pages\/7670\/revisions\/13030"}],"wp:attachment":[{"href":"https:\/\/izeltas.com.tr\/en\/wp-json\/wp\/v2\/media?parent=7670"}],"curies":[{"name":"wp","href":"https:\/\/api.w.org\/{rel}","templated":true}]}}