{"id":472,"date":"2021-05-26T11:09:03","date_gmt":"2021-05-26T08:09:03","guid":{"rendered":"https:\/\/izeltas.com.tr\/?page_id=472"},"modified":"2026-04-14T08:27:06","modified_gmt":"2026-04-14T05:27:06","slug":"katalog-indir","status":"publish","type":"page","link":"https:\/\/izeltas.com.tr\/en\/katalog-indir\/","title":{"rendered":"Download Catalogue"},"content":{"rendered":"<p><a href=\"https:\/\/publuu.com\/flip-book\/1070745\/2415554\"><img decoding=\"async\" class=\"alignnone wp-image-13042\" src=\"https:\/\/izeltas.com.tr\/wp-content\/uploads\/2026\/03\/Screenshot-2026-03-02-at-16.03.20.jpg\" alt=\"\" width=\"236\" height=\"338\" \/><\/a><\/p>\n<p>&nbsp;<\/p>","protected":false},"excerpt":{"rendered":"<p>&nbsp;<\/p>\n","protected":false},"author":5,"featured_media":0,"parent":0,"menu_order":0,"comment_status":"closed","ping_status":"closed","template":"","meta":{"_acf_changed":false,"footnotes":""},"class_list":["post-472","page","type-page","status-publish","hentry"],"acf":[],"yoast_head":"<!-- This site is optimized with the Yoast SEO plugin v25.3 - https:\/\/yoast.com\/wordpress\/plugins\/seo\/ -->\n<title>Download Catalogue - \u0130ZELTA\u015e<\/title>\n<meta name=\"robots\" content=\"index, follow, max-snippet:-1, max-image-preview:large, max-video-preview:-1\" \/>\n<link rel=\"canonical\" href=\"https:\/\/izeltas.com.tr\/katalog-indir\/\" \/>\n<meta property=\"og:locale\" content=\"en_US\" \/>\n<meta property=\"og:type\" content=\"article\" \/>\n<meta property=\"og:title\" content=\"[:tr]Katalog \u0130ndir[:en]Download Catalogue[:] - \u0130ZELTA\u015e\" \/>\n<meta property=\"og:description\" content=\"&nbsp;\" \/>\n<meta property=\"og:url\" content=\"https:\/\/izeltas.com.tr\/katalog-indir\/\" \/>\n<meta property=\"og:site_name\" content=\"\u0130ZELTA\u015e\" \/>\n<meta property=\"article:modified_time\" content=\"2026-04-14T05:27:06+00:00\" \/>\n<meta property=\"og:image\" content=\"https:\/\/izeltas.com.tr\/wp-content\/uploads\/2026\/02\/2026-01kapak.jpg\" \/>\n\t<meta property=\"og:image:width\" content=\"762\" \/>\n\t<meta property=\"og:image:height\" content=\"1080\" \/>\n\t<meta property=\"og:image:type\" content=\"image\/jpeg\" \/>\n<meta name=\"twitter:card\" content=\"summary_large_image\" \/>\n<meta name=\"twitter:label1\" content=\"Est. reading time\" \/>\n\t<meta name=\"twitter:data1\" content=\"1 minute\" \/>\n<script type=\"application\/ld+json\" class=\"yoast-schema-graph\">{\"@context\":\"https:\/\/schema.org\",\"@graph\":[{\"@type\":\"WebPage\",\"@id\":\"https:\/\/izeltas.com.tr\/katalog-indir\/\",\"url\":\"https:\/\/izeltas.com.tr\/katalog-indir\/\",\"name\":\"[:tr]Katalog \u0130ndir[:en]Download Catalogue[:] - \u0130ZELTA\u015e\",\"isPartOf\":{\"@id\":\"https:\/\/izeltas.com.tr\/#website\"},\"primaryImageOfPage\":{\"@id\":\"https:\/\/izeltas.com.tr\/katalog-indir\/#primaryimage\"},\"image\":{\"@id\":\"https:\/\/izeltas.com.tr\/katalog-indir\/#primaryimage\"},\"thumbnailUrl\":\"https:\/\/izeltas.com.tr\/wp-content\/uploads\/2026\/02\/2026-01kapak-677x960.jpg\",\"datePublished\":\"2021-05-26T08:09:03+00:00\",\"dateModified\":\"2026-04-14T05:27:06+00:00\",\"breadcrumb\":{\"@id\":\"https:\/\/izeltas.com.tr\/katalog-indir\/#breadcrumb\"},\"inLanguage\":\"en-US\",\"potentialAction\":[{\"@type\":\"ReadAction\",\"target\":[\"https:\/\/izeltas.com.tr\/katalog-indir\/\"]}]},{\"@type\":\"ImageObject\",\"inLanguage\":\"en-US\",\"@id\":\"https:\/\/izeltas.com.tr\/katalog-indir\/#primaryimage\",\"url\":\"https:\/\/izeltas.com.tr\/wp-content\/uploads\/2026\/02\/2026-01kapak-677x960.jpg\",\"contentUrl\":\"https:\/\/izeltas.com.tr\/wp-content\/uploads\/2026\/02\/2026-01kapak-677x960.jpg\"},{\"@type\":\"BreadcrumbList\",\"@id\":\"https:\/\/izeltas.com.tr\/katalog-indir\/#breadcrumb\",\"itemListElement\":[{\"@type\":\"ListItem\",\"position\":1,\"name\":\"Anasayfa\",\"item\":\"https:\/\/izeltas.com.tr\/\"},{\"@type\":\"ListItem\",\"position\":2,\"name\":\"Katalog \u0130ndir\"}]},{\"@type\":\"WebSite\",\"@id\":\"https:\/\/izeltas.com.tr\/#website\",\"url\":\"https:\/\/izeltas.com.tr\/\",\"name\":\"\u0130ZELTA\u015e\",\"description\":\"\u0130ZM\u0130R EL ALETLER\u0130 SANAY\u0130 VE T\u0130CARET A\u015e\",\"publisher\":{\"@id\":\"https:\/\/izeltas.com.tr\/#organization\"},\"potentialAction\":[{\"@type\":\"SearchAction\",\"target\":{\"@type\":\"EntryPoint\",\"urlTemplate\":\"https:\/\/izeltas.com.tr\/?s={search_term_string}\"},\"query-input\":{\"@type\":\"PropertyValueSpecification\",\"valueRequired\":true,\"valueName\":\"search_term_string\"}}],\"inLanguage\":\"en-US\"},{\"@type\":\"Organization\",\"@id\":\"https:\/\/izeltas.com.tr\/#organization\",\"name\":\"\u0130ZELTA\u015e\",\"url\":\"https:\/\/izeltas.com.tr\/\",\"logo\":{\"@type\":\"ImageObject\",\"inLanguage\":\"en-US\",\"@id\":\"https:\/\/izeltas.com.tr\/#\/schema\/logo\/image\/\",\"url\":\"https:\/\/izeltas.com.tr\/wp-content\/uploads\/2020\/12\/izeltas-logo.svg\",\"contentUrl\":\"https:\/\/izeltas.com.tr\/wp-content\/uploads\/2020\/12\/izeltas-logo.svg\",\"width\":1,\"height\":1,\"caption\":\"\u0130ZELTA\u015e\"},\"image\":{\"@id\":\"https:\/\/izeltas.com.tr\/#\/schema\/logo\/image\/\"}}]}<\/script>\n<!-- \/ Yoast SEO plugin. -->","yoast_head_json":{"title":"[:tr]Katalog \u0130ndir[:en]Download Catalogue[:] - \u0130ZELTA\u015e","robots":{"index":"index","follow":"follow","max-snippet":"max-snippet:-1","max-image-preview":"max-image-preview:large","max-video-preview":"max-video-preview:-1"},"canonical":"https:\/\/izeltas.com.tr\/katalog-indir\/","og_locale":"en_US","og_type":"article","og_title":"[:tr]Katalog \u0130ndir[:en]Download Catalogue[:] - \u0130ZELTA\u015e","og_description":"&nbsp;","og_url":"https:\/\/izeltas.com.tr\/katalog-indir\/","og_site_name":"\u0130ZELTA\u015e","article_modified_time":"2026-04-14T05:27:06+00:00","og_image":[{"width":762,"height":1080,"url":"https:\/\/izeltas.com.tr\/wp-content\/uploads\/2026\/02\/2026-01kapak.jpg","type":"image\/jpeg"}],"twitter_card":"summary_large_image","twitter_misc":{"Est. reading time":"1 minute"},"schema":{"@context":"https:\/\/schema.org","@graph":[{"@type":"WebPage","@id":"https:\/\/izeltas.com.tr\/katalog-indir\/","url":"https:\/\/izeltas.com.tr\/katalog-indir\/","name":"[:tr]Katalog \u0130ndir[:en]Download Catalogue[:] - \u0130ZELTA\u015e","isPartOf":{"@id":"https:\/\/izeltas.com.tr\/#website"},"primaryImageOfPage":{"@id":"https:\/\/izeltas.com.tr\/katalog-indir\/#primaryimage"},"image":{"@id":"https:\/\/izeltas.com.tr\/katalog-indir\/#primaryimage"},"thumbnailUrl":"https:\/\/izeltas.com.tr\/wp-content\/uploads\/2026\/02\/2026-01kapak-677x960.jpg","datePublished":"2021-05-26T08:09:03+00:00","dateModified":"2026-04-14T05:27:06+00:00","breadcrumb":{"@id":"https:\/\/izeltas.com.tr\/katalog-indir\/#breadcrumb"},"inLanguage":"en-US","potentialAction":[{"@type":"ReadAction","target":["https:\/\/izeltas.com.tr\/katalog-indir\/"]}]},{"@type":"ImageObject","inLanguage":"en-US","@id":"https:\/\/izeltas.com.tr\/katalog-indir\/#primaryimage","url":"https:\/\/izeltas.com.tr\/wp-content\/uploads\/2026\/02\/2026-01kapak-677x960.jpg","contentUrl":"https:\/\/izeltas.com.tr\/wp-content\/uploads\/2026\/02\/2026-01kapak-677x960.jpg"},{"@type":"BreadcrumbList","@id":"https:\/\/izeltas.com.tr\/katalog-indir\/#breadcrumb","itemListElement":[{"@type":"ListItem","position":1,"name":"Anasayfa","item":"https:\/\/izeltas.com.tr\/"},{"@type":"ListItem","position":2,"name":"Katalog \u0130ndir"}]},{"@type":"WebSite","@id":"https:\/\/izeltas.com.tr\/#website","url":"https:\/\/izeltas.com.tr\/","name":"\u0130ZELTA\u015e","description":"\u0130ZM\u0130R EL ALETLER\u0130 SANAY\u0130 VE T\u0130CARET A\u015e","publisher":{"@id":"https:\/\/izeltas.com.tr\/#organization"},"potentialAction":[{"@type":"SearchAction","target":{"@type":"EntryPoint","urlTemplate":"https:\/\/izeltas.com.tr\/?s={search_term_string}"},"query-input":{"@type":"PropertyValueSpecification","valueRequired":true,"valueName":"search_term_string"}}],"inLanguage":"en-US"},{"@type":"Organization","@id":"https:\/\/izeltas.com.tr\/#organization","name":"\u0130ZELTA\u015e","url":"https:\/\/izeltas.com.tr\/","logo":{"@type":"ImageObject","inLanguage":"en-US","@id":"https:\/\/izeltas.com.tr\/#\/schema\/logo\/image\/","url":"https:\/\/izeltas.com.tr\/wp-content\/uploads\/2020\/12\/izeltas-logo.svg","contentUrl":"https:\/\/izeltas.com.tr\/wp-content\/uploads\/2020\/12\/izeltas-logo.svg","width":1,"height":1,"caption":"\u0130ZELTA\u015e"},"image":{"@id":"https:\/\/izeltas.com.tr\/#\/schema\/logo\/image\/"}}]}},"_links":{"self":[{"href":"https:\/\/izeltas.com.tr\/en\/wp-json\/wp\/v2\/pages\/472","targetHints":{"allow":["GET"]}}],"collection":[{"href":"https:\/\/izeltas.com.tr\/en\/wp-json\/wp\/v2\/pages"}],"about":[{"href":"https:\/\/izeltas.com.tr\/en\/wp-json\/wp\/v2\/types\/page"}],"author":[{"embeddable":true,"href":"https:\/\/izeltas.com.tr\/en\/wp-json\/wp\/v2\/users\/5"}],"replies":[{"embeddable":true,"href":"https:\/\/izeltas.com.tr\/en\/wp-json\/wp\/v2\/comments?post=472"}],"version-history":[{"count":9,"href":"https:\/\/izeltas.com.tr\/en\/wp-json\/wp\/v2\/pages\/472\/revisions"}],"predecessor-version":[{"id":13201,"href":"https:\/\/izeltas.com.tr\/en\/wp-json\/wp\/v2\/pages\/472\/revisions\/13201"}],"wp:attachment":[{"href":"https:\/\/izeltas.com.tr\/en\/wp-json\/wp\/v2\/media?parent=472"}],"curies":[{"name":"wp","href":"https:\/\/api.w.org\/{rel}","templated":true}]}}