{"id":2178,"date":"2021-12-02T17:22:45","date_gmt":"2021-12-02T14:22:45","guid":{"rendered":"https:\/\/izeltas.com.tr\/?page_id=2178"},"modified":"2022-01-13T15:05:02","modified_gmt":"2022-01-13T12:05:02","slug":"servisler","status":"publish","type":"page","link":"https:\/\/izeltas.com.tr\/en\/servisler\/","title":{"rendered":"Services"},"content":{"rendered":"<p><\/p>\n<div class=\"product-technique-details table-responsive-lg\">\n<table class=\"table table-bordered\">\n<tbody>\n<tr>\n<td>\u00a0No<\/td>\n<td>Company Name<\/td>\n<td>Addresses<\/td>\n<td>Phone Number<\/td>\n<td>Document No<\/td>\n<td>City<\/td>\n<\/tr>\n<tr>\n<td data-sheets-value=\"{&quot;1&quot;:2,&quot;2&quot;:&quot;1&quot;}\" data-sheets-numberformat=\"{&quot;1&quot;:1}\">1<\/td>\n<td data-sheets-value=\"{&quot;1&quot;:2,&quot;2&quot;:&quot;AKT\u0130F BOB\u0130NAJ-ERSAN KAFKAS&quot;}\" data-sheets-numberformat=\"{&quot;1&quot;:1}\">AKT\u0130F BOB\u0130NAJ-ERSAN KAFKAS<\/td>\n<td data-sheets-value=\"{&quot;1&quot;:2,&quot;2&quot;:&quot;SANAY\u0130 S\u0130TES\u0130 YEN\u0130 MAH.ULUS CAD.NO:43 SAMSUN&quot;}\" data-sheets-numberformat=\"{&quot;1&quot;:1}\">SANAY\u0130 S\u0130TES\u0130 YEN\u0130 MAH.ULUS CAD.NO:43 SAMSUN<\/td>\n<td data-sheets-value=\"{&quot;1&quot;:2,&quot;2&quot;:&quot;03622281824&quot;}\" data-sheets-numberformat=\"{&quot;1&quot;:1}\">03622281824<\/td>\n<td data-sheets-value=\"{&quot;1&quot;:2,&quot;2&quot;:&quot;55-HYB-312&quot;}\" data-sheets-numberformat=\"{&quot;1&quot;:1}\">55-HYB-312<\/td>\n<td data-sheets-value=\"{&quot;1&quot;:2,&quot;2&quot;:&quot;SAMSUN&quot;}\" data-sheets-numberformat=\"{&quot;1&quot;:1}\">SAMSUN<\/td>\n<\/tr>\n<tr>\n<td data-sheets-value=\"{&quot;1&quot;:2,&quot;2&quot;:&quot;2&quot;}\" data-sheets-numberformat=\"{&quot;1&quot;:1}\">2<\/td>\n<td data-sheets-value=\"{&quot;1&quot;:2,&quot;2&quot;:&quot;BAYRAM CALBAY-\u00d6Z \u00dcST\u00dcN BOB\u0130NAJ&quot;}\" data-sheets-numberformat=\"{&quot;1&quot;:1}\">BAYRAM CALBAY-\u00d6Z \u00dcST\u00dcN BOB\u0130NAJ<\/td>\n<td data-sheets-value=\"{&quot;1&quot;:2,&quot;2&quot;:&quot;\u00c7AVU\u015eO\u011eLU MAH. KALAYLI (SANAY\u0130 2 CAD 8) SK. NO:7-9 YE\u015e\u0130LYURT&quot;}\" data-sheets-numberformat=\"{&quot;1&quot;:1}\">\u00c7AVU\u015eO\u011eLU MAH. KALAYLI (SANAY\u0130 2 CAD 8) SK. NO:7-9 YE\u015e\u0130LYURT<\/td>\n<td data-sheets-value=\"{&quot;1&quot;:2,&quot;2&quot;:&quot;04223364393&quot;}\" data-sheets-numberformat=\"{&quot;1&quot;:1}\">04223364393<\/td>\n<td data-sheets-value=\"{&quot;1&quot;:2,&quot;2&quot;:&quot;44-HYB-208&quot;}\" data-sheets-numberformat=\"{&quot;1&quot;:1}\">44-HYB-208<\/td>\n<td data-sheets-value=\"{&quot;1&quot;:2,&quot;2&quot;:&quot;MALATYA&quot;}\" data-sheets-numberformat=\"{&quot;1&quot;:1}\">MALATYA<\/td>\n<\/tr>\n<tr>\n<td data-sheets-value=\"{&quot;1&quot;:2,&quot;2&quot;:&quot;3&quot;}\" data-sheets-numberformat=\"{&quot;1&quot;:1}\">3<\/td>\n<td data-sheets-value=\"{&quot;1&quot;:2,&quot;2&quot;:&quot;H\u00dcSEY\u0130N Y\u00dcKSEL YATIK\u00c7I-YONCA ELEKTR\u0130K BOB\u0130NAJ AT\u00d6LYES\u0130&quot;}\" data-sheets-numberformat=\"{&quot;1&quot;:1}\">H\u00dcSEY\u0130N Y\u00dcKSEL YATIK\u00c7I-YONCA ELEKTR\u0130K BOB\u0130NAJ AT\u00d6LYES\u0130<\/td>\n<td data-sheets-value=\"{&quot;1&quot;:2,&quot;2&quot;:&quot;G\u00dcLTUR SANAY\u0130 S\u0130TES\u0130 NO:34K - 34J B\u00dcY\u00dcK\u00c7EKMECE\/&quot;}\" data-sheets-numberformat=\"{&quot;1&quot;:1}\">G\u00dcLTUR SANAY\u0130 S\u0130TES\u0130 NO:34K &#8211; 34J B\u00dcY\u00dcK\u00c7EKMECE\/<\/td>\n<td data-sheets-value=\"{&quot;1&quot;:2,&quot;2&quot;:&quot;02128610011&quot;}\" data-sheets-numberformat=\"{&quot;1&quot;:1}\">02128610011<\/td>\n<td data-sheets-value=\"{&quot;1&quot;:2,&quot;2&quot;:&quot;34-HYB-2727&quot;}\" data-sheets-numberformat=\"{&quot;1&quot;:1}\">34-HYB-2727<\/td>\n<td data-sheets-value=\"{&quot;1&quot;:2,&quot;2&quot;:&quot;\u0130STANBUL&quot;}\" data-sheets-numberformat=\"{&quot;1&quot;:1}\">\u0130STANBUL<\/td>\n<\/tr>\n<tr>\n<td data-sheets-value=\"{&quot;1&quot;:2,&quot;2&quot;:&quot;4&quot;}\" data-sheets-numberformat=\"{&quot;1&quot;:1}\">4<\/td>\n<td data-sheets-value=\"{&quot;1&quot;:2,&quot;2&quot;:&quot;\u0130ZELTA\u015e \u0130ZM\u0130R EL ALETLER\u0130 SANAY\u0130 VE T\u0130CARET ANON\u0130M \u015e\u0130RKET\u0130&quot;}\" data-sheets-numberformat=\"{&quot;1&quot;:1}\">\u0130ZELTA\u015e \u0130ZM\u0130R EL ALETLER\u0130 SANAY\u0130 VE T\u0130CARET ANON\u0130M \u015e\u0130RKET\u0130<\/td>\n<td data-sheets-value=\"{&quot;1&quot;:2,&quot;2&quot;:&quot;KARACAO\u011eLAN MAH\/SEMT KEMALPA\u015eA CAD. NO:303 BORNOVA&quot;}\" data-sheets-numberformat=\"{&quot;1&quot;:1}\">KARACAO\u011eLAN MAH\/SEMT KEMALPA\u015eA CAD. NO:303 BORNOVA<\/td>\n<td data-sheets-value=\"{&quot;1&quot;:2,&quot;2&quot;:&quot;02324721375&quot;}\" data-sheets-numberformat=\"{&quot;1&quot;:1}\">02324721375<\/td>\n<td data-sheets-value=\"{&quot;1&quot;:2,&quot;2&quot;:&quot;35-HYB-2161&quot;}\" data-sheets-numberformat=\"{&quot;1&quot;:1}\">35-HYB-2161<\/td>\n<td data-sheets-value=\"{&quot;1&quot;:2,&quot;2&quot;:&quot;\u0130ZM\u0130R&quot;}\" data-sheets-numberformat=\"{&quot;1&quot;:1}\">\u0130ZM\u0130R<\/td>\n<\/tr>\n<tr>\n<td data-sheets-value=\"{&quot;1&quot;:2,&quot;2&quot;:&quot;5&quot;}\" data-sheets-numberformat=\"{&quot;1&quot;:1}\">5<\/td>\n<td data-sheets-value=\"{&quot;1&quot;:2,&quot;2&quot;:&quot;NUSRET \u00d6ZDEM\u0130R - \u00d6ZDEM\u0130R BOB\u0130NAJ&quot;}\" data-sheets-numberformat=\"{&quot;1&quot;:1}\">NUSRET \u00d6ZDEM\u0130R &#8211; \u00d6ZDEM\u0130R BOB\u0130NAJ<\/td>\n<td data-sheets-value=\"{&quot;1&quot;:2,&quot;2&quot;:&quot;\u0130SMETPA\u015eA MAH. \u0130LK BELED\u0130YE BA\u015eKAN CAD. NO:2\/B \/&quot;}\" data-sheets-numberformat=\"{&quot;1&quot;:1}\">\u0130SMETPA\u015eA MAH. \u0130LK BELED\u0130YE BA\u015eKAN CAD. NO:2\/B \/<\/td>\n<td data-sheets-value=\"{&quot;1&quot;:2,&quot;2&quot;:&quot;03422322281&quot;}\" data-sheets-numberformat=\"{&quot;1&quot;:1}\">03422322281<\/td>\n<td data-sheets-value=\"{&quot;1&quot;:2,&quot;2&quot;:&quot;27-HYB-418&quot;}\" data-sheets-numberformat=\"{&quot;1&quot;:1}\">27-HYB-418<\/td>\n<td data-sheets-value=\"{&quot;1&quot;:2,&quot;2&quot;:&quot;GAZ\u0130ANTEP&quot;}\" data-sheets-numberformat=\"{&quot;1&quot;:1}\">GAZ\u0130ANTEP<\/td>\n<\/tr>\n<tr>\n<td data-sheets-value=\"{&quot;1&quot;:2,&quot;2&quot;:&quot;6&quot;}\" data-sheets-numberformat=\"{&quot;1&quot;:1}\">6<\/td>\n<td data-sheets-value=\"{&quot;1&quot;:2,&quot;2&quot;:&quot;VO-KART ELEKTR\u0130K ELEKTRON\u0130K TEKST\u0130L HAZIR G\u0130Y\u0130M DAYANIKLI T\u00dcKET\u0130M MALZEMELER\u0130 T\u0130C. SAN. LTD. \u015eT\u0130.&quot;}\" data-sheets-numberformat=\"{&quot;1&quot;:1}\">VO-KART ELEKTR\u0130K ELEKTRON\u0130K TEKST\u0130L HAZIR G\u0130Y\u0130M DAYANIKLI T\u00dcKET\u0130M MALZEMELER\u0130 T\u0130C. SAN. LTD. \u015eT\u0130.<\/td>\n<td data-sheets-value=\"{&quot;1&quot;:2,&quot;2&quot;:&quot;HACI\u0130LYAS MAH.GAZCILAR CAD. ER\u0130KL\u0130BAH\u00c7E SOKAK NO. 7\/B&quot;}\" data-sheets-numberformat=\"{&quot;1&quot;:1}\">HACI\u0130LYAS MAH.GAZCILAR CAD. ER\u0130KL\u0130BAH\u00c7E SOKAK NO. 7\/B<\/td>\n<td data-sheets-value=\"{&quot;1&quot;:2,&quot;2&quot;:&quot;02244415700&quot;}\" data-sheets-numberformat=\"{&quot;1&quot;:1}\">02244415700<\/td>\n<td data-sheets-value=\"{&quot;1&quot;:2,&quot;2&quot;:&quot;16-HYB-345&quot;}\" data-sheets-numberformat=\"{&quot;1&quot;:1}\">16-HYB-345<\/td>\n<td data-sheets-value=\"{&quot;1&quot;:2,&quot;2&quot;:&quot;BURSA&quot;}\" data-sheets-numberformat=\"{&quot;1&quot;:1}\">BURSA<\/td>\n<\/tr>\n<tr>\n<td data-sheets-value=\"{&quot;1&quot;:2,&quot;2&quot;:&quot;7&quot;}\" data-sheets-numberformat=\"{&quot;1&quot;:1}\">7<\/td>\n<td data-sheets-value=\"{&quot;1&quot;:2,&quot;2&quot;:&quot;YAVUZHAN BOB\u0130NAJ HIRDAVAT MAK\u0130NA SANAY\u0130 VE T\u0130CARET LTD. \u015eT\u0130.&quot;}\" data-sheets-numberformat=\"{&quot;1&quot;:1}\">YAVUZHAN BOB\u0130NAJ HIRDAVAT MAK\u0130NA SANAY\u0130 VE T\u0130CARET LTD. \u015eT\u0130.<\/td>\n<td data-sheets-value=\"{&quot;1&quot;:2,&quot;2&quot;:&quot;KARATAY SANAY\u0130 \u00c7OBANDEDE SOKAK NO:20&quot;}\" data-sheets-numberformat=\"{&quot;1&quot;:1}\">KARATAY SANAY\u0130 \u00c7OBANDEDE SOKAK NO:20<\/td>\n<td data-sheets-value=\"{&quot;1&quot;:2,&quot;2&quot;:&quot;03322332960&quot;}\" data-sheets-numberformat=\"{&quot;1&quot;:1}\">03322332960<\/td>\n<td data-sheets-value=\"{&quot;1&quot;:2,&quot;2&quot;:&quot;42-hyb-32&quot;}\" data-sheets-numberformat=\"{&quot;1&quot;:1}\">42-HYB-32<\/td>\n<td data-sheets-value=\"{&quot;1&quot;:2,&quot;2&quot;:&quot;KONYA&quot;}\" data-sheets-numberformat=\"{&quot;1&quot;:1}\">KONYA<\/td>\n<\/tr>\n<tr>\n<td>8<\/td>\n<td>FLA\u015e HIRDAVAT VE BOB\u0130NAJ SANAY\u0130 T\u0130C. SAN. LTD. \u015eT\u0130.<\/td>\n<td>S\u0130TELER MAH. 159 CADDE NO:4\/D PK:33040<\/td>\n<td>03243360232<\/td>\n<td>33-HYB-180<\/td>\n<td>MERS\u0130N<\/td>\n<\/tr>\n<\/tbody>\n<\/table>\n<\/div>\n<p><\/p>","protected":false},"excerpt":{"rendered":"<p>\u00a0No Company Name Addresses Phone Number Document No City 1 AKT\u0130F BOB\u0130NAJ-ERSAN KAFKAS SANAY\u0130 S\u0130TES\u0130 YEN\u0130 MAH.ULUS CAD.NO:43 SAMSUN 03622281824 55-HYB-312 SAMSUN 2 BAYRAM CALBAY-\u00d6Z \u00dcST\u00dcN BOB\u0130NAJ \u00c7AVU\u015eO\u011eLU MAH. KALAYLI (SANAY\u0130 2 CAD 8) SK. NO:7-9 YE\u015e\u0130LYURT 04223364393 44-HYB-208 MALATYA 3 H\u00dcSEY\u0130N Y\u00dcKSEL YATIK\u00c7I-YONCA ELEKTR\u0130K BOB\u0130NAJ AT\u00d6LYES\u0130 G\u00dcLTUR SANAY\u0130 S\u0130TES\u0130 NO:34K &#8211; 34J B\u00dcY\u00dcK\u00c7EKMECE\/ 02128610011 [&hellip;]<\/p>\n","protected":false},"author":5,"featured_media":0,"parent":0,"menu_order":0,"comment_status":"closed","ping_status":"closed","template":"template-services.php","meta":{"_acf_changed":false,"footnotes":""},"class_list":["post-2178","page","type-page","status-publish","hentry"],"acf":[],"yoast_head":"<!-- This site is optimized with the Yoast SEO plugin v25.3 - https:\/\/yoast.com\/wordpress\/plugins\/seo\/ -->\n<title>Services - \u0130ZELTA\u015e<\/title>\n<meta name=\"robots\" content=\"index, follow, max-snippet:-1, max-image-preview:large, max-video-preview:-1\" \/>\n<link rel=\"canonical\" href=\"https:\/\/izeltas.com.tr\/servisler\/\" \/>\n<meta property=\"og:locale\" content=\"en_US\" \/>\n<meta property=\"og:type\" content=\"article\" \/>\n<meta property=\"og:title\" content=\"[:tr]Servisler[:en]Services[:] - \u0130ZELTA\u015e\" \/>\n<meta property=\"og:description\" content=\"\u00a0No Company Name Addresses Phone Number Document No City 1 AKT\u0130F BOB\u0130NAJ-ERSAN KAFKAS SANAY\u0130 S\u0130TES\u0130 YEN\u0130 MAH.ULUS CAD.NO:43 SAMSUN 03622281824 55-HYB-312 SAMSUN 2 BAYRAM CALBAY-\u00d6Z \u00dcST\u00dcN BOB\u0130NAJ \u00c7AVU\u015eO\u011eLU MAH. KALAYLI (SANAY\u0130 2 CAD 8) SK. NO:7-9 YE\u015e\u0130LYURT 04223364393 44-HYB-208 MALATYA 3 H\u00dcSEY\u0130N Y\u00dcKSEL YATIK\u00c7I-YONCA ELEKTR\u0130K BOB\u0130NAJ AT\u00d6LYES\u0130 G\u00dcLTUR SANAY\u0130 S\u0130TES\u0130 NO:34K &#8211; 34J B\u00dcY\u00dcK\u00c7EKMECE\/ 02128610011 [&hellip;]\" \/>\n<meta property=\"og:url\" content=\"https:\/\/izeltas.com.tr\/servisler\/\" \/>\n<meta property=\"og:site_name\" content=\"\u0130ZELTA\u015e\" \/>\n<meta property=\"article:modified_time\" content=\"2022-01-13T12:05:02+00:00\" \/>\n<meta name=\"twitter:card\" content=\"summary_large_image\" \/>\n<meta name=\"twitter:label1\" content=\"Est. reading time\" \/>\n\t<meta name=\"twitter:data1\" content=\"1 minute\" \/>\n<script type=\"application\/ld+json\" class=\"yoast-schema-graph\">{\"@context\":\"https:\/\/schema.org\",\"@graph\":[{\"@type\":\"WebPage\",\"@id\":\"https:\/\/izeltas.com.tr\/servisler\/\",\"url\":\"https:\/\/izeltas.com.tr\/servisler\/\",\"name\":\"[:tr]Servisler[:en]Services[:] - \u0130ZELTA\u015e\",\"isPartOf\":{\"@id\":\"https:\/\/izeltas.com.tr\/#website\"},\"datePublished\":\"2021-12-02T14:22:45+00:00\",\"dateModified\":\"2022-01-13T12:05:02+00:00\",\"breadcrumb\":{\"@id\":\"https:\/\/izeltas.com.tr\/servisler\/#breadcrumb\"},\"inLanguage\":\"en-US\",\"potentialAction\":[{\"@type\":\"ReadAction\",\"target\":[\"https:\/\/izeltas.com.tr\/servisler\/\"]}]},{\"@type\":\"BreadcrumbList\",\"@id\":\"https:\/\/izeltas.com.tr\/servisler\/#breadcrumb\",\"itemListElement\":[{\"@type\":\"ListItem\",\"position\":1,\"name\":\"Anasayfa\",\"item\":\"https:\/\/izeltas.com.tr\/\"},{\"@type\":\"ListItem\",\"position\":2,\"name\":\"Servisler\"}]},{\"@type\":\"WebSite\",\"@id\":\"https:\/\/izeltas.com.tr\/#website\",\"url\":\"https:\/\/izeltas.com.tr\/\",\"name\":\"\u0130ZELTA\u015e\",\"description\":\"\u0130ZM\u0130R EL ALETLER\u0130 SANAY\u0130 VE T\u0130CARET A\u015e\",\"publisher\":{\"@id\":\"https:\/\/izeltas.com.tr\/#organization\"},\"potentialAction\":[{\"@type\":\"SearchAction\",\"target\":{\"@type\":\"EntryPoint\",\"urlTemplate\":\"https:\/\/izeltas.com.tr\/?s={search_term_string}\"},\"query-input\":{\"@type\":\"PropertyValueSpecification\",\"valueRequired\":true,\"valueName\":\"search_term_string\"}}],\"inLanguage\":\"en-US\"},{\"@type\":\"Organization\",\"@id\":\"https:\/\/izeltas.com.tr\/#organization\",\"name\":\"\u0130ZELTA\u015e\",\"url\":\"https:\/\/izeltas.com.tr\/\",\"logo\":{\"@type\":\"ImageObject\",\"inLanguage\":\"en-US\",\"@id\":\"https:\/\/izeltas.com.tr\/#\/schema\/logo\/image\/\",\"url\":\"https:\/\/izeltas.com.tr\/wp-content\/uploads\/2020\/12\/izeltas-logo.svg\",\"contentUrl\":\"https:\/\/izeltas.com.tr\/wp-content\/uploads\/2020\/12\/izeltas-logo.svg\",\"width\":1,\"height\":1,\"caption\":\"\u0130ZELTA\u015e\"},\"image\":{\"@id\":\"https:\/\/izeltas.com.tr\/#\/schema\/logo\/image\/\"}}]}<\/script>\n<!-- \/ Yoast SEO plugin. -->","yoast_head_json":{"title":"[:tr]Servisler[:en]Services[:] - \u0130ZELTA\u015e","robots":{"index":"index","follow":"follow","max-snippet":"max-snippet:-1","max-image-preview":"max-image-preview:large","max-video-preview":"max-video-preview:-1"},"canonical":"https:\/\/izeltas.com.tr\/servisler\/","og_locale":"en_US","og_type":"article","og_title":"[:tr]Servisler[:en]Services[:] - \u0130ZELTA\u015e","og_description":"\u00a0No Company Name Addresses Phone Number Document No City 1 AKT\u0130F BOB\u0130NAJ-ERSAN KAFKAS SANAY\u0130 S\u0130TES\u0130 YEN\u0130 MAH.ULUS CAD.NO:43 SAMSUN 03622281824 55-HYB-312 SAMSUN 2 BAYRAM CALBAY-\u00d6Z \u00dcST\u00dcN BOB\u0130NAJ \u00c7AVU\u015eO\u011eLU MAH. KALAYLI (SANAY\u0130 2 CAD 8) SK. NO:7-9 YE\u015e\u0130LYURT 04223364393 44-HYB-208 MALATYA 3 H\u00dcSEY\u0130N Y\u00dcKSEL YATIK\u00c7I-YONCA ELEKTR\u0130K BOB\u0130NAJ AT\u00d6LYES\u0130 G\u00dcLTUR SANAY\u0130 S\u0130TES\u0130 NO:34K &#8211; 34J B\u00dcY\u00dcK\u00c7EKMECE\/ 02128610011 [&hellip;]","og_url":"https:\/\/izeltas.com.tr\/servisler\/","og_site_name":"\u0130ZELTA\u015e","article_modified_time":"2022-01-13T12:05:02+00:00","twitter_card":"summary_large_image","twitter_misc":{"Est. reading time":"1 minute"},"schema":{"@context":"https:\/\/schema.org","@graph":[{"@type":"WebPage","@id":"https:\/\/izeltas.com.tr\/servisler\/","url":"https:\/\/izeltas.com.tr\/servisler\/","name":"[:tr]Servisler[:en]Services[:] - \u0130ZELTA\u015e","isPartOf":{"@id":"https:\/\/izeltas.com.tr\/#website"},"datePublished":"2021-12-02T14:22:45+00:00","dateModified":"2022-01-13T12:05:02+00:00","breadcrumb":{"@id":"https:\/\/izeltas.com.tr\/servisler\/#breadcrumb"},"inLanguage":"en-US","potentialAction":[{"@type":"ReadAction","target":["https:\/\/izeltas.com.tr\/servisler\/"]}]},{"@type":"BreadcrumbList","@id":"https:\/\/izeltas.com.tr\/servisler\/#breadcrumb","itemListElement":[{"@type":"ListItem","position":1,"name":"Anasayfa","item":"https:\/\/izeltas.com.tr\/"},{"@type":"ListItem","position":2,"name":"Servisler"}]},{"@type":"WebSite","@id":"https:\/\/izeltas.com.tr\/#website","url":"https:\/\/izeltas.com.tr\/","name":"\u0130ZELTA\u015e","description":"\u0130ZM\u0130R EL ALETLER\u0130 SANAY\u0130 VE T\u0130CARET A\u015e","publisher":{"@id":"https:\/\/izeltas.com.tr\/#organization"},"potentialAction":[{"@type":"SearchAction","target":{"@type":"EntryPoint","urlTemplate":"https:\/\/izeltas.com.tr\/?s={search_term_string}"},"query-input":{"@type":"PropertyValueSpecification","valueRequired":true,"valueName":"search_term_string"}}],"inLanguage":"en-US"},{"@type":"Organization","@id":"https:\/\/izeltas.com.tr\/#organization","name":"\u0130ZELTA\u015e","url":"https:\/\/izeltas.com.tr\/","logo":{"@type":"ImageObject","inLanguage":"en-US","@id":"https:\/\/izeltas.com.tr\/#\/schema\/logo\/image\/","url":"https:\/\/izeltas.com.tr\/wp-content\/uploads\/2020\/12\/izeltas-logo.svg","contentUrl":"https:\/\/izeltas.com.tr\/wp-content\/uploads\/2020\/12\/izeltas-logo.svg","width":1,"height":1,"caption":"\u0130ZELTA\u015e"},"image":{"@id":"https:\/\/izeltas.com.tr\/#\/schema\/logo\/image\/"}}]}},"_links":{"self":[{"href":"https:\/\/izeltas.com.tr\/en\/wp-json\/wp\/v2\/pages\/2178","targetHints":{"allow":["GET"]}}],"collection":[{"href":"https:\/\/izeltas.com.tr\/en\/wp-json\/wp\/v2\/pages"}],"about":[{"href":"https:\/\/izeltas.com.tr\/en\/wp-json\/wp\/v2\/types\/page"}],"author":[{"embeddable":true,"href":"https:\/\/izeltas.com.tr\/en\/wp-json\/wp\/v2\/users\/5"}],"replies":[{"embeddable":true,"href":"https:\/\/izeltas.com.tr\/en\/wp-json\/wp\/v2\/comments?post=2178"}],"version-history":[{"count":0,"href":"https:\/\/izeltas.com.tr\/en\/wp-json\/wp\/v2\/pages\/2178\/revisions"}],"wp:attachment":[{"href":"https:\/\/izeltas.com.tr\/en\/wp-json\/wp\/v2\/media?parent=2178"}],"curies":[{"name":"wp","href":"https:\/\/api.w.org\/{rel}","templated":true}]}}