{"id":2040,"date":"2021-11-16T15:25:26","date_gmt":"2021-11-16T12:25:26","guid":{"rendered":"https:\/\/izeltas.com.tr\/?page_id=2040"},"modified":"2021-11-16T15:26:11","modified_gmt":"2021-11-16T12:26:11","slug":"kullanim-kosullari","status":"publish","type":"page","link":"https:\/\/izeltas.com.tr\/en\/kullanim-kosullari\/","title":{"rendered":"Kullan\u0131m Ko\u015fullar\u0131"},"content":{"rendered":"<p class=\"qtranxs-available-languages-message qtranxs-available-languages-message-en\">Sorry, this entry is only available in <a href=\"https:\/\/izeltas.com.tr\/tr\/wp-json\/wp\/v2\/pages\/2040\" class=\"qtranxs-available-language-link qtranxs-available-language-link-tr\" title=\"TR\">TR<\/a>.<\/p><p><strong>KULLANIM KO\u015eULLARI<\/strong><\/p>\n<p>Bu b\u00f6l\u00fcm, \u0130zelta\u015f \u0130zmir El Aletleri Sanayi ve Ticaret Anonim \u015eirketi\u2019nin \u0130nternet Sitesinin ( bundan sonra \u201cSite\u201d olarak an\u0131lacakt\u0131r) ziyaret ve kullan\u0131m ko\u015fullar\u0131 ile \u0130zelta\u015f \u0130zmir El Aletleri Sanayi ve Ticaret Anonim \u015eirketi\u2019nin ( bundan sonra \u201cFirma\u201d olarak an\u0131lacakt\u0131r.) haklar\u0131n\u0131 i\u00e7ermektedir. Siteyi kullanmak isterseniz l\u00fctfen bu h\u00fck\u00fcm ve ko\u015fullar\u0131 dikkatle okuyunuz ve an\u0131l\u0131 ko\u015fullar\u0131n ba\u011flay\u0131c\u0131 oldu\u011funu unutmay\u0131n\u0131z.<\/p>\n<p>\u0130\u015fbu Site i\u00e7eri\u011finde yer alan t\u00fcm eserler (yaz\u0131, resim, g\u00f6r\u00fcnt\u00fc, foto\u011fraf, video, m\u00fczik vb.) ile \u00fcr\u00fcnler ve \u00fcr\u00fcn \u00f6zellikleri(\u00fcr\u00fcn bilgileri, g\u00f6rselleri, teknik \u00f6zellikler, fiyatlar vb) \u0130zelta\u015f \u0130zmir El Aletleri Sanayi ve Ticaret Anonim \u015eirketi\u2019ne ( firma) ait olup, firman\u0131n fikri ve s\u0131nai haklar\u0131 kapsam\u0131nda Ulusal ve Uluslararas\u0131 Mevzuata uygun olarak korunmaktad\u0131r. Firman\u0131n an\u0131l\u0131 haklar\u0131n\u0131 ihlal eden ki\u015filer ilgili mevzuatta yer alan hukuki ve cezai yapt\u0131r\u0131mlara tabi olurlar.<\/p>\n<p>\u0130\u015fbu Sitenin her hangi bir sayfas\u0131na girilmesi veya sitenin kullan\u0131lmas\u0131 halinde a\u015fa\u011f\u0131da belirtilen \u015fartlar, <em>yaz\u0131lanlarla s\u0131n\u0131rl\u0131 olmamak kayd\u0131yla,<\/em> kullan\u0131c\u0131 taraf\u0131ndan kabul edilmi\u015f say\u0131l\u0131r. Bahsi ge\u00e7en \u015fartlar\u0131n kabul edilmemesi halinde siteye girilmemelidir.<\/p>\n<p>Firma, a\u015fa\u011f\u0131da belirtilen ko\u015fullarda her zaman de\u011fi\u015fiklik yapma hakk\u0131na sahiptir. Bahsi ge\u00e7en \u201cKullan\u0131m Ko\u015fullar\u0131n\u0131\u201d d\u00fczenli olarak takip etmek, kullan\u0131c\u0131lar\u0131n sorumlulu\u011fundad\u0131r. Kullan\u0131m Ko\u015fullar\u0131nda de\u011fi\u015fiklik yap\u0131lmas\u0131n\u0131n akabinde siteyi kullanmaya devam eden kullan\u0131c\u0131lar Kullan\u0131m Ko\u015fullar\u0131ndaki de\u011fi\u015fikli\u011fi de kabul etmi\u015f say\u0131l\u0131rlar.<\/p>\n<p>&nbsp;<\/p>\n<p><strong>F\u0130KR\u0130 M\u00dcLK\u0130YET HAKLARINA \u0130L\u0130\u015eK\u0130N <\/strong><\/p>\n<p>Sitede yer alan t\u00fcm materyallerin, eserlerin, logolar\u0131n, markalar\u0131n ve bilgilerin ve benzerlerinin telif hakk\u0131 dahil ancak bununla s\u0131n\u0131rl\u0131 olmamak \u00fczere her t\u00fcrl\u00fc fikri ve s\u0131nai haklar\u0131 \u0130zelta\u015f \u0130zmir El Aletleri Sanayi ve Ticaret Anonim \u015eirketi\u2019ne aittir.<\/p>\n<p>Sitede yer alan t\u00fcm bilgiler, logolar, sloganlar, markalar, \u00fcr\u00fcn g\u00f6rselleri, videolar, yaz\u0131lar, tasar\u0131mlar, programlar, linkler ve benzerleri yaln\u0131zca bilgi payla\u015f\u0131m\u0131 amac\u0131yla sunulmaktad\u0131r. Site i\u00e7eri\u011finde yer alan bilgi, sayfa, video, g\u00f6rsel, tasar\u0131m veya di\u011fer unsurlar her ne suretle olurla olsun firman\u0131n yaz\u0131l\u0131 izni olmaks\u0131z\u0131n ticari ama\u00e7la veya ticari ama\u00e7 olmaks\u0131z\u0131n tamamen veya k\u0131smen kopyalanamaz, \u00e7o\u011falt\u0131lamaz, idare edilemez, kamuya mal edilemez, de\u011fi\u015ftirilemez, d\u00fczenlenemez, indirilemez, farkl\u0131la\u015ft\u0131r\u0131lamaz, iletilemez, da\u011f\u0131t\u0131lamaz ve an\u0131l\u0131 veriler ile ba\u015fka bir faaliyette bulunulamaz.<\/p>\n<p>&nbsp;<\/p>\n<p><strong>S\u0130TEYE ER\u0130\u015e\u0130M<\/strong><\/p>\n<p>Farkl\u0131 sebeplerle sitenin eri\u015filebilir olmamas\u0131ndan firma sorumlu olmad\u0131\u011f\u0131 gibi firma herhangi bir duyuru yap\u0131lmaks\u0131z\u0131n ge\u00e7ici veya s\u00fcrekli olarak siteye eri\u015fimi durdurma hakk\u0131na da sahiptir.<\/p>\n<p>&nbsp;<\/p>\n<p><strong>BA\u011eLANTILAR<\/strong><\/p>\n<p>Site i\u00e7erisinde ba\u015fka web sitelerine ba\u011flant\u0131lar bulunabilir. Sitemiz \u00fczerinden ba\u011flant\u0131 sa\u011flanan herhangi, Web Sitesi ile ilgili olarak firman\u0131n her ne suretle olursa olsun hi\u00e7bir sorumlulu\u011fu bulunmamaktad\u0131r. Firma, bahsi ge\u00e7en web sitelerine ili\u015fkin olarak ilgili mevzuata uyumluluk dahil ancak bununla s\u0131n\u0131rl\u0131 olmaks\u0131z\u0131n hi\u00e7bir garanti veya taahh\u00fctte bulunmamaktad\u0131r.\u00a0\u00a0 \u00a0S\u00f6z konusu ba\u011flant\u0131lar, kullan\u0131c\u0131lara yaln\u0131zca kullan\u0131m kolayl\u0131\u011f\u0131 sa\u011flamak amac\u0131yla payla\u015f\u0131lm\u0131\u015ft\u0131r.<\/p>\n<p>Ayr\u0131ca, Site\u2019den veya ba\u011flant\u0131s\u0131 payla\u015f\u0131lan di\u011fer web sitelerinden kaynaklanabilecek herhangi bir vir\u00fcs bula\u015fmas\u0131 dahil ancak bununla s\u0131n\u0131rl\u0131 olmayan bula\u015fmalar ve zarardan firmam\u0131z sorumlu olmay\u0131p, an\u0131l\u0131 bula\u015fmalar\u0131 \u00f6nlemek i\u00e7in gerekli \u00f6nlemleri almak kullan\u0131c\u0131lar\u0131n sorumlulu\u011fundad\u0131r.<\/p>\n<p>&nbsp;<\/p>\n<p><strong>B\u0130LG\u0130LER VE SORUMLULUK SINIRI<\/strong><\/p>\n<p>Firma, site i\u00e7erisinde yer alan \u00fcr\u00fcnlerin teknik \u00f6zellikleri, g\u00f6r\u00fcn\u00fcm\u00fc, fiyat\u0131, \u00f6l\u00e7\u00fcleri dahil ancak bununla s\u0131n\u0131rl\u0131 olmayan herhangi bir bilginin g\u00fcncel tutulmas\u0131 i\u00e7in elinden gelen \u00e7abay\u0131 g\u00f6stermektedir. Bununla birlikte, firma, sitede yer alan bilgilerin do\u011fru, hatas\u0131z, g\u00fcncel veya eksiksiz oldu\u011funu taahh\u00fct etmemektedir. Firma, site i\u00e7erisinde mevcut \u00fcr\u00fcnleri, \u00fcr\u00fcn bilgilerini,fiyatlar\u0131, g\u00f6rselleri, siteyi kullanma ko\u015fullar\u0131n\u0131 veya sitede sunulan herhangi bir bilgiyi \u00f6nceden hi\u00e7bir ihtara gerek olmaks\u0131z\u0131n de\u011fi\u015ftirme, siteyi yeniden organize etme veya g\u00fcncelleme hakk\u0131n\u0131 haizdir.<\/p>\n<p>\u0130\u015fbu Sitede yer alan beyanlar veya bilgiler hukuken taahh\u00fct niteli\u011finde olmay\u0131p, her ne suretle olursa olsun ba\u011flay\u0131c\u0131 de\u011fildir. Site i\u00e7erisindeki herhangi bir bilgi veya belgeye ili\u015fkin olarak \u00fc\u00e7\u00fcnc\u00fc \u015fah\u0131slar\u0131n haklar\u0131n\u0131n ihlal edilmemesi; m\u00fclkiyet, belirli bir ama\u00e7 i\u00e7in uygunluk ve\/veya vir\u00fcs bula\u015fmalar\u0131na ili\u015fkin garantiler d\u00e2hil, ancak bunlarla s\u0131n\u0131rl\u0131 kalmamak kayd\u0131yla, z\u0131mnen, a\u00e7\u0131k\u00e7a ya da yasal olarak hi\u00e7bir \u015fekilde kullan\u0131c\u0131lara garanti verilmemektedir. Bu sebeplerle site i\u00e7erisinde yer alan bilgilerdeki, belgelerdeki veya elektronik dok\u00fcmanlardaki hatalardan, yanl\u0131\u015fl\u0131klardan, eksikliklerden ya da an\u0131l\u0131 bilgi veya dokumanlar uyar\u0131nca yap\u0131lan i\u015flemlerden do\u011facak\/do\u011fabilecek, do\u011frudan veya dolayl\u0131, her t\u00fcrl\u00fc maddi\/manevi zararlar ve masraflardan, bu t\u00fcr bir zarar olas\u0131l\u0131\u011f\u0131ndan haberdar edilmi\u015f olsalar dahi, firmam\u0131z sorumlu tutulamaz.<\/p>\n<p>Sitede yer alan t\u00fcm bilgiler \u00f6nceden haber verilmeksizin firma taraf\u0131ndan tek tarafl\u0131 olarak her zaman de\u011fi\u015ftirilebilir, eri\u015fim s\u0131n\u0131rland\u0131r\u0131labilir ya da kald\u0131r\u0131labilir. Sitede yer alan bilgilerin \u00e7e\u015fitli nedenlerle g\u00fcncelle\u015ftirilmemesi; sitede olmas\u0131 muhtemel bir hatal\u0131 bilgi, eksiklik ya da de\u011fi\u015fiklikten dolay\u0131 Firma her ne nam alt\u0131nda olursa olsun sorumlu de\u011fildir.<\/p>\n<p>Her hangi bir bilgi, belge, ba\u011flant\u0131, g\u00f6rsel vb. kullan\u0131c\u0131lar taraf\u0131ndan indirilmeden \u00f6nce vir\u00fcslerden korunma konusunda gerekli \u00f6nlemlerin kullan\u0131c\u0131lar taraf\u0131ndan al\u0131nmas\u0131 tavsiye edilmekte olup, firman\u0131n i\u015fbu hususta sorumlulu\u011fu veya herhangi bir taahh\u00fcd\u00fc bulunmamaktad\u0131r. Firma ve Firma personeli, y\u00f6neticileri, \u00e7al\u0131\u015fanlar\u0131 ya da ba\u011flant\u0131l\u0131 ki\u015filer herhangi bir \u015fekilde Sitenin kullan\u0131m\u0131na veya Sitenin kullan\u0131lmas\u0131n\u0131n sonucuna ili\u015fkin ya da Siteye ba\u011flant\u0131 veren\/Sitenin ba\u011flant\u0131 verdi\u011fi herhangi bir web sitesine veya i\u015fbu Sitedeki herhangi bir unsura ili\u015fkin olarak kullan\u0131c\u0131lara veya \u00fc\u00e7\u00fcnc\u00fc bir \u015fahsa kar\u015f\u0131 do\u011frudan zarar tazmini, dolayl\u0131 zarar tazmini, gelir kayb\u0131 tazmini, maddi veya manevi zarar tazmini d\u00e2hil fakat bununla s\u0131n\u0131rl\u0131 olmaks\u0131z\u0131n her ne nam ad\u0131 alt\u0131nda olursa olsun herhangi bir y\u00fck\u00fcml\u00fcl\u00fck veya sorumluluk alt\u0131nda de\u011fildir.<\/p>\n<p>Site i\u00e7erisinde yer alan g\u00f6rsellerde veya videolarda yer alan montaj, ba\u011flant\u0131 detaylar\u0131, kullan\u0131m alanlar\u0131 veya g\u00fcvenlik \u00f6nlemleri \u00fcr\u00fcnlerin do\u011fru kullan\u0131m\u0131 i\u00e7in bir \u00f6rnek te\u015fkil etmez. \u00dcr\u00fcnleri kullanan ki\u015filer, \u00fcr\u00fcnler ile ilgili g\u00fcvenlik uyar\u0131lar\u0131na ve ayr\u0131ca \u00fcr\u00fcnlere ili\u015fkin ek g\u00fcvenlik\/kullan\u0131m talimatlar\u0131na uymakla y\u00fck\u00fcml\u00fcd\u00fcr, aksi takdirde ortaya \u00e7\u0131kacak zararlardan firma hi\u00e7bir suretle sorumlu tutulamaz.<\/p>\n<p><strong>\u00a0<\/strong><\/p>\n<p><strong>YETK\u0130L\u0130 MAHKEME<\/strong><\/p>\n<p>Kullan\u0131c\u0131lar sitenin telif hakk\u0131 ve kullan\u0131m ko\u015fullar\u0131 hususunda Firman\u0131n t\u00fcm talep ve a\u00e7\u0131klamalar\u0131n\u0131 kabul ettiklerini beyan ve taahh\u00fct eder. Kullan\u0131m \u015fartlar\u0131yla ilgili ortaya \u00e7\u0131kabilecek ihtilaflarda, m\u00fcnhas\u0131ran T\u00fcrk Hukuku kapsam\u0131nda \u0130zmir Mahkemeleri ve \u0130cra Daireleri yetkilidir.<\/p>\n<p>&nbsp;<\/p>\n<p>&nbsp;<\/p>","protected":false},"excerpt":{"rendered":"<p>Sorry, this entry is only available in TR.KULLANIM KO\u015eULLARI Bu b\u00f6l\u00fcm, \u0130zelta\u015f \u0130zmir El Aletleri Sanayi ve Ticaret Anonim \u015eirketi\u2019nin \u0130nternet Sitesinin ( bundan sonra \u201cSite\u201d olarak an\u0131lacakt\u0131r) ziyaret ve kullan\u0131m ko\u015fullar\u0131 ile \u0130zelta\u015f \u0130zmir El Aletleri Sanayi ve Ticaret Anonim \u015eirketi\u2019nin ( bundan sonra \u201cFirma\u201d olarak an\u0131lacakt\u0131r.) haklar\u0131n\u0131 i\u00e7ermektedir. Siteyi kullanmak isterseniz l\u00fctfen bu [&hellip;]<\/p>\n","protected":false},"author":5,"featured_media":0,"parent":0,"menu_order":0,"comment_status":"closed","ping_status":"closed","template":"","meta":{"_acf_changed":false,"footnotes":""},"class_list":["post-2040","page","type-page","status-publish","hentry"],"acf":[],"yoast_head":"<!-- This site is optimized with the Yoast SEO plugin v25.3 - https:\/\/yoast.com\/wordpress\/plugins\/seo\/ -->\n<title><\/title>\n<meta name=\"robots\" content=\"index, follow, max-snippet:-1, max-image-preview:large, max-video-preview:-1\" \/>\n<link rel=\"canonical\" href=\"https:\/\/izeltas.com.tr\/kullanim-kosullari\/\" \/>\n<meta property=\"og:locale\" content=\"en_US\" \/>\n<meta property=\"og:type\" content=\"article\" \/>\n<meta property=\"og:title\" content=\"[:tr]Kullan\u0131m Ko\u015fullar\u0131[:] - \u0130ZELTA\u015e\" \/>\n<meta property=\"og:description\" content=\"Sorry, this entry is only available in TR.KULLANIM KO\u015eULLARI Bu b\u00f6l\u00fcm, \u0130zelta\u015f \u0130zmir El Aletleri Sanayi ve Ticaret Anonim \u015eirketi\u2019nin \u0130nternet Sitesinin ( bundan sonra \u201cSite\u201d olarak an\u0131lacakt\u0131r) ziyaret ve kullan\u0131m ko\u015fullar\u0131 ile \u0130zelta\u015f \u0130zmir El Aletleri Sanayi ve Ticaret Anonim \u015eirketi\u2019nin ( bundan sonra \u201cFirma\u201d olarak an\u0131lacakt\u0131r.) haklar\u0131n\u0131 i\u00e7ermektedir. Siteyi kullanmak isterseniz l\u00fctfen bu [&hellip;]\" \/>\n<meta property=\"og:url\" content=\"https:\/\/izeltas.com.tr\/kullanim-kosullari\/\" \/>\n<meta property=\"og:site_name\" content=\"\u0130ZELTA\u015e\" \/>\n<meta property=\"article:modified_time\" content=\"2021-11-16T12:26:11+00:00\" \/>\n<meta name=\"twitter:card\" content=\"summary_large_image\" \/>\n<meta name=\"twitter:label1\" content=\"Est. reading time\" \/>\n\t<meta name=\"twitter:data1\" content=\"4 minutes\" \/>\n<script type=\"application\/ld+json\" class=\"yoast-schema-graph\">{\"@context\":\"https:\/\/schema.org\",\"@graph\":[{\"@type\":\"WebPage\",\"@id\":\"https:\/\/izeltas.com.tr\/kullanim-kosullari\/\",\"url\":\"https:\/\/izeltas.com.tr\/kullanim-kosullari\/\",\"name\":\"[:tr]Kullan\u0131m Ko\u015fullar\u0131[:] - \u0130ZELTA\u015e\",\"isPartOf\":{\"@id\":\"https:\/\/izeltas.com.tr\/#website\"},\"datePublished\":\"2021-11-16T12:25:26+00:00\",\"dateModified\":\"2021-11-16T12:26:11+00:00\",\"breadcrumb\":{\"@id\":\"https:\/\/izeltas.com.tr\/kullanim-kosullari\/#breadcrumb\"},\"inLanguage\":\"en-US\",\"potentialAction\":[{\"@type\":\"ReadAction\",\"target\":[\"https:\/\/izeltas.com.tr\/kullanim-kosullari\/\"]}]},{\"@type\":\"BreadcrumbList\",\"@id\":\"https:\/\/izeltas.com.tr\/kullanim-kosullari\/#breadcrumb\",\"itemListElement\":[{\"@type\":\"ListItem\",\"position\":1,\"name\":\"Anasayfa\",\"item\":\"https:\/\/izeltas.com.tr\/\"},{\"@type\":\"ListItem\",\"position\":2,\"name\":\"Kullan\u0131m Ko\u015fullar\u0131\"}]},{\"@type\":\"WebSite\",\"@id\":\"https:\/\/izeltas.com.tr\/#website\",\"url\":\"https:\/\/izeltas.com.tr\/\",\"name\":\"\u0130ZELTA\u015e\",\"description\":\"\u0130ZM\u0130R EL ALETLER\u0130 SANAY\u0130 VE T\u0130CARET A\u015e\",\"publisher\":{\"@id\":\"https:\/\/izeltas.com.tr\/#organization\"},\"potentialAction\":[{\"@type\":\"SearchAction\",\"target\":{\"@type\":\"EntryPoint\",\"urlTemplate\":\"https:\/\/izeltas.com.tr\/?s={search_term_string}\"},\"query-input\":{\"@type\":\"PropertyValueSpecification\",\"valueRequired\":true,\"valueName\":\"search_term_string\"}}],\"inLanguage\":\"en-US\"},{\"@type\":\"Organization\",\"@id\":\"https:\/\/izeltas.com.tr\/#organization\",\"name\":\"\u0130ZELTA\u015e\",\"url\":\"https:\/\/izeltas.com.tr\/\",\"logo\":{\"@type\":\"ImageObject\",\"inLanguage\":\"en-US\",\"@id\":\"https:\/\/izeltas.com.tr\/#\/schema\/logo\/image\/\",\"url\":\"https:\/\/izeltas.com.tr\/wp-content\/uploads\/2020\/12\/izeltas-logo.svg\",\"contentUrl\":\"https:\/\/izeltas.com.tr\/wp-content\/uploads\/2020\/12\/izeltas-logo.svg\",\"width\":1,\"height\":1,\"caption\":\"\u0130ZELTA\u015e\"},\"image\":{\"@id\":\"https:\/\/izeltas.com.tr\/#\/schema\/logo\/image\/\"}}]}<\/script>\n<!-- \/ Yoast SEO plugin. -->","yoast_head_json":{"title":"[:tr]Kullan\u0131m Ko\u015fullar\u0131[:] - \u0130ZELTA\u015e","robots":{"index":"index","follow":"follow","max-snippet":"max-snippet:-1","max-image-preview":"max-image-preview:large","max-video-preview":"max-video-preview:-1"},"canonical":"https:\/\/izeltas.com.tr\/kullanim-kosullari\/","og_locale":"en_US","og_type":"article","og_title":"[:tr]Kullan\u0131m Ko\u015fullar\u0131[:] - \u0130ZELTA\u015e","og_description":"Sorry, this entry is only available in TR.KULLANIM KO\u015eULLARI Bu b\u00f6l\u00fcm, \u0130zelta\u015f \u0130zmir El Aletleri Sanayi ve Ticaret Anonim \u015eirketi\u2019nin \u0130nternet Sitesinin ( bundan sonra \u201cSite\u201d olarak an\u0131lacakt\u0131r) ziyaret ve kullan\u0131m ko\u015fullar\u0131 ile \u0130zelta\u015f \u0130zmir El Aletleri Sanayi ve Ticaret Anonim \u015eirketi\u2019nin ( bundan sonra \u201cFirma\u201d olarak an\u0131lacakt\u0131r.) haklar\u0131n\u0131 i\u00e7ermektedir. Siteyi kullanmak isterseniz l\u00fctfen bu [&hellip;]","og_url":"https:\/\/izeltas.com.tr\/kullanim-kosullari\/","og_site_name":"\u0130ZELTA\u015e","article_modified_time":"2021-11-16T12:26:11+00:00","twitter_card":"summary_large_image","twitter_misc":{"Est. reading time":"4 minutes"},"schema":{"@context":"https:\/\/schema.org","@graph":[{"@type":"WebPage","@id":"https:\/\/izeltas.com.tr\/kullanim-kosullari\/","url":"https:\/\/izeltas.com.tr\/kullanim-kosullari\/","name":"[:tr]Kullan\u0131m Ko\u015fullar\u0131[:] - \u0130ZELTA\u015e","isPartOf":{"@id":"https:\/\/izeltas.com.tr\/#website"},"datePublished":"2021-11-16T12:25:26+00:00","dateModified":"2021-11-16T12:26:11+00:00","breadcrumb":{"@id":"https:\/\/izeltas.com.tr\/kullanim-kosullari\/#breadcrumb"},"inLanguage":"en-US","potentialAction":[{"@type":"ReadAction","target":["https:\/\/izeltas.com.tr\/kullanim-kosullari\/"]}]},{"@type":"BreadcrumbList","@id":"https:\/\/izeltas.com.tr\/kullanim-kosullari\/#breadcrumb","itemListElement":[{"@type":"ListItem","position":1,"name":"Anasayfa","item":"https:\/\/izeltas.com.tr\/"},{"@type":"ListItem","position":2,"name":"Kullan\u0131m Ko\u015fullar\u0131"}]},{"@type":"WebSite","@id":"https:\/\/izeltas.com.tr\/#website","url":"https:\/\/izeltas.com.tr\/","name":"\u0130ZELTA\u015e","description":"\u0130ZM\u0130R EL ALETLER\u0130 SANAY\u0130 VE T\u0130CARET A\u015e","publisher":{"@id":"https:\/\/izeltas.com.tr\/#organization"},"potentialAction":[{"@type":"SearchAction","target":{"@type":"EntryPoint","urlTemplate":"https:\/\/izeltas.com.tr\/?s={search_term_string}"},"query-input":{"@type":"PropertyValueSpecification","valueRequired":true,"valueName":"search_term_string"}}],"inLanguage":"en-US"},{"@type":"Organization","@id":"https:\/\/izeltas.com.tr\/#organization","name":"\u0130ZELTA\u015e","url":"https:\/\/izeltas.com.tr\/","logo":{"@type":"ImageObject","inLanguage":"en-US","@id":"https:\/\/izeltas.com.tr\/#\/schema\/logo\/image\/","url":"https:\/\/izeltas.com.tr\/wp-content\/uploads\/2020\/12\/izeltas-logo.svg","contentUrl":"https:\/\/izeltas.com.tr\/wp-content\/uploads\/2020\/12\/izeltas-logo.svg","width":1,"height":1,"caption":"\u0130ZELTA\u015e"},"image":{"@id":"https:\/\/izeltas.com.tr\/#\/schema\/logo\/image\/"}}]}},"_links":{"self":[{"href":"https:\/\/izeltas.com.tr\/en\/wp-json\/wp\/v2\/pages\/2040","targetHints":{"allow":["GET"]}}],"collection":[{"href":"https:\/\/izeltas.com.tr\/en\/wp-json\/wp\/v2\/pages"}],"about":[{"href":"https:\/\/izeltas.com.tr\/en\/wp-json\/wp\/v2\/types\/page"}],"author":[{"embeddable":true,"href":"https:\/\/izeltas.com.tr\/en\/wp-json\/wp\/v2\/users\/5"}],"replies":[{"embeddable":true,"href":"https:\/\/izeltas.com.tr\/en\/wp-json\/wp\/v2\/comments?post=2040"}],"version-history":[{"count":0,"href":"https:\/\/izeltas.com.tr\/en\/wp-json\/wp\/v2\/pages\/2040\/revisions"}],"wp:attachment":[{"href":"https:\/\/izeltas.com.tr\/en\/wp-json\/wp\/v2\/media?parent=2040"}],"curies":[{"name":"wp","href":"https:\/\/api.w.org\/{rel}","templated":true}]}}