{"id":197,"date":"2020-12-28T17:56:55","date_gmt":"2020-12-28T14:56:55","guid":{"rendered":"https:\/\/izeltas.com.tr\/?p=197"},"modified":"2021-10-06T12:19:45","modified_gmt":"2021-10-06T09:19:45","slug":"guvenlik-uyarilari","status":"publish","type":"page","link":"https:\/\/izeltas.com.tr\/en\/guvenlik-uyarilari\/","title":{"rendered":"G\u00fcvenlik Uyar\u0131lar\u0131"},"content":{"rendered":"<p class=\"qtranxs-available-languages-message qtranxs-available-languages-message-en\">Sorry, this entry is only available in <a href=\"https:\/\/izeltas.com.tr\/tr\/wp-json\/wp\/v2\/pages\/197\" class=\"qtranxs-available-language-link qtranxs-available-language-link-tr\" title=\"TR\">TR<\/a>.<\/p><p><strong>EMN\u0130YETL\u0130 VE DO\u011eRU EL ALET\u0130 KULLANIM KURALLARI &#8211;<\/strong><\/p>\n<p><strong>A-UYULMASI GEREKEN KURALLAR:<\/strong><\/p>\n<ol>\n<li>Anahtar\u0131n \u00f6l\u00e7\u00fcs\u00fcn\u00fcn kulland\u0131\u011f\u0131n\u0131z par\u00e7aya uygun oldu\u011fundan emin olunuz.<\/li>\n<li>Kullan\u0131m esnas\u0131nda aletin do\u011fru \u015fekilde yerle\u015ftirildi\u011finden, tam kavrad\u0131\u011f\u0131ndan emin olunuz.<\/li>\n<li>A\u015f\u0131nm\u0131\u015f, deforme olmu\u015f el aletlerini kullanmamaya \u00f6zen g\u00f6steriniz.<\/li>\n<li>Aletin kullan\u0131m \u015fartlar\u0131n\u0131 ve dayan\u0131m de\u011ferlerini g\u00f6z \u00f6n\u00fcnde bulundurunuz.<\/li>\n<li>Haval\u0131 aletleri, darbeli \u00e7al\u0131\u015fmaya uygun ekipmanlarla kullan\u0131n\u0131z.<\/li>\n<li>\u00c7al\u0131\u015fma \u015fartlar\u0131na g\u00f6re uygun ki\u015fisel koruyucu ekipmanlar kullan\u0131n\u0131z.<\/li>\n<li>Tekerlekli tak\u0131m dolaplar\u0131 hareket halinde iken \u00e7ekmecelerin kapal\u0131 oldu\u011fundan emin olunuz.<\/li>\n<li>Tekerlekli tak\u0131m dolab\u0131 \u00fczerinde \u00e7al\u0131\u015f\u0131rken, tekerleklerin kilitli oldu\u011fundan emin olunuz.<\/li>\n<\/ol>\n<p><strong>B-YAPILMAMASI GEREKEN \u0130\u015eLEMLER:<\/strong><\/p>\n<ol>\n<li>Uzatmalar kullanarak \u00fcr\u00fcn\u00fcn tork de\u011ferini a\u015fmay\u0131n\u0131z.<\/li>\n<li>Hi\u00e7bir aleti, levye, d\u00fcz keski veya kay\u0131\u015f z\u0131mbas\u0131 olarak, \u00fcretim maksad\u0131na ayk\u0131r\u0131 i\u015flerde kullanmay\u0131n\u0131z.<\/li>\n<li>A\u015f\u0131r\u0131 g\u00fc\u00e7 elde etmek i\u00e7in, aleti zorlamay\u0131n\u0131z.<\/li>\n<li>\u00c7eki\u00e7leri, \u00e7eki\u00e7lerden daha sert cisimlere vurarak kullanmay\u0131n\u0131z.<\/li>\n<li>El aletleri \u00fczerinde de\u011fi\u015fiklik yaparak kullanmaya \u00e7al\u0131\u015fmay\u0131n\u0131z.<\/li>\n<li>Metrik, inch gibi \u00f6l\u00e7\u00fclere dikkat ediniz. Farkl\u0131 birimlerdeki \u00fcr\u00fcnleri birbiri \u00fczerinde kullanmay\u0131n\u0131z.<\/li>\n<li>Tornavidalar\u0131 keski veya levye niyetine kullanmay\u0131n\u0131z.<\/li>\n<li>D\u00fcz, y\u0131ld\u0131z, lokma u\u00e7lu tornavidalarda vida \u00f6l\u00e7\u00fcs\u00fc ile ayn\u0131 \u00f6l\u00e7\u00fcde tornavida kullanman\u0131z tavsiye edilir.<\/li>\n<li>Yan keski, pense gibi aletler kullan\u0131l\u0131rken sap ve \u00e7ene k\u0131s\u0131mlar\u0131na vurmay\u0131n\u0131z ve aleti \u00e7eki\u00e7 niyetine kullanmay\u0131n\u0131z.<\/li>\n<li>Kurba\u011fac\u0131k anahtar ve armat\u00fcr anahtar kullan\u0131rken anahtar\u0131 d\u00f6nd\u00fcrme y\u00f6n\u00fcne dikkat ediniz.<\/li>\n<li>Yukar\u0131da bahsedilen \u015fartlara ve do\u011fru kullan\u0131ma riayet ederek, her zaman amaca y\u00f6nelik uygun aletleri kullan\u0131n\u0131z.<\/li>\n<\/ol>\n<p><\/p>","protected":false},"excerpt":{"rendered":"<p>Sorry, this entry is only available in TR.EMN\u0130YETL\u0130 VE DO\u011eRU EL ALET\u0130 KULLANIM KURALLARI &#8211; A-UYULMASI GEREKEN KURALLAR: Anahtar\u0131n \u00f6l\u00e7\u00fcs\u00fcn\u00fcn kulland\u0131\u011f\u0131n\u0131z par\u00e7aya uygun oldu\u011fundan emin olunuz. Kullan\u0131m esnas\u0131nda aletin do\u011fru \u015fekilde yerle\u015ftirildi\u011finden, tam kavrad\u0131\u011f\u0131ndan emin olunuz. A\u015f\u0131nm\u0131\u015f, deforme olmu\u015f el aletlerini kullanmamaya \u00f6zen g\u00f6steriniz. Aletin kullan\u0131m \u015fartlar\u0131n\u0131 ve dayan\u0131m de\u011ferlerini g\u00f6z \u00f6n\u00fcnde bulundurunuz. Haval\u0131 aletleri, [&hellip;]<\/p>\n","protected":false},"author":5,"featured_media":0,"parent":0,"menu_order":0,"comment_status":"open","ping_status":"open","template":"","meta":{"_acf_changed":false,"footnotes":""},"class_list":["post-197","page","type-page","status-publish","hentry"],"acf":[],"yoast_head":"<!-- This site is optimized with the Yoast SEO plugin v25.3 - https:\/\/yoast.com\/wordpress\/plugins\/seo\/ -->\n<title><\/title>\n<meta name=\"robots\" content=\"index, follow, max-snippet:-1, max-image-preview:large, max-video-preview:-1\" \/>\n<link rel=\"canonical\" href=\"https:\/\/izeltas.com.tr\/guvenlik-uyarilari\/\" \/>\n<meta property=\"og:locale\" content=\"en_US\" \/>\n<meta property=\"og:type\" content=\"article\" \/>\n<meta property=\"og:title\" content=\"[:tr]G\u00fcvenlik Uyar\u0131lar\u0131[:] - \u0130ZELTA\u015e\" \/>\n<meta property=\"og:description\" content=\"Sorry, this entry is only available in TR.EMN\u0130YETL\u0130 VE DO\u011eRU EL ALET\u0130 KULLANIM KURALLARI &#8211; A-UYULMASI GEREKEN KURALLAR: Anahtar\u0131n \u00f6l\u00e7\u00fcs\u00fcn\u00fcn kulland\u0131\u011f\u0131n\u0131z par\u00e7aya uygun oldu\u011fundan emin olunuz. Kullan\u0131m esnas\u0131nda aletin do\u011fru \u015fekilde yerle\u015ftirildi\u011finden, tam kavrad\u0131\u011f\u0131ndan emin olunuz. A\u015f\u0131nm\u0131\u015f, deforme olmu\u015f el aletlerini kullanmamaya \u00f6zen g\u00f6steriniz. Aletin kullan\u0131m \u015fartlar\u0131n\u0131 ve dayan\u0131m de\u011ferlerini g\u00f6z \u00f6n\u00fcnde bulundurunuz. Haval\u0131 aletleri, [&hellip;]\" \/>\n<meta property=\"og:url\" content=\"https:\/\/izeltas.com.tr\/guvenlik-uyarilari\/\" \/>\n<meta property=\"og:site_name\" content=\"\u0130ZELTA\u015e\" \/>\n<meta property=\"article:modified_time\" content=\"2021-10-06T09:19:45+00:00\" \/>\n<meta name=\"twitter:card\" content=\"summary_large_image\" \/>\n<meta name=\"twitter:label1\" content=\"Est. reading time\" \/>\n\t<meta name=\"twitter:data1\" content=\"2 minutes\" \/>\n<script type=\"application\/ld+json\" class=\"yoast-schema-graph\">{\"@context\":\"https:\/\/schema.org\",\"@graph\":[{\"@type\":\"WebPage\",\"@id\":\"https:\/\/izeltas.com.tr\/guvenlik-uyarilari\/\",\"url\":\"https:\/\/izeltas.com.tr\/guvenlik-uyarilari\/\",\"name\":\"[:tr]G\u00fcvenlik Uyar\u0131lar\u0131[:] - \u0130ZELTA\u015e\",\"isPartOf\":{\"@id\":\"https:\/\/izeltas.com.tr\/#website\"},\"datePublished\":\"2020-12-28T14:56:55+00:00\",\"dateModified\":\"2021-10-06T09:19:45+00:00\",\"breadcrumb\":{\"@id\":\"https:\/\/izeltas.com.tr\/guvenlik-uyarilari\/#breadcrumb\"},\"inLanguage\":\"en-US\",\"potentialAction\":[{\"@type\":\"ReadAction\",\"target\":[\"https:\/\/izeltas.com.tr\/guvenlik-uyarilari\/\"]}]},{\"@type\":\"BreadcrumbList\",\"@id\":\"https:\/\/izeltas.com.tr\/guvenlik-uyarilari\/#breadcrumb\",\"itemListElement\":[{\"@type\":\"ListItem\",\"position\":1,\"name\":\"Anasayfa\",\"item\":\"https:\/\/izeltas.com.tr\/\"},{\"@type\":\"ListItem\",\"position\":2,\"name\":\"G\u00fcvenlik Uyar\u0131lar\u0131\"}]},{\"@type\":\"WebSite\",\"@id\":\"https:\/\/izeltas.com.tr\/#website\",\"url\":\"https:\/\/izeltas.com.tr\/\",\"name\":\"\u0130ZELTA\u015e\",\"description\":\"\u0130ZM\u0130R EL ALETLER\u0130 SANAY\u0130 VE T\u0130CARET A\u015e\",\"publisher\":{\"@id\":\"https:\/\/izeltas.com.tr\/#organization\"},\"potentialAction\":[{\"@type\":\"SearchAction\",\"target\":{\"@type\":\"EntryPoint\",\"urlTemplate\":\"https:\/\/izeltas.com.tr\/?s={search_term_string}\"},\"query-input\":{\"@type\":\"PropertyValueSpecification\",\"valueRequired\":true,\"valueName\":\"search_term_string\"}}],\"inLanguage\":\"en-US\"},{\"@type\":\"Organization\",\"@id\":\"https:\/\/izeltas.com.tr\/#organization\",\"name\":\"\u0130ZELTA\u015e\",\"url\":\"https:\/\/izeltas.com.tr\/\",\"logo\":{\"@type\":\"ImageObject\",\"inLanguage\":\"en-US\",\"@id\":\"https:\/\/izeltas.com.tr\/#\/schema\/logo\/image\/\",\"url\":\"https:\/\/izeltas.com.tr\/wp-content\/uploads\/2020\/12\/izeltas-logo.svg\",\"contentUrl\":\"https:\/\/izeltas.com.tr\/wp-content\/uploads\/2020\/12\/izeltas-logo.svg\",\"width\":1,\"height\":1,\"caption\":\"\u0130ZELTA\u015e\"},\"image\":{\"@id\":\"https:\/\/izeltas.com.tr\/#\/schema\/logo\/image\/\"}}]}<\/script>\n<!-- \/ Yoast SEO plugin. -->","yoast_head_json":{"title":"[:tr]G\u00fcvenlik Uyar\u0131lar\u0131[:] - \u0130ZELTA\u015e","robots":{"index":"index","follow":"follow","max-snippet":"max-snippet:-1","max-image-preview":"max-image-preview:large","max-video-preview":"max-video-preview:-1"},"canonical":"https:\/\/izeltas.com.tr\/guvenlik-uyarilari\/","og_locale":"en_US","og_type":"article","og_title":"[:tr]G\u00fcvenlik Uyar\u0131lar\u0131[:] - \u0130ZELTA\u015e","og_description":"Sorry, this entry is only available in TR.EMN\u0130YETL\u0130 VE DO\u011eRU EL ALET\u0130 KULLANIM KURALLARI &#8211; A-UYULMASI GEREKEN KURALLAR: Anahtar\u0131n \u00f6l\u00e7\u00fcs\u00fcn\u00fcn kulland\u0131\u011f\u0131n\u0131z par\u00e7aya uygun oldu\u011fundan emin olunuz. Kullan\u0131m esnas\u0131nda aletin do\u011fru \u015fekilde yerle\u015ftirildi\u011finden, tam kavrad\u0131\u011f\u0131ndan emin olunuz. A\u015f\u0131nm\u0131\u015f, deforme olmu\u015f el aletlerini kullanmamaya \u00f6zen g\u00f6steriniz. Aletin kullan\u0131m \u015fartlar\u0131n\u0131 ve dayan\u0131m de\u011ferlerini g\u00f6z \u00f6n\u00fcnde bulundurunuz. Haval\u0131 aletleri, [&hellip;]","og_url":"https:\/\/izeltas.com.tr\/guvenlik-uyarilari\/","og_site_name":"\u0130ZELTA\u015e","article_modified_time":"2021-10-06T09:19:45+00:00","twitter_card":"summary_large_image","twitter_misc":{"Est. reading time":"2 minutes"},"schema":{"@context":"https:\/\/schema.org","@graph":[{"@type":"WebPage","@id":"https:\/\/izeltas.com.tr\/guvenlik-uyarilari\/","url":"https:\/\/izeltas.com.tr\/guvenlik-uyarilari\/","name":"[:tr]G\u00fcvenlik Uyar\u0131lar\u0131[:] - \u0130ZELTA\u015e","isPartOf":{"@id":"https:\/\/izeltas.com.tr\/#website"},"datePublished":"2020-12-28T14:56:55+00:00","dateModified":"2021-10-06T09:19:45+00:00","breadcrumb":{"@id":"https:\/\/izeltas.com.tr\/guvenlik-uyarilari\/#breadcrumb"},"inLanguage":"en-US","potentialAction":[{"@type":"ReadAction","target":["https:\/\/izeltas.com.tr\/guvenlik-uyarilari\/"]}]},{"@type":"BreadcrumbList","@id":"https:\/\/izeltas.com.tr\/guvenlik-uyarilari\/#breadcrumb","itemListElement":[{"@type":"ListItem","position":1,"name":"Anasayfa","item":"https:\/\/izeltas.com.tr\/"},{"@type":"ListItem","position":2,"name":"G\u00fcvenlik Uyar\u0131lar\u0131"}]},{"@type":"WebSite","@id":"https:\/\/izeltas.com.tr\/#website","url":"https:\/\/izeltas.com.tr\/","name":"\u0130ZELTA\u015e","description":"\u0130ZM\u0130R EL ALETLER\u0130 SANAY\u0130 VE T\u0130CARET A\u015e","publisher":{"@id":"https:\/\/izeltas.com.tr\/#organization"},"potentialAction":[{"@type":"SearchAction","target":{"@type":"EntryPoint","urlTemplate":"https:\/\/izeltas.com.tr\/?s={search_term_string}"},"query-input":{"@type":"PropertyValueSpecification","valueRequired":true,"valueName":"search_term_string"}}],"inLanguage":"en-US"},{"@type":"Organization","@id":"https:\/\/izeltas.com.tr\/#organization","name":"\u0130ZELTA\u015e","url":"https:\/\/izeltas.com.tr\/","logo":{"@type":"ImageObject","inLanguage":"en-US","@id":"https:\/\/izeltas.com.tr\/#\/schema\/logo\/image\/","url":"https:\/\/izeltas.com.tr\/wp-content\/uploads\/2020\/12\/izeltas-logo.svg","contentUrl":"https:\/\/izeltas.com.tr\/wp-content\/uploads\/2020\/12\/izeltas-logo.svg","width":1,"height":1,"caption":"\u0130ZELTA\u015e"},"image":{"@id":"https:\/\/izeltas.com.tr\/#\/schema\/logo\/image\/"}}]}},"_links":{"self":[{"href":"https:\/\/izeltas.com.tr\/en\/wp-json\/wp\/v2\/pages\/197","targetHints":{"allow":["GET"]}}],"collection":[{"href":"https:\/\/izeltas.com.tr\/en\/wp-json\/wp\/v2\/pages"}],"about":[{"href":"https:\/\/izeltas.com.tr\/en\/wp-json\/wp\/v2\/types\/page"}],"author":[{"embeddable":true,"href":"https:\/\/izeltas.com.tr\/en\/wp-json\/wp\/v2\/users\/5"}],"replies":[{"embeddable":true,"href":"https:\/\/izeltas.com.tr\/en\/wp-json\/wp\/v2\/comments?post=197"}],"version-history":[{"count":0,"href":"https:\/\/izeltas.com.tr\/en\/wp-json\/wp\/v2\/pages\/197\/revisions"}],"wp:attachment":[{"href":"https:\/\/izeltas.com.tr\/en\/wp-json\/wp\/v2\/media?parent=197"}],"curies":[{"name":"wp","href":"https:\/\/api.w.org\/{rel}","templated":true}]}}