{"id":1842,"date":"2021-09-16T17:08:40","date_gmt":"2021-09-16T14:08:40","guid":{"rendered":"https:\/\/izeltas.com.tr\/?p=1842"},"modified":"2025-08-01T16:01:33","modified_gmt":"2025-08-01T13:01:33","slug":"kalite-kontrol","status":"publish","type":"page","link":"https:\/\/izeltas.com.tr\/en\/kurumsal\/kalite-kontrol\/","title":{"rendered":"Quality Control"},"content":{"rendered":"<p><span class=\"s4\">\u0130zelta\u015f possesses the following certifications:<\/span><span class=\"s4\"><br \/>\n<\/span><span class=\"s4\">\u2013 TS EN ISO 9001 Quality Management System<\/span><span class=\"s4\"><br \/>\n<\/span><span class=\"s4\">\u2013 TS EN ISO 14001 Environmental Management System<\/span><span class=\"s4\"><br \/>\n<\/span><span class=\"s4\">\u2013 TS EN ISO 50001 Energy Management System<\/span><span class=\"s4\"><br \/>\n<\/span><span class=\"s4\">\u2013 TS ISO 45001 Occupational Health and Safety Management System<\/span><span class=\"s4\"><br \/>\n<\/span><span class=\"s4\">\u2013 ISO\/IEC 27001 Information Security Management System<\/span><span class=\"s4\"><br \/>\n<\/span><span class=\"s4\">\u2013 Approved Supplier by the Republic of Turkey Ministry of National Defense General Directorate of Military Factories<\/span><span class=\"s4\"><br \/>\n<\/span><span class=\"s4\"><br \/>\n<\/span><span class=\"s4\">In line with these certifications, \u0130zelta\u015f has an effective integrated management system that operates on a continuous improvement and customer-focused basis.<\/span><\/p>\n<p><span class=\"s4\">The compliance of our products is reinforced each year with inspections confirming the validity of our TSE, TSEK, VDE-GS product certificates and Domestic Goods certificates.<\/span><\/p>\n<p><span class=\"s4\">Quality control activities begin with the inspection of raw materials and auxiliary materials delivered to \u0130zelta\u015f&#8217;s material receiving warehouse, based on standards and technical specifications. These controls continue at the operational level in the processes of forging, machining, heat treatment, surface treatment (painting\/coating), marking, and packaging, and conclude with final inspections of finished products according to standards and technical drawings.<\/span><\/p>\n<p><span class=\"s4\">As the Quality Department, our primary objective is to continuously improve our existing quality control system and product quality based on customer feedback\u2014whether positive or negative\u2014<\/span><span class=\"s4\">in order to<\/span><span class=\"s4\"> ensure customer satisfaction.<\/span><\/p>\n<p><span class=\"s4\">\u0130zelta\u015f\u2019s quality control laboratory is equipped with measuring instruments and test devices capable of performing all tests and inspections in accordance with the relevant standards and technical specifications for the hand tools we manufacture. These include:<\/span><\/p>\n<p><span class=\"s4\">* 3D Coordinate Measuring Machine<\/span><span class=\"s4\"><br \/>\n<\/span><span class=\"s4\">* Profile Projector<\/span><span class=\"s4\"><br \/>\n<\/span><span class=\"s4\">* Spectral Analysis Device<\/span><span class=\"s4\"><br \/>\n<\/span><span class=\"s4\">* Hardness Testing Devices<\/span><span class=\"s4\"><br \/>\n<\/span><span class=\"s4\">* Cutting Equipment<\/span><span class=\"s4\"><br \/>\n<\/span><span class=\"s4\">* Mounting Equipment<\/span><span class=\"s4\"><br \/>\n<\/span><span class=\"s4\">* Polishing Equipment<\/span><span class=\"s4\"><br \/>\n<\/span><span class=\"s4\">* Microscope<\/span><span class=\"s4\"><br \/>\n<\/span><span class=\"s4\">* Torque Testing Devices<\/span><span class=\"s4\"><br \/>\n<\/span><span class=\"s4\">* Deformation Testing Devices<\/span><span class=\"s4\"><br \/>\n<\/span><span class=\"s4\">* Lifecycle Testing Devices<\/span><span class=\"s4\"><br \/>\n<\/span><span class=\"s4\">* Coating Thickness Measurement Device<\/span><span class=\"s4\"><br \/>\n<\/span><span class=\"s4\">* Surface Roughness Measurement Device<\/span><span class=\"s4\"><br \/>\n<\/span><span class=\"s4\">* Corrosion Test Chamber<\/span><span class=\"s4\"><br \/>\n<\/span><span class=\"s4\">* High Voltage Withstand Test Device (Dielectric \u2013 10,000V)<\/span><span class=\"s4\"><br \/>\n<\/span><span class=\"s4\">* Puncture Test Device Under High Voltage (5,000V)<\/span><span class=\"s4\"><br \/>\n<\/span><span class=\"s4\">* Handle Pull-Off Test Device<\/span><span class=\"s4\"><br \/>\n<\/span><span class=\"s4\">* Impact Test Device<\/span><span class=\"s4\"><br \/>\n<\/span><span class=\"s4\">* Flame Resistance Test Device<\/span><span class=\"s4\"><br \/>\n<\/span><span class=\"s4\">* Laboratory Oven (Et\u00fcv)<\/span><span class=\"s4\"><br \/>\n<\/span><span class=\"s4\">* Deep Freezer<\/span><span class=\"s4\"><br \/>\n<\/span><span class=\"s4\">* Camera Inspection System<\/span><\/p>\n<p><span class=\"s4\">In line with \u0130zelta\u015f\u2019s customer-centric approach, after-sales activities are always carried out in close cooperation and communication with customers. Any customer complaint or request is treated as a priority and reviewed accordingly. Necessary corrective and preventive actions or improvement initiatives are initiated. Communication is maintained with customers via phone or email, and when needed, on-site visits are conducted regardless of the customer&#8217;s location to respond to complaints or requests.<\/span><\/p>\n<p><span class=\"s4\">Collaborating with the mobile Promotek promotional team, technical visits are conducted to large factories, industrial zones, vehicle service centers, universities, and vocational high schools for product demonstrations and information sharing.<\/span><\/p>\n<p><span class=\"s4\">This close relationship with customers and the sensitivity shown to product quality have made \u0130zelta\u015f a strong representative of the Turkish private sector and a brand to be proud of. Our goal is to elevate the already well-known and respected \u0130zelta\u015f brand to even higher levels.<\/span><\/p>\n<p><span class=\"s3\"><div class=\"rl-gallery-container rl-loading\" id=\"rl-gallery-container-2\" data-gallery_id=\"12579\"> <div class=\"rl-gallery rl-basicgrid-gallery \" id=\"rl-gallery-2\" data-gallery_no=\"2\"> <div class=\"rl-gallery-item\"><a href=\"https:\/\/izeltas.com.tr\/wp-content\/uploads\/2025\/08\/ISO-IEC-27001-20.11.2025-1.jpg\" title=\"\" data-rl_title=\"\" class=\"rl-gallery-link\" data-rl_caption=\"\" data-rel=\"lightbox-gallery-2\"><img decoding=\"async\" src=\"https:\/\/izeltas.com.tr\/wp-content\/uploads\/2025\/08\/ISO-IEC-27001-20.11.2025-1-679x960.jpg\" width=\"679\" height=\"960\" alt=\"\"\/><\/a><\/div><div class=\"rl-gallery-item\"><a href=\"https:\/\/izeltas.com.tr\/wp-content\/uploads\/2025\/08\/MSB-Askeri-Fab-Onayl_-Tedari-kci-Belgesi-16.10.2026-Sayfa-1-1.jpg\" title=\"\" data-rl_title=\"\" class=\"rl-gallery-link\" data-rl_caption=\"\" data-rel=\"lightbox-gallery-2\"><img decoding=\"async\" src=\"https:\/\/izeltas.com.tr\/wp-content\/uploads\/2025\/08\/MSB-Askeri-Fab-Onayl_-Tedari-kci-Belgesi-16.10.2026-Sayfa-1-1-680x960.jpg\" width=\"680\" height=\"960\" alt=\"\"\/><\/a><\/div><div class=\"rl-gallery-item\"><a href=\"https:\/\/izeltas.com.tr\/wp-content\/uploads\/2025\/08\/MSB-Askeri-Fab-Onayl_-Tedari-kci-Belgesi-16.10.2026-Sayfa-2-1.jpg\" title=\"\" data-rl_title=\"\" class=\"rl-gallery-link\" data-rl_caption=\"\" data-rel=\"lightbox-gallery-2\"><img decoding=\"async\" src=\"https:\/\/izeltas.com.tr\/wp-content\/uploads\/2025\/08\/MSB-Askeri-Fab-Onayl_-Tedari-kci-Belgesi-16.10.2026-Sayfa-2-1-680x960.jpg\" width=\"680\" height=\"960\" alt=\"\"\/><\/a><\/div><div class=\"rl-gallery-item\"><a href=\"https:\/\/izeltas.com.tr\/wp-content\/uploads\/2025\/08\/TS-EN-ISO-9001-03.10.2027-1.jpg\" title=\"\" data-rl_title=\"\" class=\"rl-gallery-link\" data-rl_caption=\"\" data-rel=\"lightbox-gallery-2\"><img decoding=\"async\" src=\"https:\/\/izeltas.com.tr\/wp-content\/uploads\/2025\/08\/TS-EN-ISO-9001-03.10.2027-1-960x679.jpg\" width=\"960\" height=\"679\" alt=\"\"\/><\/a><\/div><div class=\"rl-gallery-item\"><a href=\"https:\/\/izeltas.com.tr\/wp-content\/uploads\/2025\/08\/TS-ISO-45001-09.10.2027-1.jpg\" title=\"\" data-rl_title=\"\" class=\"rl-gallery-link\" data-rl_caption=\"\" data-rel=\"lightbox-gallery-2\"><img decoding=\"async\" src=\"https:\/\/izeltas.com.tr\/wp-content\/uploads\/2025\/08\/TS-ISO-45001-09.10.2027-1-960x679.jpg\" width=\"960\" height=\"679\" alt=\"\"\/><\/a><\/div><div class=\"rl-gallery-item\"><a href=\"https:\/\/izeltas.com.tr\/wp-content\/uploads\/2025\/08\/TS-EN-ISO-50001-04.10.2027-1.jpg\" title=\"\" data-rl_title=\"\" class=\"rl-gallery-link\" data-rl_caption=\"\" data-rel=\"lightbox-gallery-2\"><img decoding=\"async\" src=\"https:\/\/izeltas.com.tr\/wp-content\/uploads\/2025\/08\/TS-EN-ISO-50001-04.10.2027-1-960x679.jpg\" width=\"960\" height=\"679\" alt=\"\"\/><\/a><\/div><div class=\"rl-gallery-item\"><a href=\"https:\/\/izeltas.com.tr\/wp-content\/uploads\/2025\/08\/TS-EN-ISO-14001-09.10.2027-1.jpg\" title=\"\" data-rl_title=\"\" class=\"rl-gallery-link\" data-rl_caption=\"\" data-rel=\"lightbox-gallery-2\"><img decoding=\"async\" src=\"https:\/\/izeltas.com.tr\/wp-content\/uploads\/2025\/08\/TS-EN-ISO-14001-09.10.2027-1-960x679.jpg\" width=\"960\" height=\"679\" alt=\"\"\/><\/a><\/div> <\/div> <\/div><\/span><\/p>","protected":false},"excerpt":{"rendered":"<p>\u0130zelta\u015f possesses the following certifications: \u2013 TS EN ISO 9001 Quality Management System \u2013 TS EN ISO 14001 Environmental Management System \u2013 TS EN ISO 50001 Energy Management System \u2013 TS ISO 45001 Occupational Health and Safety Management System \u2013 ISO\/IEC 27001 Information Security Management System \u2013 Approved Supplier by the Republic of Turkey Ministry [&hellip;]<\/p>\n","protected":false},"author":5,"featured_media":0,"parent":1989,"menu_order":0,"comment_status":"open","ping_status":"open","template":"","meta":{"_acf_changed":false,"footnotes":""},"class_list":["post-1842","page","type-page","status-publish","hentry"],"acf":[],"yoast_head":"<!-- This site is optimized with the Yoast SEO plugin v25.3 - https:\/\/yoast.com\/wordpress\/plugins\/seo\/ -->\n<title>Quality Control - \u0130ZELTA\u015e<\/title>\n<meta name=\"robots\" content=\"index, follow, max-snippet:-1, max-image-preview:large, max-video-preview:-1\" \/>\n<link rel=\"canonical\" href=\"https:\/\/izeltas.com.tr\/kurumsal\/kalite-kontrol\/\" \/>\n<meta property=\"og:locale\" content=\"en_US\" \/>\n<meta property=\"og:type\" content=\"article\" \/>\n<meta property=\"og:title\" content=\"[:tr]Kalite Kontrol[:en]Quality Control[:] - \u0130ZELTA\u015e\" \/>\n<meta property=\"og:description\" content=\"\u0130zelta\u015f possesses the following certifications: \u2013 TS EN ISO 9001 Quality Management System \u2013 TS EN ISO 14001 Environmental Management System \u2013 TS EN ISO 50001 Energy Management System \u2013 TS ISO 45001 Occupational Health and Safety Management System \u2013 ISO\/IEC 27001 Information Security Management System \u2013 Approved Supplier by the Republic of Turkey Ministry [&hellip;]\" \/>\n<meta property=\"og:url\" content=\"https:\/\/izeltas.com.tr\/kurumsal\/kalite-kontrol\/\" \/>\n<meta property=\"og:site_name\" content=\"\u0130ZELTA\u015e\" \/>\n<meta property=\"article:modified_time\" content=\"2025-08-01T13:01:33+00:00\" \/>\n<meta name=\"twitter:card\" content=\"summary_large_image\" \/>\n<meta name=\"twitter:label1\" content=\"Est. reading time\" \/>\n\t<meta name=\"twitter:data1\" content=\"3 minutes\" \/>\n<script type=\"application\/ld+json\" class=\"yoast-schema-graph\">{\"@context\":\"https:\/\/schema.org\",\"@graph\":[{\"@type\":\"WebPage\",\"@id\":\"https:\/\/izeltas.com.tr\/kurumsal\/kalite-kontrol\/\",\"url\":\"https:\/\/izeltas.com.tr\/kurumsal\/kalite-kontrol\/\",\"name\":\"[:tr]Kalite Kontrol[:en]Quality Control[:] - \u0130ZELTA\u015e\",\"isPartOf\":{\"@id\":\"https:\/\/izeltas.com.tr\/#website\"},\"datePublished\":\"2021-09-16T14:08:40+00:00\",\"dateModified\":\"2025-08-01T13:01:33+00:00\",\"breadcrumb\":{\"@id\":\"https:\/\/izeltas.com.tr\/kurumsal\/kalite-kontrol\/#breadcrumb\"},\"inLanguage\":\"en-US\",\"potentialAction\":[{\"@type\":\"ReadAction\",\"target\":[\"https:\/\/izeltas.com.tr\/kurumsal\/kalite-kontrol\/\"]}]},{\"@type\":\"BreadcrumbList\",\"@id\":\"https:\/\/izeltas.com.tr\/kurumsal\/kalite-kontrol\/#breadcrumb\",\"itemListElement\":[{\"@type\":\"ListItem\",\"position\":1,\"name\":\"Anasayfa\",\"item\":\"https:\/\/izeltas.com.tr\/\"},{\"@type\":\"ListItem\",\"position\":2,\"name\":\"Hakk\u0131nda\",\"item\":\"https:\/\/izeltas.com.tr\/kurumsal\/\"},{\"@type\":\"ListItem\",\"position\":3,\"name\":\"Kalite Kontrol\"}]},{\"@type\":\"WebSite\",\"@id\":\"https:\/\/izeltas.com.tr\/#website\",\"url\":\"https:\/\/izeltas.com.tr\/\",\"name\":\"\u0130ZELTA\u015e\",\"description\":\"\u0130ZM\u0130R EL ALETLER\u0130 SANAY\u0130 VE T\u0130CARET A\u015e\",\"publisher\":{\"@id\":\"https:\/\/izeltas.com.tr\/#organization\"},\"potentialAction\":[{\"@type\":\"SearchAction\",\"target\":{\"@type\":\"EntryPoint\",\"urlTemplate\":\"https:\/\/izeltas.com.tr\/?s={search_term_string}\"},\"query-input\":{\"@type\":\"PropertyValueSpecification\",\"valueRequired\":true,\"valueName\":\"search_term_string\"}}],\"inLanguage\":\"en-US\"},{\"@type\":\"Organization\",\"@id\":\"https:\/\/izeltas.com.tr\/#organization\",\"name\":\"\u0130ZELTA\u015e\",\"url\":\"https:\/\/izeltas.com.tr\/\",\"logo\":{\"@type\":\"ImageObject\",\"inLanguage\":\"en-US\",\"@id\":\"https:\/\/izeltas.com.tr\/#\/schema\/logo\/image\/\",\"url\":\"https:\/\/izeltas.com.tr\/wp-content\/uploads\/2020\/12\/izeltas-logo.svg\",\"contentUrl\":\"https:\/\/izeltas.com.tr\/wp-content\/uploads\/2020\/12\/izeltas-logo.svg\",\"width\":1,\"height\":1,\"caption\":\"\u0130ZELTA\u015e\"},\"image\":{\"@id\":\"https:\/\/izeltas.com.tr\/#\/schema\/logo\/image\/\"}}]}<\/script>\n<!-- \/ Yoast SEO plugin. -->","yoast_head_json":{"title":"[:tr]Kalite Kontrol[:en]Quality Control[:] - \u0130ZELTA\u015e","robots":{"index":"index","follow":"follow","max-snippet":"max-snippet:-1","max-image-preview":"max-image-preview:large","max-video-preview":"max-video-preview:-1"},"canonical":"https:\/\/izeltas.com.tr\/kurumsal\/kalite-kontrol\/","og_locale":"en_US","og_type":"article","og_title":"[:tr]Kalite Kontrol[:en]Quality Control[:] - \u0130ZELTA\u015e","og_description":"\u0130zelta\u015f possesses the following certifications: \u2013 TS EN ISO 9001 Quality Management System \u2013 TS EN ISO 14001 Environmental Management System \u2013 TS EN ISO 50001 Energy Management System \u2013 TS ISO 45001 Occupational Health and Safety Management System \u2013 ISO\/IEC 27001 Information Security Management System \u2013 Approved Supplier by the Republic of Turkey Ministry [&hellip;]","og_url":"https:\/\/izeltas.com.tr\/kurumsal\/kalite-kontrol\/","og_site_name":"\u0130ZELTA\u015e","article_modified_time":"2025-08-01T13:01:33+00:00","twitter_card":"summary_large_image","twitter_misc":{"Est. reading time":"3 minutes"},"schema":{"@context":"https:\/\/schema.org","@graph":[{"@type":"WebPage","@id":"https:\/\/izeltas.com.tr\/kurumsal\/kalite-kontrol\/","url":"https:\/\/izeltas.com.tr\/kurumsal\/kalite-kontrol\/","name":"[:tr]Kalite Kontrol[:en]Quality Control[:] - \u0130ZELTA\u015e","isPartOf":{"@id":"https:\/\/izeltas.com.tr\/#website"},"datePublished":"2021-09-16T14:08:40+00:00","dateModified":"2025-08-01T13:01:33+00:00","breadcrumb":{"@id":"https:\/\/izeltas.com.tr\/kurumsal\/kalite-kontrol\/#breadcrumb"},"inLanguage":"en-US","potentialAction":[{"@type":"ReadAction","target":["https:\/\/izeltas.com.tr\/kurumsal\/kalite-kontrol\/"]}]},{"@type":"BreadcrumbList","@id":"https:\/\/izeltas.com.tr\/kurumsal\/kalite-kontrol\/#breadcrumb","itemListElement":[{"@type":"ListItem","position":1,"name":"Anasayfa","item":"https:\/\/izeltas.com.tr\/"},{"@type":"ListItem","position":2,"name":"Hakk\u0131nda","item":"https:\/\/izeltas.com.tr\/kurumsal\/"},{"@type":"ListItem","position":3,"name":"Kalite Kontrol"}]},{"@type":"WebSite","@id":"https:\/\/izeltas.com.tr\/#website","url":"https:\/\/izeltas.com.tr\/","name":"\u0130ZELTA\u015e","description":"\u0130ZM\u0130R EL ALETLER\u0130 SANAY\u0130 VE T\u0130CARET A\u015e","publisher":{"@id":"https:\/\/izeltas.com.tr\/#organization"},"potentialAction":[{"@type":"SearchAction","target":{"@type":"EntryPoint","urlTemplate":"https:\/\/izeltas.com.tr\/?s={search_term_string}"},"query-input":{"@type":"PropertyValueSpecification","valueRequired":true,"valueName":"search_term_string"}}],"inLanguage":"en-US"},{"@type":"Organization","@id":"https:\/\/izeltas.com.tr\/#organization","name":"\u0130ZELTA\u015e","url":"https:\/\/izeltas.com.tr\/","logo":{"@type":"ImageObject","inLanguage":"en-US","@id":"https:\/\/izeltas.com.tr\/#\/schema\/logo\/image\/","url":"https:\/\/izeltas.com.tr\/wp-content\/uploads\/2020\/12\/izeltas-logo.svg","contentUrl":"https:\/\/izeltas.com.tr\/wp-content\/uploads\/2020\/12\/izeltas-logo.svg","width":1,"height":1,"caption":"\u0130ZELTA\u015e"},"image":{"@id":"https:\/\/izeltas.com.tr\/#\/schema\/logo\/image\/"}}]}},"_links":{"self":[{"href":"https:\/\/izeltas.com.tr\/en\/wp-json\/wp\/v2\/pages\/1842","targetHints":{"allow":["GET"]}}],"collection":[{"href":"https:\/\/izeltas.com.tr\/en\/wp-json\/wp\/v2\/pages"}],"about":[{"href":"https:\/\/izeltas.com.tr\/en\/wp-json\/wp\/v2\/types\/page"}],"author":[{"embeddable":true,"href":"https:\/\/izeltas.com.tr\/en\/wp-json\/wp\/v2\/users\/5"}],"replies":[{"embeddable":true,"href":"https:\/\/izeltas.com.tr\/en\/wp-json\/wp\/v2\/comments?post=1842"}],"version-history":[{"count":5,"href":"https:\/\/izeltas.com.tr\/en\/wp-json\/wp\/v2\/pages\/1842\/revisions"}],"predecessor-version":[{"id":12580,"href":"https:\/\/izeltas.com.tr\/en\/wp-json\/wp\/v2\/pages\/1842\/revisions\/12580"}],"up":[{"embeddable":true,"href":"https:\/\/izeltas.com.tr\/en\/wp-json\/wp\/v2\/pages\/1989"}],"wp:attachment":[{"href":"https:\/\/izeltas.com.tr\/en\/wp-json\/wp\/v2\/media?parent=1842"}],"curies":[{"name":"wp","href":"https:\/\/api.w.org\/{rel}","templated":true}]}}