{"id":171,"date":"2020-12-28T16:46:43","date_gmt":"2020-12-28T13:46:43","guid":{"rendered":"https:\/\/izeltas.com.tr\/?p=171"},"modified":"2021-10-06T12:22:25","modified_gmt":"2021-10-06T09:22:25","slug":"urun-iade-ve-garanti-surecleri","status":"publish","type":"page","link":"https:\/\/izeltas.com.tr\/en\/sik-sorulan-sorular\/urun-iade-ve-garanti-surecleri\/","title":{"rendered":"Product Return Processes"},"content":{"rendered":"<p>Dear \u0130ZELTA\u015e user,<\/p>\n<p>First of all, we would like to thank all our corporate\/individual customers who prefer our products and carry us to this day, and who do not give up on the quality of \u0130ZELTA\u015e.<\/p>\n<p>\u0130ZELTA\u015e products are delivered to you meticulously and inspected at every stage, from raw materials to packaging and shipment. As with every product that is completely man-made, we put into effect our guarantee conditions, which we have maintained for 50 years, in order to protect you in some production errors that are observed from time to time. Change\/repair of every product that is used correctly and in accordance with its purpose, but production and material faults are detected, is carried out by us. On the other hand, it has been necessary to emphasize that the responsibility of hand tools that are worn, damaged or broken as a result of incorrect use and storage conditions or by impact and excessive force rests entirely with our users. Because the misunderstanding of our warranty conditions or, unfortunately, processes arising from some abuses delay or sometimes prevent us from providing you with accurate and fast service.<\/p>\n<p>We ask you, first of all, to inform you in detail about the use of the product you have purchased. For this, you can get support from our sales points, our website or by contacting us directly by phone.<\/p>\n<p>If you have any problems with the product, please contact the nearest authorized one of our dealers whose contact information is available on our website. After the examination, our dealer will inform you about the process. In the return product acceptance form that will be given to you with your invoice, clearly write the problem experienced with the product. After the product reaches us, it will be carefully examined in our quality control laboratory, the problem will be determined and you will be informed as soon as possible.<\/p>\n<p>If you have ordered the product online, you can return it via the relevant website and have it reach us.<\/p>\n<p>We remind you once again that no \u0130ZELTA\u015e product that is used with care will not let you down, and we wish you to produce quality works with your quality hand tools.<\/p>","protected":false},"excerpt":{"rendered":"<p>Dear \u0130ZELTA\u015e user, First of all, we would like to thank all our corporate\/individual customers who prefer our products and carry us to this day, and who do not give up on the quality of \u0130ZELTA\u015e. \u0130ZELTA\u015e products are delivered to you meticulously and inspected at every stage, from raw materials to packaging and shipment. [&hellip;]<\/p>\n","protected":false},"author":5,"featured_media":0,"parent":1991,"menu_order":0,"comment_status":"open","ping_status":"open","template":"","meta":{"_acf_changed":false,"footnotes":""},"class_list":["post-171","page","type-page","status-publish","hentry"],"acf":[],"yoast_head":"<!-- This site is optimized with the Yoast SEO plugin v25.3 - https:\/\/yoast.com\/wordpress\/plugins\/seo\/ -->\n<title>Product Return Processes - \u0130ZELTA\u015e<\/title>\n<meta name=\"robots\" content=\"index, follow, max-snippet:-1, max-image-preview:large, max-video-preview:-1\" \/>\n<link rel=\"canonical\" href=\"https:\/\/izeltas.com.tr\/sik-sorulan-sorular\/urun-iade-ve-garanti-surecleri\/\" \/>\n<meta property=\"og:locale\" content=\"en_US\" \/>\n<meta property=\"og:type\" content=\"article\" \/>\n<meta property=\"og:title\" content=\"[:tr]\u00dcr\u00fcn \u0130ade S\u00fcre\u00e7leri[:en]Product Return Processes[:] - \u0130ZELTA\u015e\" \/>\n<meta property=\"og:description\" content=\"Dear \u0130ZELTA\u015e user, First of all, we would like to thank all our corporate\/individual customers who prefer our products and carry us to this day, and who do not give up on the quality of \u0130ZELTA\u015e. \u0130ZELTA\u015e products are delivered to you meticulously and inspected at every stage, from raw materials to packaging and shipment. [&hellip;]\" \/>\n<meta property=\"og:url\" content=\"https:\/\/izeltas.com.tr\/sik-sorulan-sorular\/urun-iade-ve-garanti-surecleri\/\" \/>\n<meta property=\"og:site_name\" content=\"\u0130ZELTA\u015e\" \/>\n<meta property=\"article:modified_time\" content=\"2021-10-06T09:22:25+00:00\" \/>\n<meta name=\"twitter:card\" content=\"summary_large_image\" \/>\n<meta name=\"twitter:label1\" content=\"Est. reading time\" \/>\n\t<meta name=\"twitter:data1\" content=\"2 minutes\" \/>\n<script type=\"application\/ld+json\" class=\"yoast-schema-graph\">{\"@context\":\"https:\/\/schema.org\",\"@graph\":[{\"@type\":\"WebPage\",\"@id\":\"https:\/\/izeltas.com.tr\/sik-sorulan-sorular\/urun-iade-ve-garanti-surecleri\/\",\"url\":\"https:\/\/izeltas.com.tr\/sik-sorulan-sorular\/urun-iade-ve-garanti-surecleri\/\",\"name\":\"[:tr]\u00dcr\u00fcn \u0130ade S\u00fcre\u00e7leri[:en]Product Return Processes[:] - \u0130ZELTA\u015e\",\"isPartOf\":{\"@id\":\"https:\/\/izeltas.com.tr\/#website\"},\"datePublished\":\"2020-12-28T13:46:43+00:00\",\"dateModified\":\"2021-10-06T09:22:25+00:00\",\"breadcrumb\":{\"@id\":\"https:\/\/izeltas.com.tr\/sik-sorulan-sorular\/urun-iade-ve-garanti-surecleri\/#breadcrumb\"},\"inLanguage\":\"en-US\",\"potentialAction\":[{\"@type\":\"ReadAction\",\"target\":[\"https:\/\/izeltas.com.tr\/sik-sorulan-sorular\/urun-iade-ve-garanti-surecleri\/\"]}]},{\"@type\":\"BreadcrumbList\",\"@id\":\"https:\/\/izeltas.com.tr\/sik-sorulan-sorular\/urun-iade-ve-garanti-surecleri\/#breadcrumb\",\"itemListElement\":[{\"@type\":\"ListItem\",\"position\":1,\"name\":\"Anasayfa\",\"item\":\"https:\/\/izeltas.com.tr\/\"},{\"@type\":\"ListItem\",\"position\":2,\"name\":\"S\u0131k Sorulan Sorular\",\"item\":\"https:\/\/izeltas.com.tr\/sik-sorulan-sorular\/\"},{\"@type\":\"ListItem\",\"position\":3,\"name\":\"\u00dcr\u00fcn \u0130ade S\u00fcre\u00e7leri\"}]},{\"@type\":\"WebSite\",\"@id\":\"https:\/\/izeltas.com.tr\/#website\",\"url\":\"https:\/\/izeltas.com.tr\/\",\"name\":\"\u0130ZELTA\u015e\",\"description\":\"\u0130ZM\u0130R EL ALETLER\u0130 SANAY\u0130 VE T\u0130CARET A\u015e\",\"publisher\":{\"@id\":\"https:\/\/izeltas.com.tr\/#organization\"},\"potentialAction\":[{\"@type\":\"SearchAction\",\"target\":{\"@type\":\"EntryPoint\",\"urlTemplate\":\"https:\/\/izeltas.com.tr\/?s={search_term_string}\"},\"query-input\":{\"@type\":\"PropertyValueSpecification\",\"valueRequired\":true,\"valueName\":\"search_term_string\"}}],\"inLanguage\":\"en-US\"},{\"@type\":\"Organization\",\"@id\":\"https:\/\/izeltas.com.tr\/#organization\",\"name\":\"\u0130ZELTA\u015e\",\"url\":\"https:\/\/izeltas.com.tr\/\",\"logo\":{\"@type\":\"ImageObject\",\"inLanguage\":\"en-US\",\"@id\":\"https:\/\/izeltas.com.tr\/#\/schema\/logo\/image\/\",\"url\":\"https:\/\/izeltas.com.tr\/wp-content\/uploads\/2020\/12\/izeltas-logo.svg\",\"contentUrl\":\"https:\/\/izeltas.com.tr\/wp-content\/uploads\/2020\/12\/izeltas-logo.svg\",\"width\":1,\"height\":1,\"caption\":\"\u0130ZELTA\u015e\"},\"image\":{\"@id\":\"https:\/\/izeltas.com.tr\/#\/schema\/logo\/image\/\"}}]}<\/script>\n<!-- \/ Yoast SEO plugin. -->","yoast_head_json":{"title":"[:tr]\u00dcr\u00fcn \u0130ade S\u00fcre\u00e7leri[:en]Product Return Processes[:] - \u0130ZELTA\u015e","robots":{"index":"index","follow":"follow","max-snippet":"max-snippet:-1","max-image-preview":"max-image-preview:large","max-video-preview":"max-video-preview:-1"},"canonical":"https:\/\/izeltas.com.tr\/sik-sorulan-sorular\/urun-iade-ve-garanti-surecleri\/","og_locale":"en_US","og_type":"article","og_title":"[:tr]\u00dcr\u00fcn \u0130ade S\u00fcre\u00e7leri[:en]Product Return Processes[:] - \u0130ZELTA\u015e","og_description":"Dear \u0130ZELTA\u015e user, First of all, we would like to thank all our corporate\/individual customers who prefer our products and carry us to this day, and who do not give up on the quality of \u0130ZELTA\u015e. \u0130ZELTA\u015e products are delivered to you meticulously and inspected at every stage, from raw materials to packaging and shipment. [&hellip;]","og_url":"https:\/\/izeltas.com.tr\/sik-sorulan-sorular\/urun-iade-ve-garanti-surecleri\/","og_site_name":"\u0130ZELTA\u015e","article_modified_time":"2021-10-06T09:22:25+00:00","twitter_card":"summary_large_image","twitter_misc":{"Est. reading time":"2 minutes"},"schema":{"@context":"https:\/\/schema.org","@graph":[{"@type":"WebPage","@id":"https:\/\/izeltas.com.tr\/sik-sorulan-sorular\/urun-iade-ve-garanti-surecleri\/","url":"https:\/\/izeltas.com.tr\/sik-sorulan-sorular\/urun-iade-ve-garanti-surecleri\/","name":"[:tr]\u00dcr\u00fcn \u0130ade S\u00fcre\u00e7leri[:en]Product Return Processes[:] - \u0130ZELTA\u015e","isPartOf":{"@id":"https:\/\/izeltas.com.tr\/#website"},"datePublished":"2020-12-28T13:46:43+00:00","dateModified":"2021-10-06T09:22:25+00:00","breadcrumb":{"@id":"https:\/\/izeltas.com.tr\/sik-sorulan-sorular\/urun-iade-ve-garanti-surecleri\/#breadcrumb"},"inLanguage":"en-US","potentialAction":[{"@type":"ReadAction","target":["https:\/\/izeltas.com.tr\/sik-sorulan-sorular\/urun-iade-ve-garanti-surecleri\/"]}]},{"@type":"BreadcrumbList","@id":"https:\/\/izeltas.com.tr\/sik-sorulan-sorular\/urun-iade-ve-garanti-surecleri\/#breadcrumb","itemListElement":[{"@type":"ListItem","position":1,"name":"Anasayfa","item":"https:\/\/izeltas.com.tr\/"},{"@type":"ListItem","position":2,"name":"S\u0131k Sorulan Sorular","item":"https:\/\/izeltas.com.tr\/sik-sorulan-sorular\/"},{"@type":"ListItem","position":3,"name":"\u00dcr\u00fcn \u0130ade S\u00fcre\u00e7leri"}]},{"@type":"WebSite","@id":"https:\/\/izeltas.com.tr\/#website","url":"https:\/\/izeltas.com.tr\/","name":"\u0130ZELTA\u015e","description":"\u0130ZM\u0130R EL ALETLER\u0130 SANAY\u0130 VE T\u0130CARET A\u015e","publisher":{"@id":"https:\/\/izeltas.com.tr\/#organization"},"potentialAction":[{"@type":"SearchAction","target":{"@type":"EntryPoint","urlTemplate":"https:\/\/izeltas.com.tr\/?s={search_term_string}"},"query-input":{"@type":"PropertyValueSpecification","valueRequired":true,"valueName":"search_term_string"}}],"inLanguage":"en-US"},{"@type":"Organization","@id":"https:\/\/izeltas.com.tr\/#organization","name":"\u0130ZELTA\u015e","url":"https:\/\/izeltas.com.tr\/","logo":{"@type":"ImageObject","inLanguage":"en-US","@id":"https:\/\/izeltas.com.tr\/#\/schema\/logo\/image\/","url":"https:\/\/izeltas.com.tr\/wp-content\/uploads\/2020\/12\/izeltas-logo.svg","contentUrl":"https:\/\/izeltas.com.tr\/wp-content\/uploads\/2020\/12\/izeltas-logo.svg","width":1,"height":1,"caption":"\u0130ZELTA\u015e"},"image":{"@id":"https:\/\/izeltas.com.tr\/#\/schema\/logo\/image\/"}}]}},"_links":{"self":[{"href":"https:\/\/izeltas.com.tr\/en\/wp-json\/wp\/v2\/pages\/171","targetHints":{"allow":["GET"]}}],"collection":[{"href":"https:\/\/izeltas.com.tr\/en\/wp-json\/wp\/v2\/pages"}],"about":[{"href":"https:\/\/izeltas.com.tr\/en\/wp-json\/wp\/v2\/types\/page"}],"author":[{"embeddable":true,"href":"https:\/\/izeltas.com.tr\/en\/wp-json\/wp\/v2\/users\/5"}],"replies":[{"embeddable":true,"href":"https:\/\/izeltas.com.tr\/en\/wp-json\/wp\/v2\/comments?post=171"}],"version-history":[{"count":0,"href":"https:\/\/izeltas.com.tr\/en\/wp-json\/wp\/v2\/pages\/171\/revisions"}],"up":[{"embeddable":true,"href":"https:\/\/izeltas.com.tr\/en\/wp-json\/wp\/v2\/pages\/1991"}],"wp:attachment":[{"href":"https:\/\/izeltas.com.tr\/en\/wp-json\/wp\/v2\/media?parent=171"}],"curies":[{"name":"wp","href":"https:\/\/api.w.org\/{rel}","templated":true}]}}