{"id":169,"date":"2020-12-28T16:45:38","date_gmt":"2020-12-28T13:45:38","guid":{"rendered":"https:\/\/izeltas.com.tr\/?p=169"},"modified":"2025-09-12T14:01:58","modified_gmt":"2025-09-12T11:01:58","slug":"garanti-sartlari","status":"publish","type":"page","link":"https:\/\/izeltas.com.tr\/en\/kurumsal\/garanti-sartlari\/","title":{"rendered":"Terms of Guarantee"},"content":{"rendered":"<p><\/p>\n<p class=\"p1\"><strong>A &#8211; COVERAGE<\/strong><\/p>\n<ol>\n<li class=\"p2\">Regardless of the year of manufacture, products bearing the \u0130zelta\u015f brand that are found to have manufacturing or material defects under normal conditions of use are covered by a lifetime warranty and will be repaired or if repair is not possible replaced immediately with a new product.<span class=\"Apple-converted-space\">\u00a0<\/span><\/li>\n<li class=\"p2\">For brands except \u0130zelta\u015f, the warranty period varies in accordance with consumer protection laws.<\/li>\n<\/ol>\n<p>&nbsp;<\/p>\n<p class=\"p1\"><strong>B &#8211; EXCLUSIONS<\/strong><\/p>\n<p class=\"p2\">Products used under any of the conditions listed below are excluded from the warranty scope and cannot be replaced with new ones:<\/p>\n<ol>\n<li class=\"p2\">Products used outside the intended purpose or instructions of use;<\/li>\n<li class=\"p2\">Products deformed or broken due to excessive forcing, pipe attachment or hammer impact;<\/li>\n<li class=\"p2\">Products whose original form is altered by the user by stoning, grinding, perforation or welding;<\/li>\n<li class=\"p2\">Products which lost their function due to being left in dusty, moist or muddy environments without necessary protective maintenance after use;<\/li>\n<li class=\"p2\">Products which became rusted or corroded due to being stored in unsuitable, moist environments for extended periods of time;<\/li>\n<li class=\"p2\">Products which are used for a long period of time or which have completed their useful life and accordingly have become old, worn out and deformed.<\/li>\n<\/ol>\n<p>&nbsp;<\/p>\n<p class=\"p1\"><strong>RULES FOR SAFE AND CORRECT USE OF HAND TOOL<\/strong><\/p>\n<p>&nbsp;<\/p>\n<p class=\"p1\"><strong>A &#8211; PRACTICAL RULES:<\/strong><\/p>\n<ol>\n<li class=\"p2\">Make sure size of the wrench is appropriate for the work piece.<\/li>\n<li class=\"p2\">Make sure the tool is positioned correctly during use.<\/li>\n<li class=\"p2\">Frequently control the tool. Replace worn or damaged tools.<\/li>\n<li class=\"p2\">Use the tool in accord with instructions of use. Do not place too much load on the tool.<\/li>\n<li class=\"p2\">Especially beware of the point that the impact surface of a hammer must be larger than the impacted surface.<\/li>\n<li class=\"p2\">Always use appropriate accessories for pneumatic tools. (Also make sure the pneumatic system is properly lubricated.)<\/li>\n<li class=\"p2\">Use personal protection equipment appropriate for work conditions.<\/li>\n<li class=\"p2\">Always make sure to lock lids and moving parts of wheeled set cabinets before moving them.<\/li>\n<li class=\"p2\">Make sure to lock brakes of the wheeled set cabinets before working on them.<\/li>\n<li class=\"p2\">Use VDE certified products made in accord with TS EN IEC 60900 Standard in high voltage work environments.<\/li>\n<li class=\"p2\">Make sure to dry and lightly lubricate tools after use in moist and wet environments.<\/li>\n<\/ol>\n<p>&nbsp;<\/p>\n<p class=\"p1\"><strong>B- ACTIONS TO AVOID:<\/strong><\/p>\n<ol>\n<li class=\"p2\">In case of use with extensions like pipes, etc. do not exceed the specified torque value (especially in case of all wrenches).<\/li>\n<li class=\"p2\">Do not use any tool outside of its intended purpose (e.g. do not use a screwdriver as a lever or a chisel).<\/li>\n<li class=\"p2\">To not force the tool (e.g. wrenches and screwdrivers) by using excessive force (by pipe attachment or hammer impact).<\/li>\n<li class=\"p2\">Never use the tool to hit another object harder than the tool (e.g. hammer and chisels).<\/li>\n<li class=\"p2\">Do not alter the tools (in form or partially).<\/li>\n<li class=\"p2\">Do not use metric sized wrenches on inch sized bolts or vice-versa.<\/li>\n<li class=\"p2\">Do not use worn out or faulty tools.<\/li>\n<li class=\"p2\">Do not leave multiple drawers open when using the wheeled set cabinet and do not move the cabinet while the drawers are open.<\/li>\n<li class=\"p2\">Do not perform grinding, stoning, welding, etc. on the tool in order to improve its function.<\/li>\n<li class=\"p2\">Do not expose the tool to conditions that might result in loss of paint or coating during use. Otherwise corrosion resistance of the tool will be affected.<\/li>\n<li class=\"p2\">Never use VDE certified products with damaged or worn isolation or handle in high voltage work environments.<\/li>\n<li class=\"p2\">Never attempt to dismantle the internal assembly of the tester. Testers are suitable for use in the 110 \u2013 250 VAC operation range.<\/li>\n<li class=\"p2\">Always use the right tool for the right job and follow the conditions and rules of correct usage detailed above.<\/li>\n<\/ol>\n<p>&nbsp;<\/p>\n<p><strong>For usage videos:<\/strong><br \/>\n<a href=\"https:\/\/www.youtube.com\/channel\/UCJlLF6fFMftFg9qJ5rccsug\/playlists\" target=\"_blank\" rel=\"noopener\">\u0130zelta\u015f Youtube Channel<\/a><\/p>","protected":false},"excerpt":{"rendered":"<p>A &#8211; COVERAGE Regardless of the year of manufacture, products bearing the \u0130zelta\u015f brand that are found to have manufacturing or material defects under normal conditions of use are covered by a lifetime warranty and will be repaired or if repair is not possible replaced immediately with a new product.\u00a0 For brands except \u0130zelta\u015f, the [&hellip;]<\/p>\n","protected":false},"author":5,"featured_media":0,"parent":1989,"menu_order":0,"comment_status":"open","ping_status":"open","template":"","meta":{"_acf_changed":false,"footnotes":""},"class_list":["post-169","page","type-page","status-publish","hentry"],"acf":[],"yoast_head":"<!-- This site is optimized with the Yoast SEO plugin v25.3 - https:\/\/yoast.com\/wordpress\/plugins\/seo\/ -->\n<title>Terms of Guarantee - \u0130ZELTA\u015e<\/title>\n<meta name=\"robots\" content=\"index, follow, max-snippet:-1, max-image-preview:large, max-video-preview:-1\" \/>\n<link rel=\"canonical\" href=\"https:\/\/izeltas.com.tr\/kurumsal\/garanti-sartlari\/\" \/>\n<meta property=\"og:locale\" content=\"en_US\" \/>\n<meta property=\"og:type\" content=\"article\" \/>\n<meta property=\"og:title\" content=\"[:tr]Garanti \u015eartlar\u0131[:en]Terms of Guarantee[:] - \u0130ZELTA\u015e\" \/>\n<meta property=\"og:description\" content=\"A &#8211; COVERAGE Regardless of the year of manufacture, products bearing the \u0130zelta\u015f brand that are found to have manufacturing or material defects under normal conditions of use are covered by a lifetime warranty and will be repaired or if repair is not possible replaced immediately with a new product.\u00a0 For brands except \u0130zelta\u015f, the [&hellip;]\" \/>\n<meta property=\"og:url\" content=\"https:\/\/izeltas.com.tr\/kurumsal\/garanti-sartlari\/\" \/>\n<meta property=\"og:site_name\" content=\"\u0130ZELTA\u015e\" \/>\n<meta property=\"article:modified_time\" content=\"2025-09-12T11:01:58+00:00\" \/>\n<meta name=\"twitter:card\" content=\"summary_large_image\" \/>\n<meta name=\"twitter:label1\" content=\"Est. reading time\" \/>\n\t<meta name=\"twitter:data1\" content=\"3 minutes\" \/>\n<script type=\"application\/ld+json\" class=\"yoast-schema-graph\">{\"@context\":\"https:\/\/schema.org\",\"@graph\":[{\"@type\":\"WebPage\",\"@id\":\"https:\/\/izeltas.com.tr\/kurumsal\/garanti-sartlari\/\",\"url\":\"https:\/\/izeltas.com.tr\/kurumsal\/garanti-sartlari\/\",\"name\":\"[:tr]Garanti \u015eartlar\u0131[:en]Terms of Guarantee[:] - \u0130ZELTA\u015e\",\"isPartOf\":{\"@id\":\"https:\/\/izeltas.com.tr\/#website\"},\"datePublished\":\"2020-12-28T13:45:38+00:00\",\"dateModified\":\"2025-09-12T11:01:58+00:00\",\"breadcrumb\":{\"@id\":\"https:\/\/izeltas.com.tr\/kurumsal\/garanti-sartlari\/#breadcrumb\"},\"inLanguage\":\"en-US\",\"potentialAction\":[{\"@type\":\"ReadAction\",\"target\":[\"https:\/\/izeltas.com.tr\/kurumsal\/garanti-sartlari\/\"]}]},{\"@type\":\"BreadcrumbList\",\"@id\":\"https:\/\/izeltas.com.tr\/kurumsal\/garanti-sartlari\/#breadcrumb\",\"itemListElement\":[{\"@type\":\"ListItem\",\"position\":1,\"name\":\"Anasayfa\",\"item\":\"https:\/\/izeltas.com.tr\/\"},{\"@type\":\"ListItem\",\"position\":2,\"name\":\"Hakk\u0131nda\",\"item\":\"https:\/\/izeltas.com.tr\/kurumsal\/\"},{\"@type\":\"ListItem\",\"position\":3,\"name\":\"Garanti \u015eartlar\u0131\"}]},{\"@type\":\"WebSite\",\"@id\":\"https:\/\/izeltas.com.tr\/#website\",\"url\":\"https:\/\/izeltas.com.tr\/\",\"name\":\"\u0130ZELTA\u015e\",\"description\":\"\u0130ZM\u0130R EL ALETLER\u0130 SANAY\u0130 VE T\u0130CARET A\u015e\",\"publisher\":{\"@id\":\"https:\/\/izeltas.com.tr\/#organization\"},\"potentialAction\":[{\"@type\":\"SearchAction\",\"target\":{\"@type\":\"EntryPoint\",\"urlTemplate\":\"https:\/\/izeltas.com.tr\/?s={search_term_string}\"},\"query-input\":{\"@type\":\"PropertyValueSpecification\",\"valueRequired\":true,\"valueName\":\"search_term_string\"}}],\"inLanguage\":\"en-US\"},{\"@type\":\"Organization\",\"@id\":\"https:\/\/izeltas.com.tr\/#organization\",\"name\":\"\u0130ZELTA\u015e\",\"url\":\"https:\/\/izeltas.com.tr\/\",\"logo\":{\"@type\":\"ImageObject\",\"inLanguage\":\"en-US\",\"@id\":\"https:\/\/izeltas.com.tr\/#\/schema\/logo\/image\/\",\"url\":\"https:\/\/izeltas.com.tr\/wp-content\/uploads\/2020\/12\/izeltas-logo.svg\",\"contentUrl\":\"https:\/\/izeltas.com.tr\/wp-content\/uploads\/2020\/12\/izeltas-logo.svg\",\"width\":1,\"height\":1,\"caption\":\"\u0130ZELTA\u015e\"},\"image\":{\"@id\":\"https:\/\/izeltas.com.tr\/#\/schema\/logo\/image\/\"}}]}<\/script>\n<!-- \/ Yoast SEO plugin. -->","yoast_head_json":{"title":"[:tr]Garanti \u015eartlar\u0131[:en]Terms of Guarantee[:] - \u0130ZELTA\u015e","robots":{"index":"index","follow":"follow","max-snippet":"max-snippet:-1","max-image-preview":"max-image-preview:large","max-video-preview":"max-video-preview:-1"},"canonical":"https:\/\/izeltas.com.tr\/kurumsal\/garanti-sartlari\/","og_locale":"en_US","og_type":"article","og_title":"[:tr]Garanti \u015eartlar\u0131[:en]Terms of Guarantee[:] - \u0130ZELTA\u015e","og_description":"A &#8211; COVERAGE Regardless of the year of manufacture, products bearing the \u0130zelta\u015f brand that are found to have manufacturing or material defects under normal conditions of use are covered by a lifetime warranty and will be repaired or if repair is not possible replaced immediately with a new product.\u00a0 For brands except \u0130zelta\u015f, the [&hellip;]","og_url":"https:\/\/izeltas.com.tr\/kurumsal\/garanti-sartlari\/","og_site_name":"\u0130ZELTA\u015e","article_modified_time":"2025-09-12T11:01:58+00:00","twitter_card":"summary_large_image","twitter_misc":{"Est. reading time":"3 minutes"},"schema":{"@context":"https:\/\/schema.org","@graph":[{"@type":"WebPage","@id":"https:\/\/izeltas.com.tr\/kurumsal\/garanti-sartlari\/","url":"https:\/\/izeltas.com.tr\/kurumsal\/garanti-sartlari\/","name":"[:tr]Garanti \u015eartlar\u0131[:en]Terms of Guarantee[:] - \u0130ZELTA\u015e","isPartOf":{"@id":"https:\/\/izeltas.com.tr\/#website"},"datePublished":"2020-12-28T13:45:38+00:00","dateModified":"2025-09-12T11:01:58+00:00","breadcrumb":{"@id":"https:\/\/izeltas.com.tr\/kurumsal\/garanti-sartlari\/#breadcrumb"},"inLanguage":"en-US","potentialAction":[{"@type":"ReadAction","target":["https:\/\/izeltas.com.tr\/kurumsal\/garanti-sartlari\/"]}]},{"@type":"BreadcrumbList","@id":"https:\/\/izeltas.com.tr\/kurumsal\/garanti-sartlari\/#breadcrumb","itemListElement":[{"@type":"ListItem","position":1,"name":"Anasayfa","item":"https:\/\/izeltas.com.tr\/"},{"@type":"ListItem","position":2,"name":"Hakk\u0131nda","item":"https:\/\/izeltas.com.tr\/kurumsal\/"},{"@type":"ListItem","position":3,"name":"Garanti \u015eartlar\u0131"}]},{"@type":"WebSite","@id":"https:\/\/izeltas.com.tr\/#website","url":"https:\/\/izeltas.com.tr\/","name":"\u0130ZELTA\u015e","description":"\u0130ZM\u0130R EL ALETLER\u0130 SANAY\u0130 VE T\u0130CARET A\u015e","publisher":{"@id":"https:\/\/izeltas.com.tr\/#organization"},"potentialAction":[{"@type":"SearchAction","target":{"@type":"EntryPoint","urlTemplate":"https:\/\/izeltas.com.tr\/?s={search_term_string}"},"query-input":{"@type":"PropertyValueSpecification","valueRequired":true,"valueName":"search_term_string"}}],"inLanguage":"en-US"},{"@type":"Organization","@id":"https:\/\/izeltas.com.tr\/#organization","name":"\u0130ZELTA\u015e","url":"https:\/\/izeltas.com.tr\/","logo":{"@type":"ImageObject","inLanguage":"en-US","@id":"https:\/\/izeltas.com.tr\/#\/schema\/logo\/image\/","url":"https:\/\/izeltas.com.tr\/wp-content\/uploads\/2020\/12\/izeltas-logo.svg","contentUrl":"https:\/\/izeltas.com.tr\/wp-content\/uploads\/2020\/12\/izeltas-logo.svg","width":1,"height":1,"caption":"\u0130ZELTA\u015e"},"image":{"@id":"https:\/\/izeltas.com.tr\/#\/schema\/logo\/image\/"}}]}},"_links":{"self":[{"href":"https:\/\/izeltas.com.tr\/en\/wp-json\/wp\/v2\/pages\/169","targetHints":{"allow":["GET"]}}],"collection":[{"href":"https:\/\/izeltas.com.tr\/en\/wp-json\/wp\/v2\/pages"}],"about":[{"href":"https:\/\/izeltas.com.tr\/en\/wp-json\/wp\/v2\/types\/page"}],"author":[{"embeddable":true,"href":"https:\/\/izeltas.com.tr\/en\/wp-json\/wp\/v2\/users\/5"}],"replies":[{"embeddable":true,"href":"https:\/\/izeltas.com.tr\/en\/wp-json\/wp\/v2\/comments?post=169"}],"version-history":[{"count":10,"href":"https:\/\/izeltas.com.tr\/en\/wp-json\/wp\/v2\/pages\/169\/revisions"}],"predecessor-version":[{"id":12937,"href":"https:\/\/izeltas.com.tr\/en\/wp-json\/wp\/v2\/pages\/169\/revisions\/12937"}],"up":[{"embeddable":true,"href":"https:\/\/izeltas.com.tr\/en\/wp-json\/wp\/v2\/pages\/1989"}],"wp:attachment":[{"href":"https:\/\/izeltas.com.tr\/en\/wp-json\/wp\/v2\/media?parent=169"}],"curies":[{"name":"wp","href":"https:\/\/api.w.org\/{rel}","templated":true}]}}