{"id":1622,"date":"2021-09-01T10:19:22","date_gmt":"2021-09-01T07:19:22","guid":{"rendered":"https:\/\/izeltas.com.tr\/?page_id=1622"},"modified":"2026-03-25T08:41:00","modified_gmt":"2026-03-25T05:41:00","slug":"i-k-politikamiz","status":"publish","type":"page","link":"https:\/\/izeltas.com.tr\/en\/i-k-politikamiz\/","title":{"rendered":"Our Goals and Policies"},"content":{"rendered":"<p>Guided by the motto <strong>\u201cWE ARE ONE FAMILY\u201d,<\/strong> we draw our strength from our human resources\u2014a team built on mutual trust and respect, characterized by responsibility, self-confidence, a commitment to creating value, and a belief in quality service. In an ever-changing and evolving global landscape, we cultivate employees who are <strong>open to innovation, entrepreneurial, data-driven, proactive, and committed to continuous improvement<\/strong>; we establish<strong> integrated human resources systems<\/strong> that streamline and enrich business processes. By making our existing systems more efficient, we ensure a return on our investment in people. Additionally, by strengthening employee engagement, we aim to build teams focused on results and performance.<\/p>","protected":false},"excerpt":{"rendered":"<p>Guided by the motto \u201cWE ARE ONE FAMILY\u201d, we draw our strength from our human resources\u2014a team built on mutual trust and respect, characterized by responsibility, self-confidence, a commitment to creating value, and a belief in quality service. In an ever-changing and evolving global landscape, we cultivate employees who are open to innovation, entrepreneurial, data-driven, [&hellip;]<\/p>\n","protected":false},"author":5,"featured_media":0,"parent":0,"menu_order":0,"comment_status":"closed","ping_status":"closed","template":"","meta":{"_acf_changed":false,"footnotes":""},"class_list":["post-1622","page","type-page","status-publish","hentry"],"acf":[],"yoast_head":"<!-- This site is optimized with the Yoast SEO plugin v25.3 - https:\/\/yoast.com\/wordpress\/plugins\/seo\/ -->\n<title>Our Goals and Policies - \u0130ZELTA\u015e<\/title>\n<meta name=\"robots\" content=\"index, follow, max-snippet:-1, max-image-preview:large, max-video-preview:-1\" \/>\n<link rel=\"canonical\" href=\"https:\/\/izeltas.com.tr\/i-k-politikamiz\/\" \/>\n<meta property=\"og:locale\" content=\"en_US\" \/>\n<meta property=\"og:type\" content=\"article\" \/>\n<meta property=\"og:title\" content=\"[:tr]Hedef ve Politikalar\u0131m\u0131z[:en]Our Goals and Policies[:] - \u0130ZELTA\u015e\" \/>\n<meta property=\"og:description\" content=\"Guided by the motto \u201cWE ARE ONE FAMILY\u201d, we draw our strength from our human resources\u2014a team built on mutual trust and respect, characterized by responsibility, self-confidence, a commitment to creating value, and a belief in quality service. In an ever-changing and evolving global landscape, we cultivate employees who are open to innovation, entrepreneurial, data-driven, [&hellip;]\" \/>\n<meta property=\"og:url\" content=\"https:\/\/izeltas.com.tr\/i-k-politikamiz\/\" \/>\n<meta property=\"og:site_name\" content=\"\u0130ZELTA\u015e\" \/>\n<meta property=\"article:modified_time\" content=\"2026-03-25T05:41:00+00:00\" \/>\n<meta name=\"twitter:card\" content=\"summary_large_image\" \/>\n<meta name=\"twitter:label1\" content=\"Est. reading time\" \/>\n\t<meta name=\"twitter:data1\" content=\"1 minute\" \/>\n<script type=\"application\/ld+json\" class=\"yoast-schema-graph\">{\"@context\":\"https:\/\/schema.org\",\"@graph\":[{\"@type\":\"WebPage\",\"@id\":\"https:\/\/izeltas.com.tr\/i-k-politikamiz\/\",\"url\":\"https:\/\/izeltas.com.tr\/i-k-politikamiz\/\",\"name\":\"[:tr]Hedef ve Politikalar\u0131m\u0131z[:en]Our Goals and Policies[:] - \u0130ZELTA\u015e\",\"isPartOf\":{\"@id\":\"https:\/\/izeltas.com.tr\/#website\"},\"datePublished\":\"2021-09-01T07:19:22+00:00\",\"dateModified\":\"2026-03-25T05:41:00+00:00\",\"breadcrumb\":{\"@id\":\"https:\/\/izeltas.com.tr\/i-k-politikamiz\/#breadcrumb\"},\"inLanguage\":\"en-US\",\"potentialAction\":[{\"@type\":\"ReadAction\",\"target\":[\"https:\/\/izeltas.com.tr\/i-k-politikamiz\/\"]}]},{\"@type\":\"BreadcrumbList\",\"@id\":\"https:\/\/izeltas.com.tr\/i-k-politikamiz\/#breadcrumb\",\"itemListElement\":[{\"@type\":\"ListItem\",\"position\":1,\"name\":\"Anasayfa\",\"item\":\"https:\/\/izeltas.com.tr\/\"},{\"@type\":\"ListItem\",\"position\":2,\"name\":\"Hedef ve Politikalar\u0131m\u0131z\"}]},{\"@type\":\"WebSite\",\"@id\":\"https:\/\/izeltas.com.tr\/#website\",\"url\":\"https:\/\/izeltas.com.tr\/\",\"name\":\"\u0130ZELTA\u015e\",\"description\":\"\u0130ZM\u0130R EL ALETLER\u0130 SANAY\u0130 VE T\u0130CARET A\u015e\",\"publisher\":{\"@id\":\"https:\/\/izeltas.com.tr\/#organization\"},\"potentialAction\":[{\"@type\":\"SearchAction\",\"target\":{\"@type\":\"EntryPoint\",\"urlTemplate\":\"https:\/\/izeltas.com.tr\/?s={search_term_string}\"},\"query-input\":{\"@type\":\"PropertyValueSpecification\",\"valueRequired\":true,\"valueName\":\"search_term_string\"}}],\"inLanguage\":\"en-US\"},{\"@type\":\"Organization\",\"@id\":\"https:\/\/izeltas.com.tr\/#organization\",\"name\":\"\u0130ZELTA\u015e\",\"url\":\"https:\/\/izeltas.com.tr\/\",\"logo\":{\"@type\":\"ImageObject\",\"inLanguage\":\"en-US\",\"@id\":\"https:\/\/izeltas.com.tr\/#\/schema\/logo\/image\/\",\"url\":\"https:\/\/izeltas.com.tr\/wp-content\/uploads\/2020\/12\/izeltas-logo.svg\",\"contentUrl\":\"https:\/\/izeltas.com.tr\/wp-content\/uploads\/2020\/12\/izeltas-logo.svg\",\"width\":1,\"height\":1,\"caption\":\"\u0130ZELTA\u015e\"},\"image\":{\"@id\":\"https:\/\/izeltas.com.tr\/#\/schema\/logo\/image\/\"}}]}<\/script>\n<!-- \/ Yoast SEO plugin. -->","yoast_head_json":{"title":"[:tr]Hedef ve Politikalar\u0131m\u0131z[:en]Our Goals and Policies[:] - \u0130ZELTA\u015e","robots":{"index":"index","follow":"follow","max-snippet":"max-snippet:-1","max-image-preview":"max-image-preview:large","max-video-preview":"max-video-preview:-1"},"canonical":"https:\/\/izeltas.com.tr\/i-k-politikamiz\/","og_locale":"en_US","og_type":"article","og_title":"[:tr]Hedef ve Politikalar\u0131m\u0131z[:en]Our Goals and Policies[:] - \u0130ZELTA\u015e","og_description":"Guided by the motto \u201cWE ARE ONE FAMILY\u201d, we draw our strength from our human resources\u2014a team built on mutual trust and respect, characterized by responsibility, self-confidence, a commitment to creating value, and a belief in quality service. In an ever-changing and evolving global landscape, we cultivate employees who are open to innovation, entrepreneurial, data-driven, [&hellip;]","og_url":"https:\/\/izeltas.com.tr\/i-k-politikamiz\/","og_site_name":"\u0130ZELTA\u015e","article_modified_time":"2026-03-25T05:41:00+00:00","twitter_card":"summary_large_image","twitter_misc":{"Est. reading time":"1 minute"},"schema":{"@context":"https:\/\/schema.org","@graph":[{"@type":"WebPage","@id":"https:\/\/izeltas.com.tr\/i-k-politikamiz\/","url":"https:\/\/izeltas.com.tr\/i-k-politikamiz\/","name":"[:tr]Hedef ve Politikalar\u0131m\u0131z[:en]Our Goals and Policies[:] - \u0130ZELTA\u015e","isPartOf":{"@id":"https:\/\/izeltas.com.tr\/#website"},"datePublished":"2021-09-01T07:19:22+00:00","dateModified":"2026-03-25T05:41:00+00:00","breadcrumb":{"@id":"https:\/\/izeltas.com.tr\/i-k-politikamiz\/#breadcrumb"},"inLanguage":"en-US","potentialAction":[{"@type":"ReadAction","target":["https:\/\/izeltas.com.tr\/i-k-politikamiz\/"]}]},{"@type":"BreadcrumbList","@id":"https:\/\/izeltas.com.tr\/i-k-politikamiz\/#breadcrumb","itemListElement":[{"@type":"ListItem","position":1,"name":"Anasayfa","item":"https:\/\/izeltas.com.tr\/"},{"@type":"ListItem","position":2,"name":"Hedef ve Politikalar\u0131m\u0131z"}]},{"@type":"WebSite","@id":"https:\/\/izeltas.com.tr\/#website","url":"https:\/\/izeltas.com.tr\/","name":"\u0130ZELTA\u015e","description":"\u0130ZM\u0130R EL ALETLER\u0130 SANAY\u0130 VE T\u0130CARET A\u015e","publisher":{"@id":"https:\/\/izeltas.com.tr\/#organization"},"potentialAction":[{"@type":"SearchAction","target":{"@type":"EntryPoint","urlTemplate":"https:\/\/izeltas.com.tr\/?s={search_term_string}"},"query-input":{"@type":"PropertyValueSpecification","valueRequired":true,"valueName":"search_term_string"}}],"inLanguage":"en-US"},{"@type":"Organization","@id":"https:\/\/izeltas.com.tr\/#organization","name":"\u0130ZELTA\u015e","url":"https:\/\/izeltas.com.tr\/","logo":{"@type":"ImageObject","inLanguage":"en-US","@id":"https:\/\/izeltas.com.tr\/#\/schema\/logo\/image\/","url":"https:\/\/izeltas.com.tr\/wp-content\/uploads\/2020\/12\/izeltas-logo.svg","contentUrl":"https:\/\/izeltas.com.tr\/wp-content\/uploads\/2020\/12\/izeltas-logo.svg","width":1,"height":1,"caption":"\u0130ZELTA\u015e"},"image":{"@id":"https:\/\/izeltas.com.tr\/#\/schema\/logo\/image\/"}}]}},"_links":{"self":[{"href":"https:\/\/izeltas.com.tr\/en\/wp-json\/wp\/v2\/pages\/1622","targetHints":{"allow":["GET"]}}],"collection":[{"href":"https:\/\/izeltas.com.tr\/en\/wp-json\/wp\/v2\/pages"}],"about":[{"href":"https:\/\/izeltas.com.tr\/en\/wp-json\/wp\/v2\/types\/page"}],"author":[{"embeddable":true,"href":"https:\/\/izeltas.com.tr\/en\/wp-json\/wp\/v2\/users\/5"}],"replies":[{"embeddable":true,"href":"https:\/\/izeltas.com.tr\/en\/wp-json\/wp\/v2\/comments?post=1622"}],"version-history":[{"count":6,"href":"https:\/\/izeltas.com.tr\/en\/wp-json\/wp\/v2\/pages\/1622\/revisions"}],"predecessor-version":[{"id":13122,"href":"https:\/\/izeltas.com.tr\/en\/wp-json\/wp\/v2\/pages\/1622\/revisions\/13122"}],"wp:attachment":[{"href":"https:\/\/izeltas.com.tr\/en\/wp-json\/wp\/v2\/media?parent=1622"}],"curies":[{"name":"wp","href":"https:\/\/api.w.org\/{rel}","templated":true}]}}