{"id":1619,"date":"2021-08-31T18:21:28","date_gmt":"2021-08-31T15:21:28","guid":{"rendered":"https:\/\/izeltas.com.tr\/?page_id=1619"},"modified":"2026-03-13T07:31:22","modified_gmt":"2026-03-13T04:31:22","slug":"internetten-satis-yapan-bayiler","status":"publish","type":"page","link":"https:\/\/izeltas.com.tr\/en\/internetten-satis-yapan-bayiler\/","title":{"rendered":"Online Dealers"},"content":{"rendered":"<p><\/p>\n<div class=\"product-technique-details table-responsive-lg\">\n<table class=\"table table-bordered\" style=\"width: 91.7343%; height: 1223px;\" width=\"\">\n<tbody>\n<tr style=\"height: 24px;\">\n<td style=\"height: 24px; width: 23.2202%;\" width=\"178\">Web Site<\/td>\n<td style=\"height: 24px; width: 62.4315%;\" width=\"571\">Dealers<\/td>\n<td style=\"height: 24px; width: 13.3625%;\" width=\"106\">City<\/td>\n<\/tr>\n<tr style=\"height: 24px;\">\n<td style=\"height: 24px; width: 23.2202%;\"><a href=\"http:\/\/www.al.com.tr\/\">www.al.com.tr<\/a><\/td>\n<td style=\"height: 24px; width: 62.4315%;\">AL NALBUR\u0130YE HIRD.SAN.LTD.\u015eT\u0130.<\/td>\n<td style=\"height: 24px; width: 13.3625%;\">\u0130stanbul<\/td>\n<\/tr>\n<tr style=\"height: 24px;\">\n<td style=\"height: 24px; width: 23.2202%;\"><a href=\"https:\/\/makineustasi.com\/market\/\">www.makineustasi.com<\/a><\/td>\n<td style=\"height: 24px; width: 62.4315%;\">BAKIRCIO\u011eLU ELEKTR\u0130K MAK\u0130NA HIR.\u0130N\u015e.NAK.SAN.VE T\u0130C.LTD.\u015eT\u0130.<\/td>\n<td style=\"height: 24px; width: 13.3625%;\">Erzincan<\/td>\n<\/tr>\n<tr style=\"height: 24px;\">\n<td style=\"width: 23.2202%; height: 24px;\"><a href=\"http:\/\/www.takimcantam.com\">www.takimcantam.com<\/a><\/td>\n<td style=\"width: 62.4315%; height: 24px;\">CELAL G\u00dcVEN C\u0130VATA T\u0130C.VE SAN.LTD.\u015eT\u0130.<\/td>\n<td style=\"width: 13.3625%; height: 24px;\">\u0130zmir<\/td>\n<\/tr>\n<tr style=\"height: 24px;\">\n<td style=\"height: 24px; width: 23.2202%;\"><a href=\"https:\/\/www.civteccivata.com.tr\/\">www.civteccivata.com.tr<\/a><\/td>\n<td style=\"height: 24px; width: 62.4315%;\">C\u0130VTEC CIVATA A.\u015e<\/td>\n<td style=\"height: 24px; width: 13.3625%;\">\u0130stanbul<\/td>\n<\/tr>\n<tr style=\"height: 24px;\">\n<td style=\"height: 24px; width: 23.2202%;\"><a href=\"http:\/\/www.markamakina.com\/\">www.markamakina.com<\/a><\/td>\n<td style=\"height: 24px; width: 62.4315%;\">DALYAN MAK.\u0130MAL.SAN.T\u0130C.LTD.ST\u0130.<\/td>\n<td style=\"height: 24px; width: 13.3625%;\">\u00c7orum<\/td>\n<\/tr>\n<tr style=\"height: 24px;\">\n<td style=\"height: 24px; width: 23.2202%;\"><a href=\"http:\/\/www.edyapi.com\/\">www.edyapi.com<\/a><\/td>\n<td style=\"height: 24px; width: 62.4315%;\">ED YAPI YALITIM \u0130N\u015e.PAZ.\u00dcRT.SAN.VE T\u0130C.LTD.\u015eT\u0130.<\/td>\n<td style=\"height: 24px; width: 13.3625%;\">Elaz\u0131\u011f<\/td>\n<\/tr>\n<tr style=\"height: 24px;\">\n<td style=\"height: 24px; width: 23.2202%;\"><a href=\"http:\/\/www.ensarshop.com\/\">www.ensarshop.com<\/a><\/td>\n<td style=\"height: 24px; width: 62.4315%;\">ENSAR MAK\u0130NA ELEKTR.HIRD.SAN.T\u0130C.LTD.\u015eT\u0130.<\/td>\n<td style=\"height: 24px; width: 13.3625%;\">Sakarya<\/td>\n<\/tr>\n<tr style=\"height: 24px;\">\n<td style=\"height: 24px; width: 23.2202%;\"><a href=\"https:\/\/www.dewdepo.com\/\">www.dewdepo.com<\/a><\/td>\n<td style=\"height: 24px; width: 62.4315%;\">ELC\u0130 TEKN\u0130K AKSAM KARBON<\/td>\n<td style=\"height: 24px; width: 13.3625%;\">Ankara<\/td>\n<\/tr>\n<tr style=\"height: 24px;\">\n<td style=\"height: 24px; width: 23.2202%;\"><a href=\"https:\/\/www.hirdavatciamca.com\/\">www.hirdavatciamca.com<\/a><\/td>\n<td style=\"height: 24px; width: 62.4315%;\">FIRAT YAPI TEKN\u0130K<\/td>\n<td style=\"height: 24px; width: 13.3625%;\">Yalova<\/td>\n<\/tr>\n<tr style=\"height: 24px;\">\n<td style=\"height: 24px; width: 23.2202%;\"><a href=\"http:\/\/www.nalburcuk.com\/\">www.nalburcuk.com<\/a><\/td>\n<td style=\"height: 24px; width: 62.4315%;\">G\u00dcLERY\u00dcZ NALBUR\u0130YE M\u00dcH. \u0130N\u015e VE T\u0130C. A.\u015e.<\/td>\n<td style=\"height: 24px; width: 13.3625%;\">Kocaeli<\/td>\n<\/tr>\n<tr style=\"height: 24px;\">\n<td style=\"height: 24px; width: 23.2202%;\"><a href=\"http:\/\/www.hirdavatalalim.com.tr\/\">www.hirdavatalalim.com.tr<\/a><\/td>\n<td style=\"height: 24px; width: 62.4315%;\">G\u00dcLERSAN YA\u011eLAMA C\u0130HAZLARI SAN.VE T\u0130C.LTD.\u015eT\u0130.<\/td>\n<td style=\"height: 24px; width: 13.3625%;\">\u0130stanbul<\/td>\n<\/tr>\n<tr style=\"height: 24px;\">\n<td style=\"height: 24px; width: 23.2202%;\"><a href=\"http:\/\/www.sanayicim.com\/\">www.sanayicim.com<\/a><\/td>\n<td style=\"height: 24px; width: 62.4315%;\">GENEL ELEKTROMOTOR END.ELEKT.MAK.SAN.T\u0130C.LTD.\u015eT\u0130.<\/td>\n<td style=\"height: 24px; width: 13.3625%;\">Zonguldak<\/td>\n<\/tr>\n<tr style=\"height: 24px;\">\n<td style=\"height: 24px; width: 23.2202%;\"><a href=\"https:\/\/www.hirdavatbulurum.com\/\">www.hirdavatbulurum.com<\/a><\/td>\n<td style=\"height: 24px; width: 62.4315%;\">KULAKLI CIV.TEK.HRD.<\/td>\n<td style=\"height: 24px; width: 13.3625%;\">Kahramanmara\u015f<\/td>\n<\/tr>\n<tr style=\"height: 24px;\">\n<td style=\"height: 24px; width: 23.2202%;\"><a href=\"http:\/\/www.kanyonrulman.com.tr\/\">www.kanyonrulman.com.tr<\/a><\/td>\n<td style=\"height: 24px; width: 62.4315%;\">KANYON RULMAN A.\u015e.<\/td>\n<td style=\"height: 24px; width: 13.3625%;\">U\u015fak<\/td>\n<\/tr>\n<tr style=\"height: 24px;\">\n<td style=\"height: 24px; width: 23.2202%;\"><a href=\"http:\/\/www.kocasaban.com\/\">www.kocasaban.com<\/a><\/td>\n<td style=\"height: 24px; width: 62.4315%;\">KOCA\u015eABAN SINA\u0130 VE TIBB\u0130 GAZLAR TEK.HIRD.LTD.\u015eT\u0130.<\/td>\n<td style=\"height: 24px; width: 13.3625%;\">Afyon<\/td>\n<\/tr>\n<tr style=\"height: 24px;\">\n<td style=\"height: 24px; width: 23.2202%;\"><a href=\"http:\/\/www.hirdavatburada.com\/\">www.hirdavatburada.com<\/a><\/td>\n<td style=\"height: 24px; width: 62.4315%;\">META\u015e TEKN\u0130K HIRDAVAT<\/td>\n<td style=\"height: 24px; width: 13.3625%;\">Kayseri<\/td>\n<\/tr>\n<tr style=\"height: 24px;\">\n<td style=\"height: 24px; width: 23.2202%;\"><a href=\"http:\/\/www.otokarltd.com.tr\/\">www.otokarltd.com.tr<\/a><\/td>\n<td style=\"height: 24px; width: 62.4315%;\">OTOKAR OTO AKS.VE BAKIM \u00dcR\u00dcN.PAZ.SAN.VE T\u0130C.LTD.\u015eT\u0130.<\/td>\n<td style=\"height: 24px; width: 13.3625%;\">\u0130zmir<\/td>\n<\/tr>\n<tr style=\"height: 24px;\">\n<td style=\"height: 24px; width: 23.2202%;\"><a href=\"https:\/\/www.ornekboya.com.tr\/\">www.ornekboya.com.tr<\/a><\/td>\n<td style=\"height: 24px; width: 62.4315%;\">\u00d6RNEK HIRDAVAT BOYA \u0130N\u015e.-\u0130N\u015e.MALZ.SAN.T\u0130C.LTD.\u015eT\u0130.<\/td>\n<td style=\"height: 24px; width: 13.3625%;\">Eski\u015fehir<\/td>\n<\/tr>\n<tr style=\"height: 24px;\">\n<td style=\"height: 24px; width: 23.2202%;\"><a href=\"http:\/\/www.hirdavatmakina.com\">www.hirdavatmakina.com<\/a><\/td>\n<td style=\"height: 24px; width: 62.4315%;\">\u00d6ZKANLAR MAK\u0130NA T\u0130CARET A.\u015e.<\/td>\n<td style=\"height: 24px; width: 13.3625%;\">\u0130stanbul<\/td>\n<\/tr>\n<tr style=\"height: 24px;\">\n<td style=\"height: 24px; width: 23.2202%;\"><a href=\"http:\/\/www.neeksik.com\/\">www.neeksik.com<\/a><\/td>\n<td style=\"height: 24px; width: 62.4315%;\">\u00d6ZAYLAR EL ALET.HIRD. \u0130N\u015eAAT T\u0130C. SAN. A.\u015e.<\/td>\n<td style=\"height: 24px; width: 13.3625%;\">Ankara<\/td>\n<\/tr>\n<tr style=\"height: 24px;\">\n<td style=\"height: 24px; width: 23.2202%;\"><a href=\"http:\/\/www.yollabana.com\/\">www.yollabana.com\u00a0<\/a><\/td>\n<td style=\"height: 24px; width: 62.4315%;\">\u00d6ZGER OTOM.PETROL \u00dcR\u00dcN.MAK.SAN.T\u0130C.LTD.\u015eT\u0130.<\/td>\n<td style=\"height: 24px; width: 13.3625%;\">Kayseri<\/td>\n<\/tr>\n<tr style=\"height: 56px;\">\n<td style=\"width: 23.2202%; height: 56px;\"><a href=\"http:\/\/www.teknikoutlet.com\">www.teknikoutlet.com<\/a><\/td>\n<td style=\"width: 62.4315%; height: 56px;\">\u00d6Z\u0130PEKL\u0130LER TEKN\u0130K HIRDAVAT \u00c7EL\u0130K SAN. T\u0130C A.\u015e.<\/td>\n<td style=\"width: 13.3625%; height: 56px;\">Bursa<\/td>\n<\/tr>\n<tr style=\"height: 21px;\">\n<td style=\"width: 23.2202%; height: 21px;\"><a href=\"http:\/\/www.bizimnalbur.com\">www.bizimnalbur.com<\/a><\/td>\n<td style=\"width: 62.4315%; height: 21px;\">\u00d6Z\u0130PEKL\u0130LER TEKN\u0130K HIRDAVAT \u00c7EL\u0130K SAN. T\u0130C A.\u015e.<\/td>\n<td style=\"width: 13.3625%; height: 21px;\">Bursa<\/td>\n<\/tr>\n<tr style=\"height: 24px;\">\n<td style=\"height: 24px; width: 23.2202%;\"><a href=\"https:\/\/www.hirdavatendustri.com\/\">www.hirdavatendustri.com<\/a><\/td>\n<td style=\"height: 24px; width: 62.4315%;\">SAYSAN \u0130N\u015e HIRD OTO BOYA SAN T\u0130C LTD \u015eT\u0130<\/td>\n<td style=\"height: 24px; width: 13.3625%;\">Osmaniye<\/td>\n<\/tr>\n<tr style=\"height: 24px;\">\n<td style=\"height: 24px; width: 23.2202%;\"><a href=\"http:\/\/www.surteknik.com\/\">www.surteknik.com<\/a><\/td>\n<td style=\"height: 24px; width: 62.4315%;\">SUR TEKN\u0130K MAK.LTD.\u015eT\u0130.<\/td>\n<td style=\"height: 24px; width: 13.3625%;\">\u0130stanbul<\/td>\n<\/tr>\n<tr style=\"height: 24px;\">\n<td style=\"height: 24px; width: 23.2202%;\"><a href=\"http:\/\/www.tokgozler.com\/\">www.tokgozler.com<\/a><\/td>\n<td style=\"height: 24px; width: 62.4315%;\">TOKG\u00d6ZLER TIC.VE PAZ.A.S.<\/td>\n<td style=\"height: 24px; width: 13.3625%;\">Bursa<\/td>\n<\/tr>\n<tr style=\"height: 24px;\">\n<td style=\"height: 24px; width: 23.2202%;\"><a href=\"http:\/\/www.hirdavat24.com\/\">www.hirdavat24.com<\/a><\/td>\n<td style=\"height: 24px; width: 62.4315%;\">TOK T\u0130CARET HIRDAVAT MAK\u0130NA SANAY\u0130 ANON\u0130M \u015e\u0130RKET\u0130<\/td>\n<td style=\"height: 24px; width: 13.3625%;\">\u0130stanbul<\/td>\n<\/tr>\n<tr style=\"height: 24px;\">\n<td style=\"height: 24px; width: 23.2202%;\"><a href=\"http:\/\/www.isaleti.com\/\">www.isaleti.com<\/a><\/td>\n<td style=\"height: 24px; width: 62.4315%;\">TEMELLER MAK.HIR.\u0130N\u015e.VE SAN.VE T\u0130C.LTD.\u015eT\u0130.<\/td>\n<td style=\"height: 24px; width: 13.3625%;\">\u0130stanbul<\/td>\n<\/tr>\n<tr style=\"height: 24px;\">\n<td style=\"width: 23.2202%; height: 24px;\"><a href=\"http:\/\/www.sismikmarket.com\">www.sismikmarket.com<\/a><\/td>\n<td style=\"width: 62.4315%; height: 24px;\">ULUS YAPI MLZ ve \u0130N\u015e TAAH.T\u0130C A.\u015e<\/td>\n<td style=\"width: 13.3625%; height: 24px;\"><\/td>\n<\/tr>\n<tr style=\"height: 24px;\">\n<td style=\"height: 24px; width: 23.2202%;\"><a href=\"http:\/\/www.urganciyapimarket.com\/\">www.urganciyapimarket.com<\/a><\/td>\n<td style=\"height: 24px; width: 62.4315%;\">URGANCI T\u0130CARET<\/td>\n<td style=\"height: 24px; width: 13.3625%;\">Antalya<\/td>\n<\/tr>\n<tr style=\"height: 24px;\">\n<td style=\"height: 24px; width: 23.2202%;\"><a href=\"http:\/\/www.uzunogullari.com\/\">www.uzunogullari.com<\/a><\/td>\n<td style=\"height: 24px; width: 62.4315%;\">UZUNO\u011eULLARI YDK. PAR\u00c7A HIRD.\u0130N\u015e.OTOM.SAN VE T\u0130C.LTD.\u015eT\u0130.<\/td>\n<td style=\"height: 24px; width: 13.3625%;\">Bal\u0131kesir<\/td>\n<\/tr>\n<tr style=\"height: 24px;\">\n<td style=\"height: 24px; width: 23.2202%;\"><a href=\"http:\/\/www.elaletleriburada.com\/\">www.elaletleriburada.com<\/a><\/td>\n<td style=\"height: 24px; width: 62.4315%;\">Z\u00dcMR\u00dcT MAK\u0130NE T\u0130CARET LTD.\u015eT\u0130.<\/td>\n<td style=\"height: 24px; width: 13.3625%;\">\u0130stanbul<\/td>\n<\/tr>\n<tr style=\"height: 24px;\">\n<td style=\"height: 24px; width: 23.2202%;\"><a href=\"http:\/\/www.teknikelaleti.com\/\">www.teknikelaleti.com<\/a><\/td>\n<td style=\"height: 24px; width: 62.4315%;\">ZET \u0130N\u015eAAT MALZ.\u0130N\u015e.TAAH.MAD.GIDA SAN.VE T\u0130C.LTD.\u015eT\u0130.<\/td>\n<td style=\"height: 24px; width: 13.3625%;\">K\u00fctahya<\/td>\n<\/tr>\n<tr style=\"height: 24px;\">\n<td style=\"width: 23.2202%; height: 24px;\"><a href=\"http:\/\/www.tamirdeposu.com\">www.tamirdeposu.com<\/a><\/td>\n<td style=\"width: 62.4315%; height: 24px;\">\u00dcNL\u00dc TEKN\u0130K RULMAN T\u0130CARET VE SANAY\u0130 A.\u015e.<\/td>\n<td style=\"width: 13.3625%; height: 24px;\">\u0130zmir<\/td>\n<\/tr>\n<tr style=\"height: 24px;\">\n<td style=\"width: 23.2202%; height: 26px;\"><a href=\"http:\/\/www.hirdavat20.com\">www.hirdavat20.com<\/a><\/td>\n<td style=\"width: 62.4315%; height: 26px;\">\u00d6ZBU OTO \u00c7EL\u0130K CIV. HIRDV. SAN. Ve T\u0130C. LTD. \u015eT\u0130.<\/td>\n<td style=\"width: 13.3625%; height: 26px;\">Denizli<\/td>\n<\/tr>\n<tr style=\"height: 24px;\">\n<td style=\"width: 23.2202%; height: 24px;\"><a style=\"font-family: inherit; font-size: inherit;\" href=\"http:\/\/www.erbayshop.com\">www.erbayshop.com<\/a><\/td>\n<td style=\"width: 62.4315%; height: 24px;\">ERBAY END\u00dcSTR\u0130 VE YAPI MALZEMELER\u0130 PAZ. SAN. T\u0130C. LTD. \u015eT\u0130.<\/td>\n<td style=\"width: 13.3625%; height: 24px;\">Ayd\u0131n<\/td>\n<\/tr>\n<tr style=\"height: 24px;\">\n<td style=\"width: 23.2202%; height: 24px;\"><a href=\"http:\/\/www.e-yapihirdavat.com\">www.e-yapihirdavat.com<\/a><\/td>\n<td style=\"width: 62.4315%; height: 24px;\">DUMANLAR YAPI END.MALZ.T\u0130C.VE SAN.LTD.\u015eT\u0130.<\/td>\n<td style=\"width: 13.3625%; height: 24px;\">Kocaeli<\/td>\n<\/tr>\n<tr style=\"height: 24px;\">\n<td style=\"width: 23.2202%; height: 24px;\"><a href=\"http:\/\/www.reyonpark.com\">www.reyonpark.com<\/a><\/td>\n<td style=\"width: 62.4315%; height: 24px;\">METAR BOYA TA\u015eIMACILIK \u0130ZOLASYON \u0130N\u015e. VE \u0130N\u015e. MALZ. SAN. T\u0130C. LTD. \u015eT\u0130<\/td>\n<td style=\"width: 13.3625%; height: 24px;\">Antalya<\/td>\n<\/tr>\n<tr style=\"height: 24px;\">\n<td style=\"width: 23.2202%; height: 24px;\"><a href=\"https:\/\/www.724magazam.com\/\">www.724magazam.com<\/a><\/td>\n<td style=\"width: 62.4315%; height: 24px;\">AS TEKN\u0130K TEKN\u0130K MALZEME \u0130N\u015e. SAN. VE T\u0130C. LTD \u015eT\u0130<\/td>\n<td style=\"width: 13.3625%; height: 24px;\">\u0130stanbul<\/td>\n<\/tr>\n<tr style=\"height: 24px;\">\n<td style=\"width: 23.2202%; height: 24px;\"><a href=\"http:\/\/www.ikmal.com.tr\">www.ikmal.com.tr<\/a><\/td>\n<td style=\"width: 62.4315%; height: 24px;\">\u0130KMAL TEKN\u0130K SAN.T\u0130C.A.\u015e.<\/td>\n<td style=\"width: 13.3625%; height: 24px;\">Ankara<\/td>\n<\/tr>\n<tr style=\"height: 24px;\">\n<td style=\"width: 23.2202%; height: 24px;\"><a href=\"http:\/\/www.tophanmakina.com\">www.tophanmakina.com<\/a><\/td>\n<td style=\"width: 62.4315%; height: 24px;\">TOPHAN MAK.TAR.HIRD.SAN.T\u0130C.LTD.\u015eT\u0130.<\/td>\n<td style=\"width: 13.3625%; height: 24px;\">Isparta<\/td>\n<\/tr>\n<tr style=\"height: 22px;\">\n<td style=\"width: 23.2202%; height: 22px;\"><a href=\"http:\/\/www.hirdavatim365.com\">www.hirdavatim365.com<\/a><\/td>\n<td style=\"width: 62.4315%; height: 22px;\">Y\u00dcCEL HIRDAVAT<\/td>\n<td style=\"width: 13.3625%; height: 22px;\">\u0130zmir<\/td>\n<\/tr>\n<tr style=\"height: 23px;\">\n<td style=\"width: 23.2202%; height: 23px;\"><a href=\"http:\/\/www.hirdavatforum.com\">www.hirdavatforum.com<\/a><\/td>\n<td style=\"width: 62.4315%; height: 23px;\">UHUD TEK.HRD.SAN.T\u0130C.LTD.\u015eT\u0130.<\/td>\n<td style=\"width: 13.3625%; height: 23px;\">Kayseri<\/td>\n<\/tr>\n<tr style=\"height: 23px;\">\n<td style=\"width: 23.2202%; height: 23px;\"><a href=\"http:\/\/www.endustrimarketin.com\">www.endustrimarketin.com<\/a><\/td>\n<td style=\"width: 62.4315%; height: 23px;\">\u0130NTEGRAL END.TEK.M\u00dcH.\u0130N\u015e.SAN. VE T\u0130C.LTD.\u015eT\u0130.<\/td>\n<td style=\"width: 13.3625%; height: 23px;\">Tekirda\u011f<\/td>\n<\/tr>\n<tr style=\"height: 23px;\">\n<td style=\"width: 23.2202%; height: 23px;\"><a href=\"https:\/\/ihtiyacuzmani.com\/\">www.ihtiyacuzmani.com<\/a><\/td>\n<td style=\"width: 62.4315%; height: 23px;\">KAM\u0130L T\u00dcRK HIRDV.NALB.\u0130N\u015e.MAL.PAZ.SAN.VE T\u0130C.LTD.\u015eT\u0130.<\/td>\n<td style=\"width: 13.3625%; height: 23px;\">Konya<\/td>\n<\/tr>\n<tr style=\"height: 23px;\">\n<td style=\"width: 23.2202%; height: 23px;\"><a href=\"https:\/\/www.ulvibaba.com\/\">www.ulvibaba.com<\/a><\/td>\n<td style=\"width: 62.4315%; height: 23px;\">\u00c7EMASAN \u00c7EL\u0130K MAK.SAN.VE T\u0130C. A.\u015e.<\/td>\n<td style=\"width: 13.3625%; height: 23px;\">Bursa<\/td>\n<\/tr>\n<tr style=\"height: 23px;\">\n<td style=\"width: 23.2202%; height: 23px;\"><a href=\"http:\/\/www.ulusuticaret.com.tr\">www.ulusuticaret.com.tr<\/a><\/td>\n<td style=\"width: 62.4315%; height: 23px;\">ULUSU MAK\u0130NE HIRDAVAT<\/td>\n<td style=\"width: 13.3625%; height: 23px;\">Tokat<\/td>\n<\/tr>\n<tr style=\"height: 23px;\">\n<td style=\"width: 23.2202%; height: 23px;\"><a href=\"https:\/\/www.cokamacli.com\">www.cokamacli.com<\/a><\/td>\n<td style=\"width: 62.4315%; height: 23px;\">LIFE TO FUTURE TEKNOLOJ\u0130 SANAY\u0130 T\u0130CARET A.\u015e.<\/td>\n<td style=\"width: 13.3625%; height: 23px;\">\u0130stanbul<\/td>\n<\/tr>\n<tr style=\"height: 24px;\">\n<td style=\"width: 23.2202%; height: 24px;\"><a href=\"http:\/\/www.tuzlahirdavat.com.tr\">www.tuzlahirdavat.com.tr<\/a><\/td>\n<td style=\"width: 62.4315%; height: 24px;\">TUZLA C\u0130VATA HIRDAVAT VE \u0130N\u015e. SAN. T\u0130C. LTD. \u015eT\u0130.<\/td>\n<td style=\"width: 13.3625%; height: 24px;\">\u0130stanbul<\/td>\n<\/tr>\n<tr>\n<td style=\"width: 23.2202%;\"><a href=\"https:\/\/gungorenstore.com\/\">www.gungorenstore.com<\/a><\/td>\n<td style=\"width: 62.4315%;\">G\u00dcNG\u00d6REN \u0130N\u015eAAT VE M\u00dcHEND\u0130SL\u0130K MEHMET SAL\u0130H C\u0130VA\u015e<\/td>\n<td style=\"width: 13.3625%;\">A\u011fr\u0131<\/td>\n<\/tr>\n<\/tbody>\n<\/table>\n<p>&nbsp;<\/p>\n<\/div>\n<p><\/p>","protected":false},"excerpt":{"rendered":"<p>Web Site Dealers City www.al.com.tr AL NALBUR\u0130YE HIRD.SAN.LTD.\u015eT\u0130. \u0130stanbul www.makineustasi.com BAKIRCIO\u011eLU ELEKTR\u0130K MAK\u0130NA HIR.\u0130N\u015e.NAK.SAN.VE T\u0130C.LTD.\u015eT\u0130. Erzincan www.takimcantam.com CELAL G\u00dcVEN C\u0130VATA T\u0130C.VE SAN.LTD.\u015eT\u0130. \u0130zmir www.civteccivata.com.tr C\u0130VTEC CIVATA A.\u015e \u0130stanbul www.markamakina.com DALYAN MAK.\u0130MAL.SAN.T\u0130C.LTD.ST\u0130. \u00c7orum www.edyapi.com ED YAPI YALITIM \u0130N\u015e.PAZ.\u00dcRT.SAN.VE T\u0130C.LTD.\u015eT\u0130. Elaz\u0131\u011f www.ensarshop.com ENSAR MAK\u0130NA ELEKTR.HIRD.SAN.T\u0130C.LTD.\u015eT\u0130. Sakarya www.dewdepo.com ELC\u0130 TEKN\u0130K AKSAM KARBON Ankara www.hirdavatciamca.com FIRAT YAPI TEKN\u0130K Yalova [&hellip;]<\/p>\n","protected":false},"author":5,"featured_media":0,"parent":0,"menu_order":0,"comment_status":"closed","ping_status":"closed","template":"template-internet_sellers.php","meta":{"_acf_changed":false,"footnotes":""},"class_list":["post-1619","page","type-page","status-publish","hentry"],"acf":[],"yoast_head":"<!-- This site is optimized with the Yoast SEO plugin v25.3 - https:\/\/yoast.com\/wordpress\/plugins\/seo\/ -->\n<title>Online Dealers - \u0130ZELTA\u015e<\/title>\n<meta name=\"robots\" content=\"index, follow, max-snippet:-1, max-image-preview:large, max-video-preview:-1\" \/>\n<link rel=\"canonical\" href=\"https:\/\/izeltas.com.tr\/internetten-satis-yapan-bayiler\/\" \/>\n<meta property=\"og:locale\" content=\"en_US\" \/>\n<meta property=\"og:type\" content=\"article\" \/>\n<meta property=\"og:title\" content=\"[:tr]\u0130nternetten Sat\u0131\u015f Yapan Bayiler[:en]Online Dealers[:] - \u0130ZELTA\u015e\" \/>\n<meta property=\"og:description\" content=\"Web Site Dealers City www.al.com.tr AL NALBUR\u0130YE HIRD.SAN.LTD.\u015eT\u0130. \u0130stanbul www.makineustasi.com BAKIRCIO\u011eLU ELEKTR\u0130K MAK\u0130NA HIR.\u0130N\u015e.NAK.SAN.VE T\u0130C.LTD.\u015eT\u0130. Erzincan www.takimcantam.com CELAL G\u00dcVEN C\u0130VATA T\u0130C.VE SAN.LTD.\u015eT\u0130. \u0130zmir www.civteccivata.com.tr C\u0130VTEC CIVATA A.\u015e \u0130stanbul www.markamakina.com DALYAN MAK.\u0130MAL.SAN.T\u0130C.LTD.ST\u0130. \u00c7orum www.edyapi.com ED YAPI YALITIM \u0130N\u015e.PAZ.\u00dcRT.SAN.VE T\u0130C.LTD.\u015eT\u0130. Elaz\u0131\u011f www.ensarshop.com ENSAR MAK\u0130NA ELEKTR.HIRD.SAN.T\u0130C.LTD.\u015eT\u0130. Sakarya www.dewdepo.com ELC\u0130 TEKN\u0130K AKSAM KARBON Ankara www.hirdavatciamca.com FIRAT YAPI TEKN\u0130K Yalova [&hellip;]\" \/>\n<meta property=\"og:url\" content=\"https:\/\/izeltas.com.tr\/internetten-satis-yapan-bayiler\/\" \/>\n<meta property=\"og:site_name\" content=\"\u0130ZELTA\u015e\" \/>\n<meta property=\"article:modified_time\" content=\"2026-03-13T04:31:22+00:00\" \/>\n<meta name=\"twitter:card\" content=\"summary_large_image\" \/>\n<meta name=\"twitter:label1\" content=\"Est. reading time\" \/>\n\t<meta name=\"twitter:data1\" content=\"3 minutes\" \/>\n<script type=\"application\/ld+json\" class=\"yoast-schema-graph\">{\"@context\":\"https:\/\/schema.org\",\"@graph\":[{\"@type\":\"WebPage\",\"@id\":\"https:\/\/izeltas.com.tr\/internetten-satis-yapan-bayiler\/\",\"url\":\"https:\/\/izeltas.com.tr\/internetten-satis-yapan-bayiler\/\",\"name\":\"[:tr]\u0130nternetten Sat\u0131\u015f Yapan Bayiler[:en]Online Dealers[:] - \u0130ZELTA\u015e\",\"isPartOf\":{\"@id\":\"https:\/\/izeltas.com.tr\/#website\"},\"datePublished\":\"2021-08-31T15:21:28+00:00\",\"dateModified\":\"2026-03-13T04:31:22+00:00\",\"breadcrumb\":{\"@id\":\"https:\/\/izeltas.com.tr\/internetten-satis-yapan-bayiler\/#breadcrumb\"},\"inLanguage\":\"en-US\",\"potentialAction\":[{\"@type\":\"ReadAction\",\"target\":[\"https:\/\/izeltas.com.tr\/internetten-satis-yapan-bayiler\/\"]}]},{\"@type\":\"BreadcrumbList\",\"@id\":\"https:\/\/izeltas.com.tr\/internetten-satis-yapan-bayiler\/#breadcrumb\",\"itemListElement\":[{\"@type\":\"ListItem\",\"position\":1,\"name\":\"Anasayfa\",\"item\":\"https:\/\/izeltas.com.tr\/\"},{\"@type\":\"ListItem\",\"position\":2,\"name\":\"\u0130nternetten Sat\u0131\u015f Yapan Bayiler\"}]},{\"@type\":\"WebSite\",\"@id\":\"https:\/\/izeltas.com.tr\/#website\",\"url\":\"https:\/\/izeltas.com.tr\/\",\"name\":\"\u0130ZELTA\u015e\",\"description\":\"\u0130ZM\u0130R EL ALETLER\u0130 SANAY\u0130 VE T\u0130CARET A\u015e\",\"publisher\":{\"@id\":\"https:\/\/izeltas.com.tr\/#organization\"},\"potentialAction\":[{\"@type\":\"SearchAction\",\"target\":{\"@type\":\"EntryPoint\",\"urlTemplate\":\"https:\/\/izeltas.com.tr\/?s={search_term_string}\"},\"query-input\":{\"@type\":\"PropertyValueSpecification\",\"valueRequired\":true,\"valueName\":\"search_term_string\"}}],\"inLanguage\":\"en-US\"},{\"@type\":\"Organization\",\"@id\":\"https:\/\/izeltas.com.tr\/#organization\",\"name\":\"\u0130ZELTA\u015e\",\"url\":\"https:\/\/izeltas.com.tr\/\",\"logo\":{\"@type\":\"ImageObject\",\"inLanguage\":\"en-US\",\"@id\":\"https:\/\/izeltas.com.tr\/#\/schema\/logo\/image\/\",\"url\":\"https:\/\/izeltas.com.tr\/wp-content\/uploads\/2020\/12\/izeltas-logo.svg\",\"contentUrl\":\"https:\/\/izeltas.com.tr\/wp-content\/uploads\/2020\/12\/izeltas-logo.svg\",\"width\":1,\"height\":1,\"caption\":\"\u0130ZELTA\u015e\"},\"image\":{\"@id\":\"https:\/\/izeltas.com.tr\/#\/schema\/logo\/image\/\"}}]}<\/script>\n<!-- \/ Yoast SEO plugin. -->","yoast_head_json":{"title":"[:tr]\u0130nternetten Sat\u0131\u015f Yapan Bayiler[:en]Online Dealers[:] - \u0130ZELTA\u015e","robots":{"index":"index","follow":"follow","max-snippet":"max-snippet:-1","max-image-preview":"max-image-preview:large","max-video-preview":"max-video-preview:-1"},"canonical":"https:\/\/izeltas.com.tr\/internetten-satis-yapan-bayiler\/","og_locale":"en_US","og_type":"article","og_title":"[:tr]\u0130nternetten Sat\u0131\u015f Yapan Bayiler[:en]Online Dealers[:] - \u0130ZELTA\u015e","og_description":"Web Site Dealers City www.al.com.tr AL NALBUR\u0130YE HIRD.SAN.LTD.\u015eT\u0130. \u0130stanbul www.makineustasi.com BAKIRCIO\u011eLU ELEKTR\u0130K MAK\u0130NA HIR.\u0130N\u015e.NAK.SAN.VE T\u0130C.LTD.\u015eT\u0130. Erzincan www.takimcantam.com CELAL G\u00dcVEN C\u0130VATA T\u0130C.VE SAN.LTD.\u015eT\u0130. \u0130zmir www.civteccivata.com.tr C\u0130VTEC CIVATA A.\u015e \u0130stanbul www.markamakina.com DALYAN MAK.\u0130MAL.SAN.T\u0130C.LTD.ST\u0130. \u00c7orum www.edyapi.com ED YAPI YALITIM \u0130N\u015e.PAZ.\u00dcRT.SAN.VE T\u0130C.LTD.\u015eT\u0130. Elaz\u0131\u011f www.ensarshop.com ENSAR MAK\u0130NA ELEKTR.HIRD.SAN.T\u0130C.LTD.\u015eT\u0130. Sakarya www.dewdepo.com ELC\u0130 TEKN\u0130K AKSAM KARBON Ankara www.hirdavatciamca.com FIRAT YAPI TEKN\u0130K Yalova [&hellip;]","og_url":"https:\/\/izeltas.com.tr\/internetten-satis-yapan-bayiler\/","og_site_name":"\u0130ZELTA\u015e","article_modified_time":"2026-03-13T04:31:22+00:00","twitter_card":"summary_large_image","twitter_misc":{"Est. reading time":"3 minutes"},"schema":{"@context":"https:\/\/schema.org","@graph":[{"@type":"WebPage","@id":"https:\/\/izeltas.com.tr\/internetten-satis-yapan-bayiler\/","url":"https:\/\/izeltas.com.tr\/internetten-satis-yapan-bayiler\/","name":"[:tr]\u0130nternetten Sat\u0131\u015f Yapan Bayiler[:en]Online Dealers[:] - \u0130ZELTA\u015e","isPartOf":{"@id":"https:\/\/izeltas.com.tr\/#website"},"datePublished":"2021-08-31T15:21:28+00:00","dateModified":"2026-03-13T04:31:22+00:00","breadcrumb":{"@id":"https:\/\/izeltas.com.tr\/internetten-satis-yapan-bayiler\/#breadcrumb"},"inLanguage":"en-US","potentialAction":[{"@type":"ReadAction","target":["https:\/\/izeltas.com.tr\/internetten-satis-yapan-bayiler\/"]}]},{"@type":"BreadcrumbList","@id":"https:\/\/izeltas.com.tr\/internetten-satis-yapan-bayiler\/#breadcrumb","itemListElement":[{"@type":"ListItem","position":1,"name":"Anasayfa","item":"https:\/\/izeltas.com.tr\/"},{"@type":"ListItem","position":2,"name":"\u0130nternetten Sat\u0131\u015f Yapan Bayiler"}]},{"@type":"WebSite","@id":"https:\/\/izeltas.com.tr\/#website","url":"https:\/\/izeltas.com.tr\/","name":"\u0130ZELTA\u015e","description":"\u0130ZM\u0130R EL ALETLER\u0130 SANAY\u0130 VE T\u0130CARET A\u015e","publisher":{"@id":"https:\/\/izeltas.com.tr\/#organization"},"potentialAction":[{"@type":"SearchAction","target":{"@type":"EntryPoint","urlTemplate":"https:\/\/izeltas.com.tr\/?s={search_term_string}"},"query-input":{"@type":"PropertyValueSpecification","valueRequired":true,"valueName":"search_term_string"}}],"inLanguage":"en-US"},{"@type":"Organization","@id":"https:\/\/izeltas.com.tr\/#organization","name":"\u0130ZELTA\u015e","url":"https:\/\/izeltas.com.tr\/","logo":{"@type":"ImageObject","inLanguage":"en-US","@id":"https:\/\/izeltas.com.tr\/#\/schema\/logo\/image\/","url":"https:\/\/izeltas.com.tr\/wp-content\/uploads\/2020\/12\/izeltas-logo.svg","contentUrl":"https:\/\/izeltas.com.tr\/wp-content\/uploads\/2020\/12\/izeltas-logo.svg","width":1,"height":1,"caption":"\u0130ZELTA\u015e"},"image":{"@id":"https:\/\/izeltas.com.tr\/#\/schema\/logo\/image\/"}}]}},"_links":{"self":[{"href":"https:\/\/izeltas.com.tr\/en\/wp-json\/wp\/v2\/pages\/1619","targetHints":{"allow":["GET"]}}],"collection":[{"href":"https:\/\/izeltas.com.tr\/en\/wp-json\/wp\/v2\/pages"}],"about":[{"href":"https:\/\/izeltas.com.tr\/en\/wp-json\/wp\/v2\/types\/page"}],"author":[{"embeddable":true,"href":"https:\/\/izeltas.com.tr\/en\/wp-json\/wp\/v2\/users\/5"}],"replies":[{"embeddable":true,"href":"https:\/\/izeltas.com.tr\/en\/wp-json\/wp\/v2\/comments?post=1619"}],"version-history":[{"count":4,"href":"https:\/\/izeltas.com.tr\/en\/wp-json\/wp\/v2\/pages\/1619\/revisions"}],"predecessor-version":[{"id":13094,"href":"https:\/\/izeltas.com.tr\/en\/wp-json\/wp\/v2\/pages\/1619\/revisions\/13094"}],"wp:attachment":[{"href":"https:\/\/izeltas.com.tr\/en\/wp-json\/wp\/v2\/media?parent=1619"}],"curies":[{"name":"wp","href":"https:\/\/api.w.org\/{rel}","templated":true}]}}