{"id":13126,"date":"2026-04-01T09:48:30","date_gmt":"2026-04-01T06:48:30","guid":{"rendered":"https:\/\/izeltas.com.tr\/?page_id=13126"},"modified":"2026-04-02T14:42:20","modified_gmt":"2026-04-02T11:42:20","slug":"staj-360-basvuru-formu","status":"publish","type":"page","link":"https:\/\/izeltas.com.tr\/en\/staj-360-basvuru-formu\/","title":{"rendered":"Staj 360 Application Form"},"content":{"rendered":"<p><\/p>\n<div class=\"form-wrapper\">\n<div class=\"wpcf7 no-js\" id=\"wpcf7-f13048-o1\" lang=\"tr-TR\" dir=\"ltr\" data-wpcf7-id=\"13048\">\n<div class=\"screen-reader-response\"><p role=\"status\" aria-live=\"polite\" aria-atomic=\"true\"><\/p> <ul><\/ul><\/div>\n<form action=\"\/en\/wp-json\/wp\/v2\/pages\/13126#wpcf7-f13048-o1\" method=\"post\" class=\"wpcf7-form init\" aria-label=\"\u0130leti\u015fim Formu\" novalidate=\"novalidate\" data-status=\"init\">\n<div style=\"display: none;\">\n<input type=\"hidden\" name=\"_wpcf7\" value=\"13048\" \/>\n<input type=\"hidden\" name=\"_wpcf7_version\" value=\"6.0.6\" \/>\n<input type=\"hidden\" name=\"_wpcf7_locale\" value=\"tr_TR\" \/>\n<input type=\"hidden\" name=\"_wpcf7_unit_tag\" value=\"wpcf7-f13048-o1\" \/>\n<input type=\"hidden\" name=\"_wpcf7_container_post\" value=\"0\" \/>\n<input type=\"hidden\" name=\"_wpcf7_posted_data_hash\" value=\"\" \/>\n<\/div>\n<div class=\"form-row mb-4\">\n    <div class=\"col-12\">\n        <h3>1. K\u0130\u015e\u0130SEL B\u0130LG\u0130LER<\/h3>\n    <\/div>\n\n    <div class=\"col-md-6\">\n        <label class=\"mb-2\">Ad\u0131 <span class=\"text-danger\">*<\/span><\/label>\n        <span class=\"wpcf7-form-control-wrap\" data-name=\"ad\"><input size=\"40\" maxlength=\"400\" class=\"wpcf7-form-control wpcf7-text wpcf7-validates-as-required form-control custom-form-control mb-3\" aria-required=\"true\" aria-invalid=\"false\" value=\"\" type=\"text\" name=\"ad\" \/><\/span>\n    <\/div>\n\n    <div class=\"col-md-6\">\n        <label class=\"mb-2\">Soyad\u0131 <span class=\"text-danger\">*<\/span><\/label>\n        <span class=\"wpcf7-form-control-wrap\" data-name=\"soyad\"><input size=\"40\" maxlength=\"400\" class=\"wpcf7-form-control wpcf7-text wpcf7-validates-as-required form-control custom-form-control mb-3\" aria-required=\"true\" aria-invalid=\"false\" value=\"\" type=\"text\" name=\"soyad\" \/><\/span>\n    <\/div>\n\n    <div class=\"col-md-6\">\n        <label class=\"mb-2\">Do\u011fum Tarihi <span class=\"text-danger\">*<\/span><\/label>\n        <span class=\"wpcf7-form-control-wrap\" data-name=\"dogum-tarihi\"><input class=\"wpcf7-form-control wpcf7-date wpcf7-validates-as-required wpcf7-validates-as-date form-control custom-form-control mb-3\" aria-required=\"true\" aria-invalid=\"false\" value=\"\" type=\"date\" name=\"dogum-tarihi\" \/><\/span>\n    <\/div>\n\n    <div class=\"col-md-6\">\n        <label class=\"mb-2\">Cinsiyet <span class=\"text-danger\">*<\/span><\/label>\n        <span class=\"wpcf7-form-control-wrap\" data-name=\"cinsiyet\"><select class=\"wpcf7-form-control wpcf7-select wpcf7-validates-as-required form-control custom-form-control mb-3\" aria-required=\"true\" aria-invalid=\"false\" name=\"cinsiyet\"><option value=\"\">&#8212;L\u00fctfen bir se\u00e7enek se\u00e7in&#8212;<\/option><option value=\"Kad\u0131n\">Kad\u0131n<\/option><option value=\"Erkek\">Erkek<\/option><\/select><\/span>\n    <\/div>\n\n    <div class=\"col-md-12\">\n        <label class=\"mb-2\">\u0130kametgah Adresi <span class=\"text-danger\">*<\/span><\/label>\n        <span class=\"wpcf7-form-control-wrap\" data-name=\"adres\"><textarea cols=\"40\" rows=\"10\" maxlength=\"2000\" class=\"wpcf7-form-control wpcf7-textarea wpcf7-validates-as-required form-control custom-form-control mb-3\" aria-required=\"true\" aria-invalid=\"false\" name=\"adres\"><\/textarea><\/span>\n    <\/div>\n\n    <div class=\"col-md-6\">\n        <label class=\"mb-2\">E-posta Adresi <span class=\"text-danger\">*<\/span><\/label>\n        <span class=\"wpcf7-form-control-wrap\" data-name=\"email\"><input size=\"40\" maxlength=\"400\" class=\"wpcf7-form-control wpcf7-email wpcf7-validates-as-required wpcf7-text wpcf7-validates-as-email form-control custom-form-control mb-3\" aria-required=\"true\" aria-invalid=\"false\" value=\"\" type=\"email\" name=\"email\" \/><\/span>\n    <\/div>\n\n    <div class=\"col-md-6\">\n        <label class=\"mb-2\">Telefon Numaras\u0131 <span class=\"text-danger\">*<\/span><\/label>\n      <span class=\"wpcf7-form-control-wrap\" data-name=\"telefon\"><input size=\"40\" maxlength=\"400\" class=\"wpcf7-form-control wpcf7-tel wpcf7-validates-as-required wpcf7-text wpcf7-validates-as-tel form-control custom-form-control mb-3 phone-mask\" aria-required=\"true\" aria-invalid=\"false\" placeholder=\"0(5__) ___ __ __\" value=\"\" type=\"tel\" name=\"telefon\" \/><\/span>\n    <\/div>\n<\/div>\n\n<!-- E\u011e\u0130T\u0130M -->\n<div class=\"form-row mb-4\">\n    <div class=\"col-12\">\n        <h3>2. E\u011e\u0130T\u0130M B\u0130LG\u0130LER\u0130<\/h3>\n    <\/div>\n\n    <div class=\"col-md-3\">\n        <label class=\"mb-2\">E\u011fitim Kurumu <span class=\"text-danger\">*<\/span><\/label>\n        <span class=\"wpcf7-form-control-wrap\" data-name=\"egitim-kurumu\"><select class=\"wpcf7-form-control wpcf7-select wpcf7-validates-as-required form-control custom-form-control mb-3\" aria-required=\"true\" aria-invalid=\"false\" name=\"egitim-kurumu\"><option value=\"\">&#8212;L\u00fctfen bir se\u00e7enek se\u00e7in&#8212;<\/option><option value=\"\u00dcniversite\">\u00dcniversite<\/option><option value=\"Meslek Y\u00fcksek Okulu\">Meslek Y\u00fcksek Okulu<\/option><option value=\"Lise\">Lise<\/option><\/select><\/span>\n    <\/div>\n\n    <div class=\"col-md-3\">\n        <label class=\"mb-2\">Okul Ad\u0131 <span class=\"text-danger\">*<\/span><\/label>\n        <span class=\"wpcf7-form-control-wrap\" data-name=\"okul-adi\"><input size=\"40\" maxlength=\"400\" class=\"wpcf7-form-control wpcf7-text wpcf7-validates-as-required form-control custom-form-control mb-3\" aria-required=\"true\" aria-invalid=\"false\" value=\"\" type=\"text\" name=\"okul-adi\" \/><\/span>\n    <\/div>\n\n    <div class=\"col-md-3\">\n        <label class=\"mb-2\">B\u00f6l\u00fcm <span class=\"text-danger\">*<\/span><\/label>\n        <span class=\"wpcf7-form-control-wrap\" data-name=\"bolum-adi\"><input size=\"40\" maxlength=\"400\" class=\"wpcf7-form-control wpcf7-text wpcf7-validates-as-required form-control custom-form-control mb-3\" aria-required=\"true\" aria-invalid=\"false\" value=\"\" type=\"text\" name=\"bolum-adi\" \/><\/span>\n    <\/div>\n\n    <div class=\"col-md-1\">\n        <label class=\"mb-2\">S\u0131n\u0131f <span class=\"text-danger\">*<\/span><\/label>\n        <span class=\"wpcf7-form-control-wrap\" data-name=\"sinif\"><input size=\"40\" maxlength=\"400\" class=\"wpcf7-form-control wpcf7-text wpcf7-validates-as-required form-control custom-form-control mb-3\" aria-required=\"true\" aria-invalid=\"false\" value=\"\" type=\"text\" name=\"sinif\" \/><\/span>\n    <\/div>\n\n    <div class=\"col-md-2\">\n        <label class=\"mb-2\">Durum <span class=\"text-danger\">*<\/span><\/label>\n        <span class=\"wpcf7-form-control-wrap\" data-name=\"egitim-durum\"><select class=\"wpcf7-form-control wpcf7-select wpcf7-validates-as-required form-control custom-form-control mb-3\" aria-required=\"true\" aria-invalid=\"false\" name=\"egitim-durum\"><option value=\"\">&#8212;L\u00fctfen bir se\u00e7enek se\u00e7in&#8212;<\/option><option value=\"Devam Ediyor\">Devam Ediyor<\/option><option value=\"Mezun\">Mezun<\/option><\/select><\/span>\n    <\/div>\n\n    <div class=\"col-md-2\">\n        <label class=\"mb-2\">Not Ortalamas\u0131 <span class=\"text-danger\">*<\/span><\/label>\n        <span class=\"wpcf7-form-control-wrap\" data-name=\"not-ortalamasi\"><input size=\"40\" maxlength=\"400\" class=\"wpcf7-form-control wpcf7-text wpcf7-validates-as-required form-control custom-form-control mb-3\" aria-required=\"true\" aria-invalid=\"false\" value=\"\" type=\"text\" name=\"not-ortalamasi\" \/><\/span>\n    <\/div>\n<\/div>\n\n<!-- STAJ -->\n<div class=\"form-row mb-4\">\n    <div class=\"col-12\">\n        <h3>3. STAJ B\u0130LG\u0130LER\u0130<\/h3>\n    <\/div>\n\n    <div class=\"col-md-3\">\n        <label class=\"mb-2\">Staj Ba\u015flang\u0131\u00e7 <span class=\"text-danger\">*<\/span><\/label>\n        <span class=\"wpcf7-form-control-wrap\" data-name=\"staj-baslangic\"><input class=\"wpcf7-form-control wpcf7-date wpcf7-validates-as-required wpcf7-validates-as-date form-control custom-form-control mb-3\" aria-required=\"true\" aria-invalid=\"false\" value=\"\" type=\"date\" name=\"staj-baslangic\" \/><\/span>\n    <\/div>\n\n    <div class=\"col-md-3\">\n        <label class=\"mb-2\">Staj Biti\u015f <span class=\"text-danger\">*<\/span><\/label>\n        <span class=\"wpcf7-form-control-wrap\" data-name=\"staj-bitis\"><input class=\"wpcf7-form-control wpcf7-date wpcf7-validates-as-required wpcf7-validates-as-date form-control custom-form-control mb-3\" aria-required=\"true\" aria-invalid=\"false\" value=\"\" type=\"date\" name=\"staj-bitis\" \/><\/span>\n    <\/div>\n\n    <div class=\"col-md-3\">\n        <label class=\"mb-2\">Staj T\u00fcr\u00fc <span class=\"text-danger\">*<\/span><\/label>\n        <span class=\"wpcf7-form-control-wrap\" data-name=\"staj-turu\"><select class=\"wpcf7-form-control wpcf7-select wpcf7-validates-as-required form-control custom-form-control mb-3\" aria-required=\"true\" aria-invalid=\"false\" name=\"staj-turu\"><option value=\"\">&#8212;L\u00fctfen bir se\u00e7enek se\u00e7in&#8212;<\/option><option value=\"Zorunlu\">Zorunlu<\/option><option value=\"G\u00f6n\u00fcll\u00fc\">G\u00f6n\u00fcll\u00fc<\/option><\/select><\/span>\n    <\/div>\n \n\t\n    <div class=\"col-md-4\">\n    <label class=\"mb-2\">Sigorta Durumu <span class=\"text-danger\">*<\/span><\/label>\n\t<p style=\" font-size: 16px; \">Staj s\u00fcresince \u0130\u015f Kazas\u0131 ve Meslek Hastal\u0131\u011f\u0131 Sigortan\u0131z okulunuz taraf\u0131ndan kar\u015f\u0131lan\u0131yor mu?<\/p>\n\n        <span class=\"wpcf7-form-control-wrap\" data-name=\"sigorta-durumu\"><select class=\"wpcf7-form-control wpcf7-select wpcf7-validates-as-required form-control custom-form-control mb-3\" aria-required=\"true\" aria-invalid=\"false\" name=\"sigorta-durumu\"><option value=\"\">&#8212;L\u00fctfen bir se\u00e7enek se\u00e7in&#8212;<\/option><option value=\"Kar\u015f\u0131lan\u0131yor\">Kar\u015f\u0131lan\u0131yor<\/option><option value=\"Kar\u015f\u0131lanm\u0131yor\">Kar\u015f\u0131lanm\u0131yor<\/option><\/select><\/span> \n<\/div>\n<\/div>\n\n<!-- REFERANSLAR (OPS\u0130YONEL) -->\n<div class=\"form-row mb-4\">\n    <div class=\"col-12\">\n        <h3>4. REFERANSLAR<\/h3>\n    <\/div>\n\n    <div class=\"col-md-4\">\n        <label class=\"mb-2\">Ad\u0131 Soyad\u0131<\/label>\n        <span class=\"wpcf7-form-control-wrap\" data-name=\"referans1-ad\"><input size=\"40\" maxlength=\"400\" class=\"wpcf7-form-control wpcf7-text form-control custom-form-control mb-3\" aria-invalid=\"false\" value=\"\" type=\"text\" name=\"referans1-ad\" \/><\/span>\n    <\/div>\n\n    <div class=\"col-md-4\">\n        <label class=\"mb-2\">G\u00f6revi<\/label>\n        <span class=\"wpcf7-form-control-wrap\" data-name=\"referans1-gorev\"><input size=\"40\" maxlength=\"400\" class=\"wpcf7-form-control wpcf7-text form-control custom-form-control mb-3\" aria-invalid=\"false\" value=\"\" type=\"text\" name=\"referans1-gorev\" \/><\/span>\n    <\/div>\n\n    <div class=\"col-md-4\">\n        <label class=\"mb-2\">Telefon \/ E-posta<\/label>\n        <span class=\"wpcf7-form-control-wrap\" data-name=\"referans1-iletisim\"><input size=\"40\" maxlength=\"400\" class=\"wpcf7-form-control wpcf7-text form-control custom-form-control mb-3\" aria-invalid=\"false\" value=\"\" type=\"text\" name=\"referans1-iletisim\" \/><\/span>\n    <\/div>\n\n    <div class=\"col-md-4\">\n        <label class=\"mb-2\">Ad\u0131 Soyad\u0131<\/label>\n        <span class=\"wpcf7-form-control-wrap\" data-name=\"referans2-ad\"><input size=\"40\" maxlength=\"400\" class=\"wpcf7-form-control wpcf7-text form-control custom-form-control mb-3\" aria-invalid=\"false\" value=\"\" type=\"text\" name=\"referans2-ad\" \/><\/span>\n    <\/div>\n\n    <div class=\"col-md-4\">\n        <label class=\"mb-2\">G\u00f6revi<\/label>\n        <span class=\"wpcf7-form-control-wrap\" data-name=\"referans2-gorev\"><input size=\"40\" maxlength=\"400\" class=\"wpcf7-form-control wpcf7-text form-control custom-form-control mb-3\" aria-invalid=\"false\" value=\"\" type=\"text\" name=\"referans2-gorev\" \/><\/span>\n    <\/div>\n\n    <div class=\"col-md-4\">\n        <label class=\"mb-2\">Telefon \/ E-posta<\/label>\n        <span class=\"wpcf7-form-control-wrap\" data-name=\"referans2-iletisim\"><input size=\"40\" maxlength=\"400\" class=\"wpcf7-form-control wpcf7-text form-control custom-form-control mb-3\" aria-invalid=\"false\" value=\"\" type=\"text\" name=\"referans2-iletisim\" \/><\/span>\n    <\/div>\n<\/div>\n\n<!-- BEYAN -->\n<div class=\"form-row\">\n    <div class=\"col-12\">\n        <h3>5. \u00d6\u011eRENC\u0130 BEYANI<\/h3>\n    <\/div>\n\n    <div class=\"col-12\">\n        <div class=\"form-check my-2\">\n            <span class=\"wpcf7-form-control-wrap\" data-name=\"ogrenci-beyan\"><span class=\"wpcf7-form-control wpcf7-acceptance\"><span class=\"wpcf7-list-item\"><label><input type=\"checkbox\" name=\"ogrenci-beyan\" value=\"1\" class=\"form-check-input custom-form-check-input\" aria-invalid=\"false\" \/><span class=\"wpcf7-list-item-label\"><p>\n           Yukar\u0131da verdi\u011fim bilgilerin do\u011fru oldu\u011funu, staj s\u00fcresince kurum kurallar\u0131na i\u015f sa\u011fl\u0131\u011f\u0131 ve g\u00fcvenli\u011fi uygulamalar\u0131na uyaca\u011f\u0131m\u0131 ve belirtilen y\u00fck\u00fcml\u00fcl\u00fckleri kabul etti\u011fimi beyan ederim.\n            <\/p><\/span><\/label><\/span><\/span><\/span>\n        <\/div>\n    <\/div>\n\n    <div class=\"col-md-4\">\n        <label class=\"mb-2\">Ad\u0131 Soyad\u0131 <span class=\"text-danger\">*<\/span><\/label>\n        <span class=\"wpcf7-form-control-wrap\" data-name=\"beyan-ad\"><input size=\"40\" maxlength=\"400\" class=\"wpcf7-form-control wpcf7-text wpcf7-validates-as-required form-control custom-form-control mb-3\" aria-required=\"true\" aria-invalid=\"false\" value=\"\" type=\"text\" name=\"beyan-ad\" \/><\/span>\n    <\/div>\n\n    <div class=\"col-md-4\">\n        <label class=\"mb-2\">Tarih <span class=\"text-danger\">*<\/span><\/label>\n        <span class=\"wpcf7-form-control-wrap\" data-name=\"beyan-tarih\"><input class=\"wpcf7-form-control wpcf7-date wpcf7-validates-as-required wpcf7-validates-as-date form-control custom-form-control mb-3\" aria-required=\"true\" aria-invalid=\"false\" value=\"\" type=\"date\" name=\"beyan-tarih\" \/><\/span>\n    <\/div>\n<\/div>\n\n<!-- TANITIM -->\n<div class=\"form-row\">\n    <div class=\"col-12\">\n        <h3>6. SEN\u0130 TANIYALIM!<\/h3>\n    <\/div>\n\n    <div class=\"col-12\"> \n        <label class=\"mb-2\">Seni daha yak\u0131ndan tan\u0131yabilmemiz i\u00e7in STAJ360 program\u0131na kat\u0131lma amac\u0131n\u0131 ve bu programdan beklentilerini k\u0131saca bizimle payla\u015fman\u0131 rica ediyoruz. <span class=\"text-danger\">*<\/span><\/label>\n        <span class=\"wpcf7-form-control-wrap\" data-name=\"senitaniyalim\"><textarea cols=\"40\" rows=\"10\" maxlength=\"2000\" class=\"wpcf7-form-control wpcf7-textarea wpcf7-validates-as-required form-control custom-form-control mb-3\" aria-required=\"true\" aria-invalid=\"false\" name=\"senitaniyalim\"><\/textarea><\/span>\n    <\/div>\n<\/div>\n\n<!-- KVKK -->\n<div class=\"form-row\">\n    <div class=\"col-md-12 d-flex \">\n        <div class=\"form-check my-2\">\n            <span class=\"wpcf7-form-control-wrap\" data-name=\"kvkk-onay\"><span class=\"wpcf7-form-control wpcf7-acceptance\"><span class=\"wpcf7-list-item\"><label><input type=\"checkbox\" name=\"kvkk-onay\" value=\"1\" class=\"form-check-input custom-form-check-input\" aria-invalid=\"false\" \/><span class=\"wpcf7-list-item-label\"><p>\n                KVKK metnini okudum ve onayl\u0131yorum.\n            <\/p><\/span><\/label><\/span><\/span><\/span>\n        <\/div>\n    <\/div>\n\n    <div class=\"col-md-4 d-flex \">\n        <input class=\"wpcf7-form-control wpcf7-submit has-spinner btn btn-primary w-100\" type=\"submit\" value=\"G\u00f6nder\" \/>\n    <\/div>\n<\/div><input type='hidden' class='wpcf7-pum' value='{\"closepopup\":false,\"closedelay\":0,\"openpopup\":false,\"openpopup_id\":0}' \/><div class=\"wpcf7-response-output\" aria-hidden=\"true\"><\/div>\n<\/form>\n<\/div>\n<\/div>\n<p><\/p>","protected":false},"excerpt":{"rendered":"","protected":false},"author":5,"featured_media":0,"parent":0,"menu_order":0,"comment_status":"closed","ping_status":"closed","template":"","meta":{"_acf_changed":false,"footnotes":""},"class_list":["post-13126","page","type-page","status-publish","hentry"],"acf":[],"yoast_head":"<!-- This site is optimized with the Yoast SEO plugin v25.3 - https:\/\/yoast.com\/wordpress\/plugins\/seo\/ -->\n<title>Staj 360 Application Form - \u0130ZELTA\u015e<\/title>\n<meta name=\"robots\" content=\"index, follow, max-snippet:-1, max-image-preview:large, max-video-preview:-1\" \/>\n<link rel=\"canonical\" href=\"https:\/\/izeltas.com.tr\/staj-360-basvuru-formu\/\" \/>\n<meta property=\"og:locale\" content=\"en_US\" \/>\n<meta property=\"og:type\" content=\"article\" \/>\n<meta property=\"og:title\" content=\"[:tr]Staj 360 Ba\u015fvuru Formu[:en]Staj 360 Application Form[:] - \u0130ZELTA\u015e\" \/>\n<meta property=\"og:url\" content=\"https:\/\/izeltas.com.tr\/staj-360-basvuru-formu\/\" \/>\n<meta property=\"og:site_name\" content=\"\u0130ZELTA\u015e\" \/>\n<meta property=\"article:modified_time\" content=\"2026-04-02T11:42:20+00:00\" \/>\n<meta property=\"og:image\" content=\"https:\/\/izeltas.com.tr\/wp-content\/uploads\/2026\/03\/Staj360-wlogo-768x443.png.webp\" \/>\n<meta name=\"twitter:card\" content=\"summary_large_image\" \/>\n<meta name=\"twitter:label1\" content=\"Est. reading time\" \/>\n\t<meta name=\"twitter:data1\" content=\"2 minutes\" \/>\n<script type=\"application\/ld+json\" class=\"yoast-schema-graph\">{\"@context\":\"https:\/\/schema.org\",\"@graph\":[{\"@type\":\"WebPage\",\"@id\":\"https:\/\/izeltas.com.tr\/staj-360-basvuru-formu\/\",\"url\":\"https:\/\/izeltas.com.tr\/staj-360-basvuru-formu\/\",\"name\":\"[:tr]Staj 360 Ba\u015fvuru Formu[:en]Staj 360 Application Form[:] - \u0130ZELTA\u015e\",\"isPartOf\":{\"@id\":\"https:\/\/izeltas.com.tr\/#website\"},\"primaryImageOfPage\":{\"@id\":\"https:\/\/izeltas.com.tr\/staj-360-basvuru-formu\/#primaryimage\"},\"image\":{\"@id\":\"https:\/\/izeltas.com.tr\/staj-360-basvuru-formu\/#primaryimage\"},\"thumbnailUrl\":\"https:\/\/izeltas.com.tr\/wp-content\/uploads\/2026\/03\/Staj360-wlogo-768x443.png.webp\",\"datePublished\":\"2026-04-01T06:48:30+00:00\",\"dateModified\":\"2026-04-02T11:42:20+00:00\",\"breadcrumb\":{\"@id\":\"https:\/\/izeltas.com.tr\/staj-360-basvuru-formu\/#breadcrumb\"},\"inLanguage\":\"en-US\",\"potentialAction\":[{\"@type\":\"ReadAction\",\"target\":[\"https:\/\/izeltas.com.tr\/staj-360-basvuru-formu\/\"]}]},{\"@type\":\"ImageObject\",\"inLanguage\":\"en-US\",\"@id\":\"https:\/\/izeltas.com.tr\/staj-360-basvuru-formu\/#primaryimage\",\"url\":\"https:\/\/izeltas.com.tr\/wp-content\/uploads\/2026\/03\/Staj360-wlogo-768x443.png.webp\",\"contentUrl\":\"https:\/\/izeltas.com.tr\/wp-content\/uploads\/2026\/03\/Staj360-wlogo-768x443.png.webp\"},{\"@type\":\"BreadcrumbList\",\"@id\":\"https:\/\/izeltas.com.tr\/staj-360-basvuru-formu\/#breadcrumb\",\"itemListElement\":[{\"@type\":\"ListItem\",\"position\":1,\"name\":\"Anasayfa\",\"item\":\"https:\/\/izeltas.com.tr\/\"},{\"@type\":\"ListItem\",\"position\":2,\"name\":\"Staj 360 Ba\u015fvuru Formu\"}]},{\"@type\":\"WebSite\",\"@id\":\"https:\/\/izeltas.com.tr\/#website\",\"url\":\"https:\/\/izeltas.com.tr\/\",\"name\":\"\u0130ZELTA\u015e\",\"description\":\"\u0130ZM\u0130R EL ALETLER\u0130 SANAY\u0130 VE T\u0130CARET A\u015e\",\"publisher\":{\"@id\":\"https:\/\/izeltas.com.tr\/#organization\"},\"potentialAction\":[{\"@type\":\"SearchAction\",\"target\":{\"@type\":\"EntryPoint\",\"urlTemplate\":\"https:\/\/izeltas.com.tr\/?s={search_term_string}\"},\"query-input\":{\"@type\":\"PropertyValueSpecification\",\"valueRequired\":true,\"valueName\":\"search_term_string\"}}],\"inLanguage\":\"en-US\"},{\"@type\":\"Organization\",\"@id\":\"https:\/\/izeltas.com.tr\/#organization\",\"name\":\"\u0130ZELTA\u015e\",\"url\":\"https:\/\/izeltas.com.tr\/\",\"logo\":{\"@type\":\"ImageObject\",\"inLanguage\":\"en-US\",\"@id\":\"https:\/\/izeltas.com.tr\/#\/schema\/logo\/image\/\",\"url\":\"https:\/\/izeltas.com.tr\/wp-content\/uploads\/2020\/12\/izeltas-logo.svg\",\"contentUrl\":\"https:\/\/izeltas.com.tr\/wp-content\/uploads\/2020\/12\/izeltas-logo.svg\",\"width\":1,\"height\":1,\"caption\":\"\u0130ZELTA\u015e\"},\"image\":{\"@id\":\"https:\/\/izeltas.com.tr\/#\/schema\/logo\/image\/\"}}]}<\/script>\n<!-- \/ Yoast SEO plugin. -->","yoast_head_json":{"title":"[:tr]Staj 360 Ba\u015fvuru Formu[:en]Staj 360 Application Form[:] - \u0130ZELTA\u015e","robots":{"index":"index","follow":"follow","max-snippet":"max-snippet:-1","max-image-preview":"max-image-preview:large","max-video-preview":"max-video-preview:-1"},"canonical":"https:\/\/izeltas.com.tr\/staj-360-basvuru-formu\/","og_locale":"en_US","og_type":"article","og_title":"[:tr]Staj 360 Ba\u015fvuru Formu[:en]Staj 360 Application Form[:] - \u0130ZELTA\u015e","og_url":"https:\/\/izeltas.com.tr\/staj-360-basvuru-formu\/","og_site_name":"\u0130ZELTA\u015e","article_modified_time":"2026-04-02T11:42:20+00:00","og_image":[{"url":"https:\/\/izeltas.com.tr\/wp-content\/uploads\/2026\/03\/Staj360-wlogo-768x443.png.webp","type":"","width":"","height":""}],"twitter_card":"summary_large_image","twitter_misc":{"Est. reading time":"2 minutes"},"schema":{"@context":"https:\/\/schema.org","@graph":[{"@type":"WebPage","@id":"https:\/\/izeltas.com.tr\/staj-360-basvuru-formu\/","url":"https:\/\/izeltas.com.tr\/staj-360-basvuru-formu\/","name":"[:tr]Staj 360 Ba\u015fvuru Formu[:en]Staj 360 Application Form[:] - \u0130ZELTA\u015e","isPartOf":{"@id":"https:\/\/izeltas.com.tr\/#website"},"primaryImageOfPage":{"@id":"https:\/\/izeltas.com.tr\/staj-360-basvuru-formu\/#primaryimage"},"image":{"@id":"https:\/\/izeltas.com.tr\/staj-360-basvuru-formu\/#primaryimage"},"thumbnailUrl":"https:\/\/izeltas.com.tr\/wp-content\/uploads\/2026\/03\/Staj360-wlogo-768x443.png.webp","datePublished":"2026-04-01T06:48:30+00:00","dateModified":"2026-04-02T11:42:20+00:00","breadcrumb":{"@id":"https:\/\/izeltas.com.tr\/staj-360-basvuru-formu\/#breadcrumb"},"inLanguage":"en-US","potentialAction":[{"@type":"ReadAction","target":["https:\/\/izeltas.com.tr\/staj-360-basvuru-formu\/"]}]},{"@type":"ImageObject","inLanguage":"en-US","@id":"https:\/\/izeltas.com.tr\/staj-360-basvuru-formu\/#primaryimage","url":"https:\/\/izeltas.com.tr\/wp-content\/uploads\/2026\/03\/Staj360-wlogo-768x443.png.webp","contentUrl":"https:\/\/izeltas.com.tr\/wp-content\/uploads\/2026\/03\/Staj360-wlogo-768x443.png.webp"},{"@type":"BreadcrumbList","@id":"https:\/\/izeltas.com.tr\/staj-360-basvuru-formu\/#breadcrumb","itemListElement":[{"@type":"ListItem","position":1,"name":"Anasayfa","item":"https:\/\/izeltas.com.tr\/"},{"@type":"ListItem","position":2,"name":"Staj 360 Ba\u015fvuru Formu"}]},{"@type":"WebSite","@id":"https:\/\/izeltas.com.tr\/#website","url":"https:\/\/izeltas.com.tr\/","name":"\u0130ZELTA\u015e","description":"\u0130ZM\u0130R EL ALETLER\u0130 SANAY\u0130 VE T\u0130CARET A\u015e","publisher":{"@id":"https:\/\/izeltas.com.tr\/#organization"},"potentialAction":[{"@type":"SearchAction","target":{"@type":"EntryPoint","urlTemplate":"https:\/\/izeltas.com.tr\/?s={search_term_string}"},"query-input":{"@type":"PropertyValueSpecification","valueRequired":true,"valueName":"search_term_string"}}],"inLanguage":"en-US"},{"@type":"Organization","@id":"https:\/\/izeltas.com.tr\/#organization","name":"\u0130ZELTA\u015e","url":"https:\/\/izeltas.com.tr\/","logo":{"@type":"ImageObject","inLanguage":"en-US","@id":"https:\/\/izeltas.com.tr\/#\/schema\/logo\/image\/","url":"https:\/\/izeltas.com.tr\/wp-content\/uploads\/2020\/12\/izeltas-logo.svg","contentUrl":"https:\/\/izeltas.com.tr\/wp-content\/uploads\/2020\/12\/izeltas-logo.svg","width":1,"height":1,"caption":"\u0130ZELTA\u015e"},"image":{"@id":"https:\/\/izeltas.com.tr\/#\/schema\/logo\/image\/"}}]}},"_links":{"self":[{"href":"https:\/\/izeltas.com.tr\/en\/wp-json\/wp\/v2\/pages\/13126","targetHints":{"allow":["GET"]}}],"collection":[{"href":"https:\/\/izeltas.com.tr\/en\/wp-json\/wp\/v2\/pages"}],"about":[{"href":"https:\/\/izeltas.com.tr\/en\/wp-json\/wp\/v2\/types\/page"}],"author":[{"embeddable":true,"href":"https:\/\/izeltas.com.tr\/en\/wp-json\/wp\/v2\/users\/5"}],"replies":[{"embeddable":true,"href":"https:\/\/izeltas.com.tr\/en\/wp-json\/wp\/v2\/comments?post=13126"}],"version-history":[{"count":23,"href":"https:\/\/izeltas.com.tr\/en\/wp-json\/wp\/v2\/pages\/13126\/revisions"}],"predecessor-version":[{"id":13178,"href":"https:\/\/izeltas.com.tr\/en\/wp-json\/wp\/v2\/pages\/13126\/revisions\/13178"}],"wp:attachment":[{"href":"https:\/\/izeltas.com.tr\/en\/wp-json\/wp\/v2\/media?parent=13126"}],"curies":[{"name":"wp","href":"https:\/\/api.w.org\/{rel}","templated":true}]}}